{"id":8350,"date":"2024-11-25T12:30:12","date_gmt":"2024-11-25T12:30:12","guid":{"rendered":"https:\/\/kallik.is\/product\/juicy-marbles-vegan-750g-lund\/"},"modified":"2026-04-20T13:13:59","modified_gmt":"2026-04-20T13:13:59","slug":"juicy-marbles-vegan-750g-lund","status":"publish","type":"product","link":"https:\/\/kallik.is\/en\/product\/juicy-marbles-vegan-750g-lund\/","title":{"rendered":"Juicy Marbles vegan 750g lund 3stk \u00ed pk"},"content":{"rendered":"<p>Vatn, sojapr\u00f3tein\u00cfykkni (27%), s\u00f3lbl\u00f3maol\u00eda, n\u00e1tt\u00faruleg brag\u00a8efni, rau\u00a8r\u00f3fusafa\u00cfykkni, \u00cfykkingarefni (karragenan, met\u00d5lsellul\u00f3sa), v\u00edtam\u00edn B12<\/p>\n<p>N\u00e6ringarfr\u00e6\u00a8i \u00ed 100 g:<\/p>\n<p>Orkugildi 652kJ\/156kcal, Heildarfita 7,0g (\u00cfar af mettu\u00a8 0,8g), Heildarkolvetni 2,4g (\u00cfar af sykri 0,9g), F\u00e6\u00a8utrefjar 5,9g, Pr\u00f3tein 18g, Salt 0,78g, J\u00e1rn 4 ,8mg (34% NV*), B12 v\u00edtam\u00edn 1,25\u00b5g (50% NV*)<\/p>\n<p>*NV:&nbsp;Hlutfall af n\u00e6ringarvi\u00a8mi\u00a8unargildum:&nbsp;(8400 kJ\/2000 kcal)<\/p>","protected":false},"excerpt":{"rendered":"<p>Vatn, sojapr\u00f3tein\u00cfykkni (27%), s\u00f3lbl\u00f3maol\u00eda, n\u00e1tt\u00faruleg brag\u00a8efni, rau\u00a8r\u00f3fusafa\u00cfykkni, \u00cfykkingarefni (karragenan, met\u00d5lsellul\u00f3sa), v\u00edtam\u00edn B12 N\u00e6ringarfr\u00e6\u00a8i \u00ed 100 g: Orkugildi 652kJ\/156kcal, Heildarfita 7,0g (\u00cfar af mettu\u00a8 0,8g), Heildarkolvetni 2,4g (\u00cfar af sykri 0,9g), F\u00e6\u00a8utrefjar 5,9g, Pr\u00f3tein 18g, Salt 0,78g, J\u00e1rn 4 ,8mg (34% NV*), B12 v\u00edtam\u00edn 1,25\u00b5g (50% NV*) *NV:&nbsp;Hlutfall af n\u00e6ringarvi\u00a8mi\u00a8unargildum:&nbsp;(8400 kJ\/2000 kcal)<\/p>","protected":false},"featured_media":8349,"comment_status":"closed","ping_status":"closed","template":"","meta":{"_acf_changed":false},"product_brand":[],"product_cat":[17],"product_tag":[],"class_list":{"0":"post-8350","1":"product","2":"type-product","3":"status-publish","4":"has-post-thumbnail","6":"product_cat-vegan","8":"first","9":"instock","10":"taxable","11":"shipping-taxable","12":"purchasable","13":"product-type-simple"},"acf":[],"jetpack_sharing_enabled":true,"_links":{"self":[{"href":"https:\/\/kallik.is\/en\/wp-json\/wp\/v2\/product\/8350","targetHints":{"allow":["GET"]}}],"collection":[{"href":"https:\/\/kallik.is\/en\/wp-json\/wp\/v2\/product"}],"about":[{"href":"https:\/\/kallik.is\/en\/wp-json\/wp\/v2\/types\/product"}],"replies":[{"embeddable":true,"href":"https:\/\/kallik.is\/en\/wp-json\/wp\/v2\/comments?post=8350"}],"wp:featuredmedia":[{"embeddable":true,"href":"https:\/\/kallik.is\/en\/wp-json\/wp\/v2\/media\/8349"}],"wp:attachment":[{"href":"https:\/\/kallik.is\/en\/wp-json\/wp\/v2\/media?parent=8350"}],"wp:term":[{"taxonomy":"product_brand","embeddable":true,"href":"https:\/\/kallik.is\/en\/wp-json\/wp\/v2\/product_brand?post=8350"},{"taxonomy":"product_cat","embeddable":true,"href":"https:\/\/kallik.is\/en\/wp-json\/wp\/v2\/product_cat?post=8350"},{"taxonomy":"product_tag","embeddable":true,"href":"https:\/\/kallik.is\/en\/wp-json\/wp\/v2\/product_tag?post=8350"}],"curies":[{"name":"wp","href":"https:\/\/api.w.org\/{rel}","templated":true}]}}