{"id":8340,"date":"2024-11-21T09:57:29","date_gmt":"2024-11-21T09:57:29","guid":{"rendered":"https:\/\/kallik.is\/product\/fria-hafrabraud-gluten-free-x6\/"},"modified":"2026-04-30T15:53:02","modified_gmt":"2026-04-30T15:53:02","slug":"fria-hafrabraud-gluten-free-x6","status":"publish","type":"product","link":"https:\/\/kallik.is\/en\/product\/fria-hafrabraud-gluten-free-x6\/","title":{"rendered":"Fria Hafrabrau\u00f0 Gluten Free x6"},"content":{"rendered":"<p>Gl\u00fatenlaus hveitisterkja, vatn, gl\u00fatenfr\u00edar heilkorna hafrafl\u00f6gur (13%), gl\u00fatenlaust malt\u00feykkni (korn), \u00feykkingarefni (sellul\u00f3sag\u00famm\u00ed, g\u00faarg\u00famm\u00ed, xantang\u00famm\u00ed), malt\u00f3dextr\u00edn (korn), s\u00edr\u00f3p (a\u00f0eins sem gern\u00e6ring), ger, repjuol\u00eda, psyllium h\u00fd\u00f0i, ma\u00edssterkja, \u00fdruefni (lesit\u00edn [rapja], ein- og tv\u00edgl\u00fdser\u00ed\u00f0 fitus\u00fdra [veg.]), salt, brag\u00f0efni. Inniheldur 13% heilkorn.<\/p>\n","protected":false},"excerpt":{"rendered":"<p>Gl\u00fatenlaus hveitisterkja, vatn, gl\u00fatenfr\u00edar heilkorna hafrafl\u00f6gur (13%), gl\u00fatenlaust malt\u00feykkni (korn), \u00feykkingarefni (sellul\u00f3sag\u00famm\u00ed, g\u00faarg\u00famm\u00ed, xantang\u00famm\u00ed), malt\u00f3dextr\u00edn (korn), s\u00edr\u00f3p (a\u00f0eins sem gern\u00e6ring), ger, repjuol\u00eda, psyllium h\u00fd\u00f0i, ma\u00edssterkja, \u00fdruefni (lesit\u00edn [rapja], ein- og tv\u00edgl\u00fdser\u00ed\u00f0 fitus\u00fdra [veg.]), salt, brag\u00f0efni. Inniheldur 13% heilkorn.<\/p>\n","protected":false},"featured_media":23283,"comment_status":"closed","ping_status":"closed","template":"","meta":{"_acf_changed":false},"product_brand":[],"product_cat":[166,173],"product_tag":[],"class_list":{"0":"post-8340","1":"product","2":"type-product","3":"status-publish","4":"has-post-thumbnail","6":"product_cat-braud","7":"product_cat-glutenlaust","9":"first","10":"instock","11":"taxable","12":"shipping-taxable","13":"purchasable","14":"product-type-simple"},"acf":[],"jetpack_sharing_enabled":true,"_links":{"self":[{"href":"https:\/\/kallik.is\/en\/wp-json\/wp\/v2\/product\/8340","targetHints":{"allow":["GET"]}}],"collection":[{"href":"https:\/\/kallik.is\/en\/wp-json\/wp\/v2\/product"}],"about":[{"href":"https:\/\/kallik.is\/en\/wp-json\/wp\/v2\/types\/product"}],"replies":[{"embeddable":true,"href":"https:\/\/kallik.is\/en\/wp-json\/wp\/v2\/comments?post=8340"}],"wp:featuredmedia":[{"embeddable":true,"href":"https:\/\/kallik.is\/en\/wp-json\/wp\/v2\/media\/23283"}],"wp:attachment":[{"href":"https:\/\/kallik.is\/en\/wp-json\/wp\/v2\/media?parent=8340"}],"wp:term":[{"taxonomy":"product_brand","embeddable":true,"href":"https:\/\/kallik.is\/en\/wp-json\/wp\/v2\/product_brand?post=8340"},{"taxonomy":"product_cat","embeddable":true,"href":"https:\/\/kallik.is\/en\/wp-json\/wp\/v2\/product_cat?post=8340"},{"taxonomy":"product_tag","embeddable":true,"href":"https:\/\/kallik.is\/en\/wp-json\/wp\/v2\/product_tag?post=8340"}],"curies":[{"name":"wp","href":"https:\/\/api.w.org\/{rel}","templated":true}]}}