{"id":8339,"date":"2024-11-21T09:57:26","date_gmt":"2024-11-21T09:57:26","guid":{"rendered":"https:\/\/kallik.is\/product\/fria-surdeigsbraud-gluten-free-x8\/"},"modified":"2026-04-22T11:10:18","modified_gmt":"2026-04-22T11:10:18","slug":"fria-surdeigsbraud-gluten-free-x8","status":"publish","type":"product","link":"https:\/\/kallik.is\/en\/product\/fria-surdeigsbraud-gluten-free-x8\/","title":{"rendered":"Fria S\u00fardeigsbrau\u00f0 Gluten Free x8"},"content":{"rendered":"<p>Vatn, tap\u00ed\u00f3ka sterkja, s\u00f3lbl\u00f3mafr\u00e6 12%, ma\u00edssterkja, chia fr\u00e6 (Salvia hispanica) 8%, s\u00edr\u00f3p, ger, \u00feurrka\u00f0 s\u00fardeig \u00ed b\u00f3khveiti 4%, sykurr\u00f3fustrefjar, repjuol\u00eda, psyllium h\u00fd\u00f0i, epla\u00feykkni, s\u00fdra (eplas\u00fdra) ), malt\u00f3dextr\u00edn (ma\u00eds), \u00feykkingarefni (sellul\u00f3sag\u00famm\u00ed, g\u00faarg\u00famm\u00ed, xantang\u00famm\u00ed), \u00fdruefni (lesit\u00edn [repja], ein- og tv\u00edgl\u00fdser\u00ed\u00f0 fitus\u00fdra [veg.]), salt, brag\u00f0efni.<\/p>\n","protected":false},"excerpt":{"rendered":"<p>Vatn, tap\u00ed\u00f3ka sterkja, s\u00f3lbl\u00f3mafr\u00e6 12%, ma\u00edssterkja, chia fr\u00e6 (Salvia hispanica) 8%, s\u00edr\u00f3p, ger, \u00feurrka\u00f0 s\u00fardeig \u00ed b\u00f3khveiti 4%, sykurr\u00f3fustrefjar, repjuol\u00eda, psyllium h\u00fd\u00f0i, epla\u00feykkni, s\u00fdra (eplas\u00fdra) ), malt\u00f3dextr\u00edn (ma\u00eds), \u00feykkingarefni (sellul\u00f3sag\u00famm\u00ed, g\u00faarg\u00famm\u00ed, xantang\u00famm\u00ed), \u00fdruefni (lesit\u00edn [repja], ein- og tv\u00edgl\u00fdser\u00ed\u00f0 fitus\u00fdra [veg.]), salt, brag\u00f0efni.<\/p>\n","protected":false},"featured_media":23284,"comment_status":"closed","ping_status":"closed","template":"","meta":{"_acf_changed":false},"product_brand":[],"product_cat":[166,173],"product_tag":[],"class_list":{"0":"post-8339","1":"product","2":"type-product","3":"status-publish","4":"has-post-thumbnail","6":"product_cat-braud","7":"product_cat-glutenlaust","9":"first","10":"instock","11":"taxable","12":"shipping-taxable","13":"purchasable","14":"product-type-simple"},"acf":[],"jetpack_sharing_enabled":true,"_links":{"self":[{"href":"https:\/\/kallik.is\/en\/wp-json\/wp\/v2\/product\/8339","targetHints":{"allow":["GET"]}}],"collection":[{"href":"https:\/\/kallik.is\/en\/wp-json\/wp\/v2\/product"}],"about":[{"href":"https:\/\/kallik.is\/en\/wp-json\/wp\/v2\/types\/product"}],"replies":[{"embeddable":true,"href":"https:\/\/kallik.is\/en\/wp-json\/wp\/v2\/comments?post=8339"}],"wp:featuredmedia":[{"embeddable":true,"href":"https:\/\/kallik.is\/en\/wp-json\/wp\/v2\/media\/23284"}],"wp:attachment":[{"href":"https:\/\/kallik.is\/en\/wp-json\/wp\/v2\/media?parent=8339"}],"wp:term":[{"taxonomy":"product_brand","embeddable":true,"href":"https:\/\/kallik.is\/en\/wp-json\/wp\/v2\/product_brand?post=8339"},{"taxonomy":"product_cat","embeddable":true,"href":"https:\/\/kallik.is\/en\/wp-json\/wp\/v2\/product_cat?post=8339"},{"taxonomy":"product_tag","embeddable":true,"href":"https:\/\/kallik.is\/en\/wp-json\/wp\/v2\/product_tag?post=8339"}],"curies":[{"name":"wp","href":"https:\/\/api.w.org\/{rel}","templated":true}]}}