{"id":8338,"date":"2024-11-21T09:57:23","date_gmt":"2024-11-21T09:57:23","guid":{"rendered":"https:\/\/kallik.is\/product\/fria-epla-muffins-gluten-free-x8\/"},"modified":"2026-04-29T16:00:38","modified_gmt":"2026-04-29T16:00:38","slug":"fria-epla-muffins-gluten-free-x8","status":"publish","type":"product","link":"https:\/\/kallik.is\/en\/product\/fria-epla-muffins-gluten-free-x8\/","title":{"rendered":"Fria Epla Muffins Gluten Free 200gx8"},"content":{"rendered":"<p>Sykur, egg, repjuol\u00eda, gl\u00fatenlaus hveitisterkja, epli (8%), hr\u00edsgrj\u00f3namj\u00f6l, psyllium h\u00fd\u00f0i, kanill, lyftiduft (natr\u00edump\u00fdr\u00f3fosfat, natr\u00edumb\u00edkarb\u00f3nat), s\u00edtrustrefjar, ma\u00edssterkja, malt\u00f3dextr\u00edn (ma\u00eds), \u00feykkingarefni ( sellul\u00f3sag\u00famm\u00ed, g\u00faarg\u00famm\u00ed, xantang\u00famm\u00ed, pekt\u00edn), \u00fdruefni (ein- og tv\u00edgl\u00fdser\u00ed\u00f0 fitus\u00fdra [veg.]), salt, brag\u00f0efni.<\/p>\n","protected":false},"excerpt":{"rendered":"<p>Sykur, egg, repjuol\u00eda, gl\u00fatenlaus hveitisterkja, epli (8%), hr\u00edsgrj\u00f3namj\u00f6l, psyllium h\u00fd\u00f0i, kanill, lyftiduft (natr\u00edump\u00fdr\u00f3fosfat, natr\u00edumb\u00edkarb\u00f3nat), s\u00edtrustrefjar, ma\u00edssterkja, malt\u00f3dextr\u00edn (ma\u00eds), \u00feykkingarefni ( sellul\u00f3sag\u00famm\u00ed, g\u00faarg\u00famm\u00ed, xantang\u00famm\u00ed, pekt\u00edn), \u00fdruefni (ein- og tv\u00edgl\u00fdser\u00ed\u00f0 fitus\u00fdra [veg.]), salt, brag\u00f0efni.<\/p>\n","protected":false},"featured_media":23285,"comment_status":"closed","ping_status":"closed","template":"","meta":{"_acf_changed":false},"product_brand":[],"product_cat":[173],"product_tag":[],"class_list":{"0":"post-8338","1":"product","2":"type-product","3":"status-publish","4":"has-post-thumbnail","6":"product_cat-glutenlaust","8":"first","9":"instock","10":"taxable","11":"shipping-taxable","12":"purchasable","13":"product-type-simple"},"acf":[],"jetpack_sharing_enabled":true,"_links":{"self":[{"href":"https:\/\/kallik.is\/en\/wp-json\/wp\/v2\/product\/8338","targetHints":{"allow":["GET"]}}],"collection":[{"href":"https:\/\/kallik.is\/en\/wp-json\/wp\/v2\/product"}],"about":[{"href":"https:\/\/kallik.is\/en\/wp-json\/wp\/v2\/types\/product"}],"replies":[{"embeddable":true,"href":"https:\/\/kallik.is\/en\/wp-json\/wp\/v2\/comments?post=8338"}],"wp:featuredmedia":[{"embeddable":true,"href":"https:\/\/kallik.is\/en\/wp-json\/wp\/v2\/media\/23285"}],"wp:attachment":[{"href":"https:\/\/kallik.is\/en\/wp-json\/wp\/v2\/media?parent=8338"}],"wp:term":[{"taxonomy":"product_brand","embeddable":true,"href":"https:\/\/kallik.is\/en\/wp-json\/wp\/v2\/product_brand?post=8338"},{"taxonomy":"product_cat","embeddable":true,"href":"https:\/\/kallik.is\/en\/wp-json\/wp\/v2\/product_cat?post=8338"},{"taxonomy":"product_tag","embeddable":true,"href":"https:\/\/kallik.is\/en\/wp-json\/wp\/v2\/product_tag?post=8338"}],"curies":[{"name":"wp","href":"https:\/\/api.w.org\/{rel}","templated":true}]}}