{"id":8070,"date":"2024-08-01T10:31:00","date_gmt":"2024-08-01T10:31:00","guid":{"rendered":"https:\/\/kallik.is\/product\/black-1752-35\/"},"modified":"2026-04-15T09:32:08","modified_gmt":"2026-04-15T09:32:08","slug":"black-1752-35","status":"publish","type":"product","link":"https:\/\/kallik.is\/en\/product\/black-1752-35\/","title":{"rendered":"Black 1752 , 35%"},"content":{"rendered":"<p>N\u00fdtt hj\u00e1 vin.is!<\/p>\n<p>Black 1752 Spiced spirit drink.<\/p>\n<p>Einst\u00f6k uppskrift sem b\u00fain var til \u00e1 18. \u00f6ld af hinum Lettneska lyfjafr\u00e6\u00f0ingi Abraham Kunz.<\/p>\n<p>Lykt: Bitter, s\u00e6tur keimur, kryddjurtir.<br \/>Brag\u00f0: \u00c1vaxtar\u00edkt, krydda\u00f0 engifer, m\u00faskat, hunang, villiber.<\/p>\n<p>1\/3 af Sykurmagni mi\u00f0a\u00f0 vi\u00f0 marka\u00f0slei\u00f0ara.<\/p>","protected":false},"excerpt":{"rendered":"<p>N\u00fdtt hj\u00e1 vin.is! Black 1752 Spiced spirit drink. Einst\u00f6k uppskrift sem b\u00fain var til \u00e1 18. \u00f6ld af hinum Lettneska lyfjafr\u00e6\u00f0ingi Abraham Kunz. Lykt: Bitter, s\u00e6tur keimur, kryddjurtir.Brag\u00f0: \u00c1vaxtar\u00edkt, krydda\u00f0 engifer, m\u00faskat, hunang, villiber. 1\/3 af Sykurmagni mi\u00f0a\u00f0 vi\u00f0 marka\u00f0slei\u00f0ara.<\/p>","protected":false},"featured_media":8069,"comment_status":"closed","ping_status":"closed","template":"","meta":{"_acf_changed":false},"product_brand":[],"product_cat":[42,56,48],"product_tag":[],"class_list":{"0":"post-8070","1":"product","2":"type-product","3":"status-publish","4":"has-post-thumbnail","6":"product_cat-afengi","7":"product_cat-romm","8":"product_cat-sterkt","9":"hide-add-to-cart-button","11":"first","12":"instock","13":"taxable","14":"shipping-taxable","15":"purchasable","16":"product-type-simple"},"acf":[],"jetpack_sharing_enabled":true,"_links":{"self":[{"href":"https:\/\/kallik.is\/en\/wp-json\/wp\/v2\/product\/8070","targetHints":{"allow":["GET"]}}],"collection":[{"href":"https:\/\/kallik.is\/en\/wp-json\/wp\/v2\/product"}],"about":[{"href":"https:\/\/kallik.is\/en\/wp-json\/wp\/v2\/types\/product"}],"replies":[{"embeddable":true,"href":"https:\/\/kallik.is\/en\/wp-json\/wp\/v2\/comments?post=8070"}],"wp:featuredmedia":[{"embeddable":true,"href":"https:\/\/kallik.is\/en\/wp-json\/wp\/v2\/media\/8069"}],"wp:attachment":[{"href":"https:\/\/kallik.is\/en\/wp-json\/wp\/v2\/media?parent=8070"}],"wp:term":[{"taxonomy":"product_brand","embeddable":true,"href":"https:\/\/kallik.is\/en\/wp-json\/wp\/v2\/product_brand?post=8070"},{"taxonomy":"product_cat","embeddable":true,"href":"https:\/\/kallik.is\/en\/wp-json\/wp\/v2\/product_cat?post=8070"},{"taxonomy":"product_tag","embeddable":true,"href":"https:\/\/kallik.is\/en\/wp-json\/wp\/v2\/product_tag?post=8070"}],"curies":[{"name":"wp","href":"https:\/\/api.w.org\/{rel}","templated":true}]}}