{"id":8036,"date":"2024-07-16T11:46:39","date_gmt":"2024-07-16T11:46:39","guid":{"rendered":"https:\/\/kallik.is\/product\/moving-mountains-mince-8x260g\/"},"modified":"2026-03-17T14:04:05","modified_gmt":"2026-03-17T14:04:05","slug":"moving-mountains-mince-8x260g","status":"publish","type":"product","link":"https:\/\/kallik.is\/en\/product\/moving-mountains-mince-8x260g\/","title":{"rendered":"Moving Mountains Mince 8x260g"},"content":{"rendered":"<p>Vatn, gr\u00e6nmeti (ostrusveppur, laukur), jurtaol\u00edur (k\u00f3kos, s\u00f3lbl\u00f3maol\u00eda), jurtapr\u00f3tein (baunapr\u00f3tein, ertapr\u00f3teinisolat, ertusey\u00a8i), hveitigl\u00faten, n\u00e1tt\u00farulegt brag\u00a8efni, sterkja (hveiti), hafratrefjar, \u00cfykkingarefni (met\u00d5lsellul\u00f3sa) ), edik, byggmalt\u00cfykkni, litarefni (rau\u00a8r\u00f3fur), salt, rotvarnarefni (mj\u00f3lkurs\u00d5ra), v\u00edtam\u00edn B12.<\/p>","protected":false},"excerpt":{"rendered":"<p>Vatn, gr\u00e6nmeti (ostrusveppur, laukur), jurtaol\u00edur (k\u00f3kos, s\u00f3lbl\u00f3maol\u00eda), jurtapr\u00f3tein (baunapr\u00f3tein, ertapr\u00f3teinisolat, ertusey\u00a8i), hveitigl\u00faten, n\u00e1tt\u00farulegt brag\u00a8efni, sterkja (hveiti), hafratrefjar, \u00cfykkingarefni (met\u00d5lsellul\u00f3sa) ), edik, byggmalt\u00cfykkni, litarefni (rau\u00a8r\u00f3fur), salt, rotvarnarefni (mj\u00f3lkurs\u00d5ra), v\u00edtam\u00edn B12.<\/p>","protected":false},"featured_media":8035,"comment_status":"closed","ping_status":"closed","template":"","meta":{"_acf_changed":false},"product_brand":[],"product_cat":[17],"product_tag":[],"class_list":{"0":"post-8036","1":"product","2":"type-product","3":"status-publish","4":"has-post-thumbnail","6":"product_cat-vegan","8":"first","9":"outofstock","10":"taxable","11":"shipping-taxable","12":"purchasable","13":"product-type-simple"},"acf":[],"jetpack_sharing_enabled":true,"_links":{"self":[{"href":"https:\/\/kallik.is\/en\/wp-json\/wp\/v2\/product\/8036","targetHints":{"allow":["GET"]}}],"collection":[{"href":"https:\/\/kallik.is\/en\/wp-json\/wp\/v2\/product"}],"about":[{"href":"https:\/\/kallik.is\/en\/wp-json\/wp\/v2\/types\/product"}],"replies":[{"embeddable":true,"href":"https:\/\/kallik.is\/en\/wp-json\/wp\/v2\/comments?post=8036"}],"wp:featuredmedia":[{"embeddable":true,"href":"https:\/\/kallik.is\/en\/wp-json\/wp\/v2\/media\/8035"}],"wp:attachment":[{"href":"https:\/\/kallik.is\/en\/wp-json\/wp\/v2\/media?parent=8036"}],"wp:term":[{"taxonomy":"product_brand","embeddable":true,"href":"https:\/\/kallik.is\/en\/wp-json\/wp\/v2\/product_brand?post=8036"},{"taxonomy":"product_cat","embeddable":true,"href":"https:\/\/kallik.is\/en\/wp-json\/wp\/v2\/product_cat?post=8036"},{"taxonomy":"product_tag","embeddable":true,"href":"https:\/\/kallik.is\/en\/wp-json\/wp\/v2\/product_tag?post=8036"}],"curies":[{"name":"wp","href":"https:\/\/api.w.org\/{rel}","templated":true}]}}