{"id":7970,"date":"2024-06-11T12:37:50","date_gmt":"2024-06-11T12:37:50","guid":{"rendered":"https:\/\/kallik.is\/product\/krombacher-spezi-can-33cl\/"},"modified":"2026-01-13T16:16:59","modified_gmt":"2026-01-13T16:16:59","slug":"krombacher-spezi-can-33cl","status":"publish","type":"product","link":"https:\/\/kallik.is\/en\/product\/krombacher-spezi-can-33cl\/","title":{"rendered":"Krombacher Spezi Can 33cl"},"content":{"rendered":"<p>Nj\u00f3ttu Krombacher Spezi hressandi bl\u00f6ndu af k\u00f3la&nbsp;og appels\u00ednugosi. Einstakur&nbsp;\u00fe\u00fdskur drykkjur.<\/p>","protected":false},"excerpt":{"rendered":"<p>Nj\u00f3ttu Krombacher Spezi hressandi bl\u00f6ndu af k\u00f3la&nbsp;og appels\u00ednugosi. Einstakur&nbsp;\u00fe\u00fdskur drykkjur.<\/p>","protected":false},"featured_media":7969,"comment_status":"closed","ping_status":"closed","template":"","meta":{"_acf_changed":false},"product_brand":[],"product_cat":[71],"product_tag":[],"class_list":{"0":"post-7970","1":"product","2":"type-product","3":"status-publish","4":"has-post-thumbnail","6":"product_cat-gosorkudrykkir","8":"first","9":"instock","10":"taxable","11":"shipping-taxable","12":"purchasable","13":"product-type-simple"},"acf":[],"jetpack_sharing_enabled":true,"_links":{"self":[{"href":"https:\/\/kallik.is\/en\/wp-json\/wp\/v2\/product\/7970","targetHints":{"allow":["GET"]}}],"collection":[{"href":"https:\/\/kallik.is\/en\/wp-json\/wp\/v2\/product"}],"about":[{"href":"https:\/\/kallik.is\/en\/wp-json\/wp\/v2\/types\/product"}],"replies":[{"embeddable":true,"href":"https:\/\/kallik.is\/en\/wp-json\/wp\/v2\/comments?post=7970"}],"wp:featuredmedia":[{"embeddable":true,"href":"https:\/\/kallik.is\/en\/wp-json\/wp\/v2\/media\/7969"}],"wp:attachment":[{"href":"https:\/\/kallik.is\/en\/wp-json\/wp\/v2\/media?parent=7970"}],"wp:term":[{"taxonomy":"product_brand","embeddable":true,"href":"https:\/\/kallik.is\/en\/wp-json\/wp\/v2\/product_brand?post=7970"},{"taxonomy":"product_cat","embeddable":true,"href":"https:\/\/kallik.is\/en\/wp-json\/wp\/v2\/product_cat?post=7970"},{"taxonomy":"product_tag","embeddable":true,"href":"https:\/\/kallik.is\/en\/wp-json\/wp\/v2\/product_tag?post=7970"}],"curies":[{"name":"wp","href":"https:\/\/api.w.org\/{rel}","templated":true}]}}