{"id":7878,"date":"2024-04-30T14:12:28","date_gmt":"2024-04-30T14:12:28","guid":{"rendered":"https:\/\/kallik.is\/product\/fria-vita-fransbraud-gluten-free\/"},"modified":"2026-04-24T08:56:10","modified_gmt":"2026-04-24T08:56:10","slug":"fria-vita-fransbraud-gluten-free","status":"publish","type":"product","link":"https:\/\/kallik.is\/en\/product\/fria-vita-fransbraud-gluten-free\/","title":{"rendered":"Fria Vita Fransbrau\u00f0 Gluten Free x6"},"content":{"rendered":"<p>Hr\u00e1efni<br \/>\nGl\u00fatenlaus hveitisterkja, vatn, gl\u00fatenfr\u00edtt malt\u00feykkni (korn), \u00feykkingarefni (sellul\u00f3sag\u00famm\u00ed, g\u00faarg\u00famm\u00ed, xantang\u00famm\u00ed), ger, repjuol\u00eda, sykur, malt\u00f3dextr\u00edn (korn), psylliumh\u00fd\u00f0i, ma\u00edssterkja, ertapr\u00f3tein, \u00fdruefni (lesit\u00edn [repja], ein- og tv\u00edgl\u00fdser\u00ed\u00f0 af fitus\u00fdrum [veg.]), saltur aromer. Getur innihaldi\u00f0 snefil af eggjum.<br \/>\nAthugi\u00f0 a\u00f0 \u00fea\u00f0 eru alltaf uppl\u00fdsingarnar \u00e1 umb\u00fa\u00f0unum sem eiga vi\u00f0.<\/p>\n<p>FODMAP Friendly votta\u00f0<br \/>\nVaran okkar hefur veri\u00f0 pr\u00f3fu\u00f0 og vottu\u00f0 low FODMAP af FODMAP Friendly. \u00dea\u00f0 hentar \u00fev\u00ed f\u00f3lki sem fylgir l\u00e1g-FODMAP matar\u00e6\u00f0i.<\/p>\n<p>Venjulegur skammtur: 1 snei\u00f0 (38g). H\u00e1marksneysla samkv\u00e6mt l\u00e1g-FODMAP matar\u00e6\u00f0i: 4 snei\u00f0ar.<\/p>\n","protected":false},"excerpt":{"rendered":"<p>Hr\u00e1efni Gl\u00fatenlaus hveitisterkja, vatn, gl\u00fatenfr\u00edtt malt\u00feykkni (korn), \u00feykkingarefni (sellul\u00f3sag\u00famm\u00ed, g\u00faarg\u00famm\u00ed, xantang\u00famm\u00ed), ger, repjuol\u00eda, sykur, malt\u00f3dextr\u00edn (korn), psylliumh\u00fd\u00f0i, ma\u00edssterkja, ertapr\u00f3tein, \u00fdruefni (lesit\u00edn [repja], ein- og tv\u00edgl\u00fdser\u00ed\u00f0 af fitus\u00fdrum [veg.]), saltur aromer. Getur innihaldi\u00f0 snefil af eggjum. Athugi\u00f0 a\u00f0 \u00fea\u00f0 eru alltaf uppl\u00fdsingarnar \u00e1 umb\u00fa\u00f0unum sem eiga vi\u00f0. FODMAP Friendly votta\u00f0 Varan okkar hefur veri\u00f0 pr\u00f3fu\u00f0 og [&hellip;]<\/p>\n","protected":false},"featured_media":23286,"comment_status":"closed","ping_status":"closed","template":"","meta":{"_acf_changed":false},"product_brand":[],"product_cat":[166,173],"product_tag":[],"class_list":{"0":"post-7878","1":"product","2":"type-product","3":"status-publish","4":"has-post-thumbnail","6":"product_cat-braud","7":"product_cat-glutenlaust","9":"first","10":"instock","11":"taxable","12":"shipping-taxable","13":"purchasable","14":"product-type-simple"},"acf":[],"jetpack_sharing_enabled":true,"_links":{"self":[{"href":"https:\/\/kallik.is\/en\/wp-json\/wp\/v2\/product\/7878","targetHints":{"allow":["GET"]}}],"collection":[{"href":"https:\/\/kallik.is\/en\/wp-json\/wp\/v2\/product"}],"about":[{"href":"https:\/\/kallik.is\/en\/wp-json\/wp\/v2\/types\/product"}],"replies":[{"embeddable":true,"href":"https:\/\/kallik.is\/en\/wp-json\/wp\/v2\/comments?post=7878"}],"wp:featuredmedia":[{"embeddable":true,"href":"https:\/\/kallik.is\/en\/wp-json\/wp\/v2\/media\/23286"}],"wp:attachment":[{"href":"https:\/\/kallik.is\/en\/wp-json\/wp\/v2\/media?parent=7878"}],"wp:term":[{"taxonomy":"product_brand","embeddable":true,"href":"https:\/\/kallik.is\/en\/wp-json\/wp\/v2\/product_brand?post=7878"},{"taxonomy":"product_cat","embeddable":true,"href":"https:\/\/kallik.is\/en\/wp-json\/wp\/v2\/product_cat?post=7878"},{"taxonomy":"product_tag","embeddable":true,"href":"https:\/\/kallik.is\/en\/wp-json\/wp\/v2\/product_tag?post=7878"}],"curies":[{"name":"wp","href":"https:\/\/api.w.org\/{rel}","templated":true}]}}