{"id":7794,"date":"2024-04-16T14:35:28","date_gmt":"2024-04-16T14:35:28","guid":{"rendered":"https:\/\/kallik.is\/product\/fria-hamborgarabraud-gluten-free\/"},"modified":"2026-04-20T12:11:58","modified_gmt":"2026-04-20T12:11:58","slug":"fria-hamborgarabraud-gluten-free","status":"publish","type":"product","link":"https:\/\/kallik.is\/en\/product\/fria-hamborgarabraud-gluten-free\/","title":{"rendered":"Fria Hamborgarabrau\u00f0 Gluten Free x8"},"content":{"rendered":"<p>Gl\u00fatenlaus hveitisterkja, vatn, gl\u00fatenlaust malt\u00feykkni (korn), repjuol\u00eda, \u00feykkingarefni (sellul\u00f3sag\u00famm\u00ed, guarg\u00famm\u00ed, xantang\u00famm\u00ed), malt\u00f3dextr\u00edn (korn), ger, psyllium h\u00fd\u00f0i, baunapr\u00f3tein, sykur, \u00fdruefni (lesit\u00edn). [rapja], ein- og tv\u00edgl\u00fdser\u00ed\u00f0 fitus\u00fdra [veg .]), ma\u00edssterkju, salt, brag\u00f0efni. Getur innihaldi\u00f0 snefil af eggjum.<\/p>\n","protected":false},"excerpt":{"rendered":"<p>Gl\u00fatenlaus hveitisterkja, vatn, gl\u00fatenlaust malt\u00feykkni (korn), repjuol\u00eda, \u00feykkingarefni (sellul\u00f3sag\u00famm\u00ed, guarg\u00famm\u00ed, xantang\u00famm\u00ed), malt\u00f3dextr\u00edn (korn), ger, psyllium h\u00fd\u00f0i, baunapr\u00f3tein, sykur, \u00fdruefni (lesit\u00edn). [rapja], ein- og tv\u00edgl\u00fdser\u00ed\u00f0 fitus\u00fdra [veg .]), ma\u00edssterkju, salt, brag\u00f0efni. Getur innihaldi\u00f0 snefil af eggjum.<\/p>\n","protected":false},"featured_media":23115,"comment_status":"closed","ping_status":"closed","template":"","meta":{"_acf_changed":false},"product_brand":[],"product_cat":[173],"product_tag":[],"class_list":{"0":"post-7794","1":"product","2":"type-product","3":"status-publish","4":"has-post-thumbnail","6":"product_cat-glutenlaust","8":"first","9":"instock","10":"taxable","11":"shipping-taxable","12":"purchasable","13":"product-type-simple"},"acf":[],"jetpack_sharing_enabled":true,"_links":{"self":[{"href":"https:\/\/kallik.is\/en\/wp-json\/wp\/v2\/product\/7794","targetHints":{"allow":["GET"]}}],"collection":[{"href":"https:\/\/kallik.is\/en\/wp-json\/wp\/v2\/product"}],"about":[{"href":"https:\/\/kallik.is\/en\/wp-json\/wp\/v2\/types\/product"}],"replies":[{"embeddable":true,"href":"https:\/\/kallik.is\/en\/wp-json\/wp\/v2\/comments?post=7794"}],"wp:featuredmedia":[{"embeddable":true,"href":"https:\/\/kallik.is\/en\/wp-json\/wp\/v2\/media\/23115"}],"wp:attachment":[{"href":"https:\/\/kallik.is\/en\/wp-json\/wp\/v2\/media?parent=7794"}],"wp:term":[{"taxonomy":"product_brand","embeddable":true,"href":"https:\/\/kallik.is\/en\/wp-json\/wp\/v2\/product_brand?post=7794"},{"taxonomy":"product_cat","embeddable":true,"href":"https:\/\/kallik.is\/en\/wp-json\/wp\/v2\/product_cat?post=7794"},{"taxonomy":"product_tag","embeddable":true,"href":"https:\/\/kallik.is\/en\/wp-json\/wp\/v2\/product_tag?post=7794"}],"curies":[{"name":"wp","href":"https:\/\/api.w.org\/{rel}","templated":true}]}}