{"id":7792,"date":"2024-04-16T14:35:19","date_gmt":"2024-04-16T14:35:19","guid":{"rendered":"https:\/\/kallik.is\/product\/fria-pylusbraud-gluten-free\/"},"modified":"2026-04-17T15:15:51","modified_gmt":"2026-04-17T15:15:51","slug":"fria-pylusbraud-gluten-free","status":"publish","type":"product","link":"https:\/\/kallik.is\/en\/product\/fria-pylusbraud-gluten-free\/","title":{"rendered":"Fria Pylusbrau\u00f0 Gluten Free x8"},"content":{"rendered":"<p>Gl\u00fatenlaus hveitisterkja, vatn, repjuol\u00eda, sykur, invertsykur, tap\u00ed\u00f3ka sterkja, \u00feykkingarefni (sellul\u00f3sag\u00famm\u00ed, guarg\u00famm\u00ed, xantang\u00famm\u00ed), ger, malt\u00f3dextr\u00edn (ma\u00eds), s\u00edr\u00f3p, psyllium h\u00fd\u00f0i, \u00feurrka\u00f0 b\u00f3khveitis\u00fardeig, lyftiduft ( gl\u00fak\u00f3ns\u00fdru delta lakt\u00f3n, natr\u00edum b\u00edkarb\u00f3nat), ma\u00edssterkja, \u00fdruefni (ein- og tv\u00edgl\u00fdser\u00ed\u00f0 fitus\u00fdra [veg.], lesit\u00edn [repja]), s\u00fdra (eplas\u00fdra), salt, brag\u00f0efni.<\/p>\n","protected":false},"excerpt":{"rendered":"<p>Gl\u00fatenlaus hveitisterkja, vatn, repjuol\u00eda, sykur, invertsykur, tap\u00ed\u00f3ka sterkja, \u00feykkingarefni (sellul\u00f3sag\u00famm\u00ed, guarg\u00famm\u00ed, xantang\u00famm\u00ed), ger, malt\u00f3dextr\u00edn (ma\u00eds), s\u00edr\u00f3p, psyllium h\u00fd\u00f0i, \u00feurrka\u00f0 b\u00f3khveitis\u00fardeig, lyftiduft ( gl\u00fak\u00f3ns\u00fdru delta lakt\u00f3n, natr\u00edum b\u00edkarb\u00f3nat), ma\u00edssterkja, \u00fdruefni (ein- og tv\u00edgl\u00fdser\u00ed\u00f0 fitus\u00fdra [veg.], lesit\u00edn [repja]), s\u00fdra (eplas\u00fdra), salt, brag\u00f0efni.<\/p>\n","protected":false},"featured_media":23287,"comment_status":"closed","ping_status":"closed","template":"","meta":{"_acf_changed":false},"product_brand":[],"product_cat":[173],"product_tag":[],"class_list":{"0":"post-7792","1":"product","2":"type-product","3":"status-publish","4":"has-post-thumbnail","6":"product_cat-glutenlaust","8":"first","9":"instock","10":"taxable","11":"shipping-taxable","12":"purchasable","13":"product-type-simple"},"acf":[],"jetpack_sharing_enabled":true,"_links":{"self":[{"href":"https:\/\/kallik.is\/en\/wp-json\/wp\/v2\/product\/7792","targetHints":{"allow":["GET"]}}],"collection":[{"href":"https:\/\/kallik.is\/en\/wp-json\/wp\/v2\/product"}],"about":[{"href":"https:\/\/kallik.is\/en\/wp-json\/wp\/v2\/types\/product"}],"replies":[{"embeddable":true,"href":"https:\/\/kallik.is\/en\/wp-json\/wp\/v2\/comments?post=7792"}],"wp:featuredmedia":[{"embeddable":true,"href":"https:\/\/kallik.is\/en\/wp-json\/wp\/v2\/media\/23287"}],"wp:attachment":[{"href":"https:\/\/kallik.is\/en\/wp-json\/wp\/v2\/media?parent=7792"}],"wp:term":[{"taxonomy":"product_brand","embeddable":true,"href":"https:\/\/kallik.is\/en\/wp-json\/wp\/v2\/product_brand?post=7792"},{"taxonomy":"product_cat","embeddable":true,"href":"https:\/\/kallik.is\/en\/wp-json\/wp\/v2\/product_cat?post=7792"},{"taxonomy":"product_tag","embeddable":true,"href":"https:\/\/kallik.is\/en\/wp-json\/wp\/v2\/product_tag?post=7792"}],"curies":[{"name":"wp","href":"https:\/\/api.w.org\/{rel}","templated":true}]}}