{"id":7788,"date":"2024-04-16T14:35:01","date_gmt":"2024-04-16T14:35:01","guid":{"rendered":"https:\/\/kallik.is\/product\/fria-kanilsnudar-gluten-free\/"},"modified":"2026-04-30T15:52:47","modified_gmt":"2026-04-30T15:52:47","slug":"fria-kanilsnudar-gluten-free","status":"publish","type":"product","link":"https:\/\/kallik.is\/en\/product\/fria-kanilsnudar-gluten-free\/","title":{"rendered":"Fria Kanilsn\u00fa\u00f0ar Gluten Free 230gx8"},"content":{"rendered":"<p>Gl\u00fatenlaus hveitisterkja, sykur, vatn, repjuol\u00eda, ger, gl\u00fatenlaust malt\u00feykkni (korn), \u00feykkingarefni (sellul\u00f3sag\u00famm\u00ed, guarg\u00famm\u00ed, xantang\u00famm\u00ed), psyllium h\u00fd\u00f0i, kanill, kardimommur, eplatrefjar, malt\u00f3dextr\u00edn (ma\u00eds) , dextr\u00edn (kart\u00f6flur), \u00fdruefni (lesit\u00edn [repja], ein- og tv\u00edgl\u00fdser\u00ed\u00f0 fitus\u00fdra [gr\u00e6nmetis]), breytt kart\u00f6flusterkja, gl\u00fak\u00f3sas\u00edr\u00f3p, baunapr\u00f3tein, kart\u00f6flukorn, ma\u00edssterkja, salt, brag\u00f0efni.<\/p>\n","protected":false},"excerpt":{"rendered":"<p>Gl\u00fatenlaus hveitisterkja, sykur, vatn, repjuol\u00eda, ger, gl\u00fatenlaust malt\u00feykkni (korn), \u00feykkingarefni (sellul\u00f3sag\u00famm\u00ed, guarg\u00famm\u00ed, xantang\u00famm\u00ed), psyllium h\u00fd\u00f0i, kanill, kardimommur, eplatrefjar, malt\u00f3dextr\u00edn (ma\u00eds) , dextr\u00edn (kart\u00f6flur), \u00fdruefni (lesit\u00edn [repja], ein- og tv\u00edgl\u00fdser\u00ed\u00f0 fitus\u00fdra [gr\u00e6nmetis]), breytt kart\u00f6flusterkja, gl\u00fak\u00f3sas\u00edr\u00f3p, baunapr\u00f3tein, kart\u00f6flukorn, ma\u00edssterkja, salt, brag\u00f0efni.<\/p>\n","protected":false},"featured_media":23289,"comment_status":"closed","ping_status":"closed","template":"","meta":{"_acf_changed":false},"product_brand":[],"product_cat":[173],"product_tag":[],"class_list":{"0":"post-7788","1":"product","2":"type-product","3":"status-publish","4":"has-post-thumbnail","6":"product_cat-glutenlaust","8":"first","9":"instock","10":"taxable","11":"shipping-taxable","12":"purchasable","13":"product-type-simple"},"acf":[],"jetpack_sharing_enabled":true,"_links":{"self":[{"href":"https:\/\/kallik.is\/en\/wp-json\/wp\/v2\/product\/7788","targetHints":{"allow":["GET"]}}],"collection":[{"href":"https:\/\/kallik.is\/en\/wp-json\/wp\/v2\/product"}],"about":[{"href":"https:\/\/kallik.is\/en\/wp-json\/wp\/v2\/types\/product"}],"replies":[{"embeddable":true,"href":"https:\/\/kallik.is\/en\/wp-json\/wp\/v2\/comments?post=7788"}],"wp:featuredmedia":[{"embeddable":true,"href":"https:\/\/kallik.is\/en\/wp-json\/wp\/v2\/media\/23289"}],"wp:attachment":[{"href":"https:\/\/kallik.is\/en\/wp-json\/wp\/v2\/media?parent=7788"}],"wp:term":[{"taxonomy":"product_brand","embeddable":true,"href":"https:\/\/kallik.is\/en\/wp-json\/wp\/v2\/product_brand?post=7788"},{"taxonomy":"product_cat","embeddable":true,"href":"https:\/\/kallik.is\/en\/wp-json\/wp\/v2\/product_cat?post=7788"},{"taxonomy":"product_tag","embeddable":true,"href":"https:\/\/kallik.is\/en\/wp-json\/wp\/v2\/product_tag?post=7788"}],"curies":[{"name":"wp","href":"https:\/\/api.w.org\/{rel}","templated":true}]}}