{"id":7786,"date":"2024-04-16T14:34:51","date_gmt":"2024-04-16T14:34:51","guid":{"rendered":"https:\/\/kallik.is\/product\/fria-sitronu-muffins-gluten-free\/"},"modified":"2026-04-20T12:11:56","modified_gmt":"2026-04-20T12:11:56","slug":"fria-sitronu-muffins-gluten-free","status":"publish","type":"product","link":"https:\/\/kallik.is\/en\/product\/fria-sitronu-muffins-gluten-free\/","title":{"rendered":"Fria S\u00edtr\u00f3nu Muffins Gluten Free 210gx8"},"content":{"rendered":"<p>Egg, repjuol\u00eda, sykur, gl\u00fatenlaus hveitisterkja, hr\u00edsgrj\u00f3namj\u00f6l, psyllium h\u00fd\u00f0i, lyftiduft (natr\u00edump\u00fdr\u00f3fosfat, natr\u00edumb\u00edkarb\u00f3nat), ma\u00edssterkja, malt\u00f3dextr\u00edn (korn), \u00feykkingarefni (sellul\u00f3sag\u00famm\u00ed, g\u00faarg\u00famm\u00ed, xantang\u00famm\u00ed), \u00fdruefni (ein- og tv\u00edgl\u00fdser\u00ed\u00f0 fitus\u00fdra [veg.]), salt, brag\u00f0efni.<\/p>\n","protected":false},"excerpt":{"rendered":"<p>Egg, repjuol\u00eda, sykur, gl\u00fatenlaus hveitisterkja, hr\u00edsgrj\u00f3namj\u00f6l, psyllium h\u00fd\u00f0i, lyftiduft (natr\u00edump\u00fdr\u00f3fosfat, natr\u00edumb\u00edkarb\u00f3nat), ma\u00edssterkja, malt\u00f3dextr\u00edn (korn), \u00feykkingarefni (sellul\u00f3sag\u00famm\u00ed, g\u00faarg\u00famm\u00ed, xantang\u00famm\u00ed), \u00fdruefni (ein- og tv\u00edgl\u00fdser\u00ed\u00f0 fitus\u00fdra [veg.]), salt, brag\u00f0efni.<\/p>\n","protected":false},"featured_media":23290,"comment_status":"closed","ping_status":"closed","template":"","meta":{"_acf_changed":false},"product_brand":[],"product_cat":[173],"product_tag":[],"class_list":{"0":"post-7786","1":"product","2":"type-product","3":"status-publish","4":"has-post-thumbnail","6":"product_cat-glutenlaust","8":"first","9":"instock","10":"taxable","11":"shipping-taxable","12":"purchasable","13":"product-type-simple"},"acf":[],"jetpack_sharing_enabled":true,"_links":{"self":[{"href":"https:\/\/kallik.is\/en\/wp-json\/wp\/v2\/product\/7786","targetHints":{"allow":["GET"]}}],"collection":[{"href":"https:\/\/kallik.is\/en\/wp-json\/wp\/v2\/product"}],"about":[{"href":"https:\/\/kallik.is\/en\/wp-json\/wp\/v2\/types\/product"}],"replies":[{"embeddable":true,"href":"https:\/\/kallik.is\/en\/wp-json\/wp\/v2\/comments?post=7786"}],"wp:featuredmedia":[{"embeddable":true,"href":"https:\/\/kallik.is\/en\/wp-json\/wp\/v2\/media\/23290"}],"wp:attachment":[{"href":"https:\/\/kallik.is\/en\/wp-json\/wp\/v2\/media?parent=7786"}],"wp:term":[{"taxonomy":"product_brand","embeddable":true,"href":"https:\/\/kallik.is\/en\/wp-json\/wp\/v2\/product_brand?post=7786"},{"taxonomy":"product_cat","embeddable":true,"href":"https:\/\/kallik.is\/en\/wp-json\/wp\/v2\/product_cat?post=7786"},{"taxonomy":"product_tag","embeddable":true,"href":"https:\/\/kallik.is\/en\/wp-json\/wp\/v2\/product_tag?post=7786"}],"curies":[{"name":"wp","href":"https:\/\/api.w.org\/{rel}","templated":true}]}}