{"id":7782,"date":"2024-04-16T14:13:45","date_gmt":"2024-04-16T14:13:45","guid":{"rendered":"https:\/\/kallik.is\/product\/fria-groft-braud-gluten-free\/"},"modified":"2026-04-22T09:36:17","modified_gmt":"2026-04-22T09:36:17","slug":"fria-groft-braud-gluten-free","status":"publish","type":"product","link":"https:\/\/kallik.is\/en\/product\/fria-groft-braud-gluten-free\/","title":{"rendered":"Fria Gr\u00f3ft brau\u00f0 Gluten Free x6"},"content":{"rendered":"<p>Gl\u00fatenlaus hveitisterkja, vatn, s\u00edr\u00f3p, gl\u00fatenlaust malt\u00feykkni (korn), ger, \u00feykkingarefni (sellul\u00f3sag\u00famm\u00ed, guarg\u00famm\u00ed, xantang\u00famm\u00ed), malt\u00f3dextr\u00edn (ma\u00eds), repjuol\u00eda, sykurr\u00f3fustrefjar, h\u00f6rfr\u00e6 1,4%, psyllium h\u00fd\u00f0i, k\u00famen, \u00fdruefni (lesit\u00edn [repja], ein- og tv\u00edgl\u00fdser\u00ed\u00f0 fitus\u00fdra [veg.]), ma\u00edssterkja, salt, brag\u00f0efni.<\/p>\n","protected":false},"excerpt":{"rendered":"<p>Gl\u00fatenlaus hveitisterkja, vatn, s\u00edr\u00f3p, gl\u00fatenlaust malt\u00feykkni (korn), ger, \u00feykkingarefni (sellul\u00f3sag\u00famm\u00ed, guarg\u00famm\u00ed, xantang\u00famm\u00ed), malt\u00f3dextr\u00edn (ma\u00eds), repjuol\u00eda, sykurr\u00f3fustrefjar, h\u00f6rfr\u00e6 1,4%, psyllium h\u00fd\u00f0i, k\u00famen, \u00fdruefni (lesit\u00edn [repja], ein- og tv\u00edgl\u00fdser\u00ed\u00f0 fitus\u00fdra [veg.]), ma\u00edssterkja, salt, brag\u00f0efni.<\/p>\n","protected":false},"featured_media":23291,"comment_status":"closed","ping_status":"closed","template":"","meta":{"_acf_changed":false},"product_brand":[],"product_cat":[166,173],"product_tag":[],"class_list":{"0":"post-7782","1":"product","2":"type-product","3":"status-publish","4":"has-post-thumbnail","6":"product_cat-braud","7":"product_cat-glutenlaust","9":"first","10":"instock","11":"taxable","12":"shipping-taxable","13":"purchasable","14":"product-type-simple"},"acf":[],"jetpack_sharing_enabled":true,"_links":{"self":[{"href":"https:\/\/kallik.is\/en\/wp-json\/wp\/v2\/product\/7782","targetHints":{"allow":["GET"]}}],"collection":[{"href":"https:\/\/kallik.is\/en\/wp-json\/wp\/v2\/product"}],"about":[{"href":"https:\/\/kallik.is\/en\/wp-json\/wp\/v2\/types\/product"}],"replies":[{"embeddable":true,"href":"https:\/\/kallik.is\/en\/wp-json\/wp\/v2\/comments?post=7782"}],"wp:featuredmedia":[{"embeddable":true,"href":"https:\/\/kallik.is\/en\/wp-json\/wp\/v2\/media\/23291"}],"wp:attachment":[{"href":"https:\/\/kallik.is\/en\/wp-json\/wp\/v2\/media?parent=7782"}],"wp:term":[{"taxonomy":"product_brand","embeddable":true,"href":"https:\/\/kallik.is\/en\/wp-json\/wp\/v2\/product_brand?post=7782"},{"taxonomy":"product_cat","embeddable":true,"href":"https:\/\/kallik.is\/en\/wp-json\/wp\/v2\/product_cat?post=7782"},{"taxonomy":"product_tag","embeddable":true,"href":"https:\/\/kallik.is\/en\/wp-json\/wp\/v2\/product_tag?post=7782"}],"curies":[{"name":"wp","href":"https:\/\/api.w.org\/{rel}","templated":true}]}}