{"id":7778,"date":"2024-04-16T14:13:26","date_gmt":"2024-04-16T14:13:26","guid":{"rendered":"https:\/\/kallik.is\/product\/fria-mini-baguette-gluten-free\/"},"modified":"2026-04-30T15:52:45","modified_gmt":"2026-04-30T15:52:45","slug":"fria-mini-baguette-gluten-free","status":"publish","type":"product","link":"https:\/\/kallik.is\/en\/product\/fria-mini-baguette-gluten-free\/","title":{"rendered":"Fria Grov Mini Baguette Gluten Free x8"},"content":{"rendered":"<p>Gl\u00fatenlaus hveitisterkja, vatn, gl\u00fatenlaust malt\u00feykkni (korn), \u00feykkingarefni (sellul\u00f3sag\u00famm\u00ed, g\u00faarg\u00famm\u00ed, xantang\u00famm\u00ed), ger, repjuol\u00eda, malt\u00f3dextr\u00edn (korn), sykur, psyllium h\u00fd\u00f0i, baunapr\u00f3tein, \u00fdruefni (lesit\u00edn) [repja], ein- og tv\u00edgl\u00fdser\u00ed\u00f0 fitus\u00fdra [veg .]), ma\u00edssterkju, salt, brag\u00f0efni. Getur innihaldi\u00f0 leifar af eggjum.<\/p>\n","protected":false},"excerpt":{"rendered":"<p>Gl\u00fatenlaus hveitisterkja, vatn, gl\u00fatenlaust malt\u00feykkni (korn), \u00feykkingarefni (sellul\u00f3sag\u00famm\u00ed, g\u00faarg\u00famm\u00ed, xantang\u00famm\u00ed), ger, repjuol\u00eda, malt\u00f3dextr\u00edn (korn), sykur, psyllium h\u00fd\u00f0i, baunapr\u00f3tein, \u00fdruefni (lesit\u00edn) [repja], ein- og tv\u00edgl\u00fdser\u00ed\u00f0 fitus\u00fdra [veg .]), ma\u00edssterkju, salt, brag\u00f0efni. Getur innihaldi\u00f0 leifar af eggjum.<\/p>\n","protected":false},"featured_media":23292,"comment_status":"closed","ping_status":"closed","template":"","meta":{"_acf_changed":false},"product_brand":[],"product_cat":[166,173],"product_tag":[],"class_list":{"0":"post-7778","1":"product","2":"type-product","3":"status-publish","4":"has-post-thumbnail","6":"product_cat-braud","7":"product_cat-glutenlaust","9":"first","10":"instock","11":"taxable","12":"shipping-taxable","13":"purchasable","14":"product-type-simple"},"acf":[],"jetpack_sharing_enabled":true,"_links":{"self":[{"href":"https:\/\/kallik.is\/en\/wp-json\/wp\/v2\/product\/7778","targetHints":{"allow":["GET"]}}],"collection":[{"href":"https:\/\/kallik.is\/en\/wp-json\/wp\/v2\/product"}],"about":[{"href":"https:\/\/kallik.is\/en\/wp-json\/wp\/v2\/types\/product"}],"replies":[{"embeddable":true,"href":"https:\/\/kallik.is\/en\/wp-json\/wp\/v2\/comments?post=7778"}],"wp:featuredmedia":[{"embeddable":true,"href":"https:\/\/kallik.is\/en\/wp-json\/wp\/v2\/media\/23292"}],"wp:attachment":[{"href":"https:\/\/kallik.is\/en\/wp-json\/wp\/v2\/media?parent=7778"}],"wp:term":[{"taxonomy":"product_brand","embeddable":true,"href":"https:\/\/kallik.is\/en\/wp-json\/wp\/v2\/product_brand?post=7778"},{"taxonomy":"product_cat","embeddable":true,"href":"https:\/\/kallik.is\/en\/wp-json\/wp\/v2\/product_cat?post=7778"},{"taxonomy":"product_tag","embeddable":true,"href":"https:\/\/kallik.is\/en\/wp-json\/wp\/v2\/product_tag?post=7778"}],"curies":[{"name":"wp","href":"https:\/\/api.w.org\/{rel}","templated":true}]}}