{"id":7767,"date":"2024-04-12T14:26:26","date_gmt":"2024-04-12T14:26:26","guid":{"rendered":"https:\/\/kallik.is\/product\/ritter-salted-caramel-11x100g\/"},"modified":"2026-04-30T11:07:52","modified_gmt":"2026-04-30T11:07:52","slug":"ritter-salted-caramel-11x100g","status":"publish","type":"product","link":"https:\/\/kallik.is\/en\/product\/ritter-salted-caramel-11x100g\/","title":{"rendered":"Ritter Salted Caramel 11x100g"},"content":{"rendered":"<p>Couverture-s\u00fakkula\u00a8i me\u00a8 m\u00f6ndlumj\u00f6li og s\u00f6ltu\u00a8u karamellukerki (14 %).<\/p>\n<p>Sykur, kak\u00f3smj\u00f6r, kak\u00f3massi, fituskerti\u00a8 m\u00f6ndlumj\u00f6l (11 %), hesilhnetumauk, gl\u00fak\u00f3sas\u00edr\u00f3p, salt (0,5 %), \u00d5ruefni: SOJA lesit\u00edn; mala\u00a8ar vanillubaunir.<\/p>\n<p>Getur innihaldi\u00a8 snefil af jar\u00a8hnetum, \u00f6\u00a8rum hnetum, korni sem inniheldur gl\u00faten, mj\u00f3lk og eggi.<\/p>","protected":false},"excerpt":{"rendered":"<p>Couverture-s\u00fakkula\u00a8i me\u00a8 m\u00f6ndlumj\u00f6li og s\u00f6ltu\u00a8u karamellukerki (14 %). Sykur, kak\u00f3smj\u00f6r, kak\u00f3massi, fituskerti\u00a8 m\u00f6ndlumj\u00f6l (11 %), hesilhnetumauk, gl\u00fak\u00f3sas\u00edr\u00f3p, salt (0,5 %), \u00d5ruefni: SOJA lesit\u00edn; mala\u00a8ar vanillubaunir. Getur innihaldi\u00a8 snefil af jar\u00a8hnetum, \u00f6\u00a8rum hnetum, korni sem inniheldur gl\u00faten, mj\u00f3lk og eggi.<\/p>","protected":false},"featured_media":7766,"comment_status":"closed","ping_status":"closed","template":"","meta":{"_acf_changed":false},"product_brand":[],"product_cat":[46],"product_tag":[],"class_list":{"0":"post-7767","1":"product","2":"type-product","3":"status-publish","4":"has-post-thumbnail","6":"product_cat-rittersport","8":"first","9":"instock","10":"taxable","11":"shipping-taxable","12":"purchasable","13":"product-type-simple"},"acf":[],"jetpack_sharing_enabled":true,"_links":{"self":[{"href":"https:\/\/kallik.is\/en\/wp-json\/wp\/v2\/product\/7767","targetHints":{"allow":["GET"]}}],"collection":[{"href":"https:\/\/kallik.is\/en\/wp-json\/wp\/v2\/product"}],"about":[{"href":"https:\/\/kallik.is\/en\/wp-json\/wp\/v2\/types\/product"}],"replies":[{"embeddable":true,"href":"https:\/\/kallik.is\/en\/wp-json\/wp\/v2\/comments?post=7767"}],"wp:featuredmedia":[{"embeddable":true,"href":"https:\/\/kallik.is\/en\/wp-json\/wp\/v2\/media\/7766"}],"wp:attachment":[{"href":"https:\/\/kallik.is\/en\/wp-json\/wp\/v2\/media?parent=7767"}],"wp:term":[{"taxonomy":"product_brand","embeddable":true,"href":"https:\/\/kallik.is\/en\/wp-json\/wp\/v2\/product_brand?post=7767"},{"taxonomy":"product_cat","embeddable":true,"href":"https:\/\/kallik.is\/en\/wp-json\/wp\/v2\/product_cat?post=7767"},{"taxonomy":"product_tag","embeddable":true,"href":"https:\/\/kallik.is\/en\/wp-json\/wp\/v2\/product_tag?post=7767"}],"curies":[{"name":"wp","href":"https:\/\/api.w.org\/{rel}","templated":true}]}}