{"id":7763,"date":"2024-04-12T14:05:19","date_gmt":"2024-04-12T14:05:19","guid":{"rendered":"https:\/\/kallik.is\/product\/ritter-roasted-peanut-11x100g\/"},"modified":"2026-04-30T11:07:51","modified_gmt":"2026-04-30T11:07:51","slug":"ritter-roasted-peanut-11x100g","status":"publish","type":"product","link":"https:\/\/kallik.is\/en\/product\/ritter-roasted-peanut-11x100g\/","title":{"rendered":"Ritter Roasted Peanut 11x100g"},"content":{"rendered":"<p>Couverture s\u00fakkula\u00a8i me\u00a8 m\u00f6ndlumj\u00f6li og ristu\u00a8um og s\u00f6ltu\u00a8um bitum af hnetum (25 %).<\/p>\n<p>Sykur, jar\u00a8hnetur, kak\u00f3smj\u00f6r, kak\u00f3massi, fituskerti\u00a8 m\u00f6ndlumj\u00f6l(9,5 %), hesilhnetumj\u00f6l, salt (0,3 %), \u00d5ruefni: SOJA lesit\u00edn; mala\u00a8ar vanillubaunir.<\/p>\n<p>Getur innihaldi\u00a8 snefil af \u00f6\u00a8rum hnetum, korn sem inniheldur gl\u00faten, mj\u00f3lk og egg.<\/p>","protected":false},"excerpt":{"rendered":"<p>Couverture s\u00fakkula\u00a8i me\u00a8 m\u00f6ndlumj\u00f6li og ristu\u00a8um og s\u00f6ltu\u00a8um bitum af hnetum (25 %). Sykur, jar\u00a8hnetur, kak\u00f3smj\u00f6r, kak\u00f3massi, fituskerti\u00a8 m\u00f6ndlumj\u00f6l(9,5 %), hesilhnetumj\u00f6l, salt (0,3 %), \u00d5ruefni: SOJA lesit\u00edn; mala\u00a8ar vanillubaunir. Getur innihaldi\u00a8 snefil af \u00f6\u00a8rum hnetum, korn sem inniheldur gl\u00faten, mj\u00f3lk og egg.<\/p>","protected":false},"featured_media":7765,"comment_status":"closed","ping_status":"closed","template":"","meta":{"_acf_changed":false},"product_brand":[],"product_cat":[46,40],"product_tag":[],"class_list":{"0":"post-7763","1":"product","2":"type-product","3":"status-publish","4":"has-post-thumbnail","6":"product_cat-rittersport","7":"product_cat-saelgaeti","9":"first","10":"instock","11":"taxable","12":"shipping-taxable","13":"purchasable","14":"product-type-simple"},"acf":[],"jetpack_sharing_enabled":true,"_links":{"self":[{"href":"https:\/\/kallik.is\/en\/wp-json\/wp\/v2\/product\/7763","targetHints":{"allow":["GET"]}}],"collection":[{"href":"https:\/\/kallik.is\/en\/wp-json\/wp\/v2\/product"}],"about":[{"href":"https:\/\/kallik.is\/en\/wp-json\/wp\/v2\/types\/product"}],"replies":[{"embeddable":true,"href":"https:\/\/kallik.is\/en\/wp-json\/wp\/v2\/comments?post=7763"}],"wp:featuredmedia":[{"embeddable":true,"href":"https:\/\/kallik.is\/en\/wp-json\/wp\/v2\/media\/7765"}],"wp:attachment":[{"href":"https:\/\/kallik.is\/en\/wp-json\/wp\/v2\/media?parent=7763"}],"wp:term":[{"taxonomy":"product_brand","embeddable":true,"href":"https:\/\/kallik.is\/en\/wp-json\/wp\/v2\/product_brand?post=7763"},{"taxonomy":"product_cat","embeddable":true,"href":"https:\/\/kallik.is\/en\/wp-json\/wp\/v2\/product_cat?post=7763"},{"taxonomy":"product_tag","embeddable":true,"href":"https:\/\/kallik.is\/en\/wp-json\/wp\/v2\/product_tag?post=7763"}],"curies":[{"name":"wp","href":"https:\/\/api.w.org\/{rel}","templated":true}]}}