{"id":7762,"date":"2024-04-12T13:23:28","date_gmt":"2024-04-12T13:23:28","guid":{"rendered":"https:\/\/kallik.is\/product\/lindt-hvitt-sukkuladi-med-mondlum-15x150g\/"},"modified":"2025-11-17T14:54:43","modified_gmt":"2025-11-17T14:54:43","slug":"lindt-hvitt-sukkuladi-med-mondlum-15x150g","status":"publish","type":"product","link":"https:\/\/kallik.is\/en\/product\/lindt-hvitt-sukkuladi-med-mondlum-15x150g\/","title":{"rendered":"Lindt hv\u00edtt s\u00fakkula\u00f0i me\u00f0 m\u00f6ndlum 15x150g"},"content":{"rendered":"<p>m\u00f6ndlur (32%), sykur, kak\u00f3smj\u00f6r, n\u00fdmj\u00f3lkurduft, undanrennuduft, \u00fdruefni (sojalesit\u00edn), brag\u00f0efni.<\/p>","protected":false},"excerpt":{"rendered":"<p>m\u00f6ndlur (32%), sykur, kak\u00f3smj\u00f6r, n\u00fdmj\u00f3lkurduft, undanrennuduft, \u00fdruefni (sojalesit\u00edn), brag\u00f0efni.<\/p>","protected":false},"featured_media":7761,"comment_status":"closed","ping_status":"closed","template":"","meta":{"_acf_changed":false},"product_brand":[],"product_cat":[41,40],"product_tag":[],"class_list":{"0":"post-7762","1":"product","2":"type-product","3":"status-publish","4":"has-post-thumbnail","6":"product_cat-lindt","7":"product_cat-saelgaeti","9":"first","10":"outofstock","11":"taxable","12":"shipping-taxable","13":"purchasable","14":"product-type-simple"},"acf":[],"jetpack_sharing_enabled":true,"_links":{"self":[{"href":"https:\/\/kallik.is\/en\/wp-json\/wp\/v2\/product\/7762","targetHints":{"allow":["GET"]}}],"collection":[{"href":"https:\/\/kallik.is\/en\/wp-json\/wp\/v2\/product"}],"about":[{"href":"https:\/\/kallik.is\/en\/wp-json\/wp\/v2\/types\/product"}],"replies":[{"embeddable":true,"href":"https:\/\/kallik.is\/en\/wp-json\/wp\/v2\/comments?post=7762"}],"wp:featuredmedia":[{"embeddable":true,"href":"https:\/\/kallik.is\/en\/wp-json\/wp\/v2\/media\/7761"}],"wp:attachment":[{"href":"https:\/\/kallik.is\/en\/wp-json\/wp\/v2\/media?parent=7762"}],"wp:term":[{"taxonomy":"product_brand","embeddable":true,"href":"https:\/\/kallik.is\/en\/wp-json\/wp\/v2\/product_brand?post=7762"},{"taxonomy":"product_cat","embeddable":true,"href":"https:\/\/kallik.is\/en\/wp-json\/wp\/v2\/product_cat?post=7762"},{"taxonomy":"product_tag","embeddable":true,"href":"https:\/\/kallik.is\/en\/wp-json\/wp\/v2\/product_tag?post=7762"}],"curies":[{"name":"wp","href":"https:\/\/api.w.org\/{rel}","templated":true}]}}