{"id":7758,"date":"2024-04-12T11:39:19","date_gmt":"2024-04-12T11:39:19","guid":{"rendered":"https:\/\/kallik.is\/product\/lindor-salt-karamellu-18x100gr\/"},"modified":"2026-04-30T11:07:49","modified_gmt":"2026-04-30T11:07:49","slug":"lindor-salt-karamellu-18x100gr","status":"publish","type":"product","link":"https:\/\/kallik.is\/en\/product\/lindor-salt-karamellu-18x100gr\/","title":{"rendered":"Lindor Salt Karamellu 18x100gr"},"content":{"rendered":"<p>Sykur, jurtafita, kak\u00f3smj\u00f6r, n\u00d5mj\u00f3lkurduft, kak\u00f3massi, lakt\u00f3si, karamella 2% (sykur, kak\u00f3smj\u00f6r, rj\u00f3maduft, salt, \u00d5ruefni (sojalesit\u00edn)), undanrennuduft, vatnsfr\u00ed mj\u00f3lk Fita, \u00d5ruefni (sojalesit\u00edn), brag\u00a8efni, sj\u00e1varsalt (Fleur De Sel) 0,2%, byggmalt\u00cfykkni, salt, mj\u00f3lkurs\u00fakkula\u00a8i inniheldur: Kak\u00f3fast efni: 31 % , Mj\u00f3lkurefni: 20 %.<\/p>","protected":false},"excerpt":{"rendered":"<p>Sykur, jurtafita, kak\u00f3smj\u00f6r, n\u00d5mj\u00f3lkurduft, kak\u00f3massi, lakt\u00f3si, karamella 2% (sykur, kak\u00f3smj\u00f6r, rj\u00f3maduft, salt, \u00d5ruefni (sojalesit\u00edn)), undanrennuduft, vatnsfr\u00ed mj\u00f3lk Fita, \u00d5ruefni (sojalesit\u00edn), brag\u00a8efni, sj\u00e1varsalt (Fleur De Sel) 0,2%, byggmalt\u00cfykkni, salt, mj\u00f3lkurs\u00fakkula\u00a8i inniheldur: Kak\u00f3fast efni: 31 % , Mj\u00f3lkurefni: 20 %.<\/p>","protected":false},"featured_media":7757,"comment_status":"closed","ping_status":"closed","template":"","meta":{"_acf_changed":false},"product_brand":[],"product_cat":[41,40],"product_tag":[],"class_list":{"0":"post-7758","1":"product","2":"type-product","3":"status-publish","4":"has-post-thumbnail","6":"product_cat-lindt","7":"product_cat-saelgaeti","9":"first","10":"instock","11":"taxable","12":"shipping-taxable","13":"purchasable","14":"product-type-simple"},"acf":[],"jetpack_sharing_enabled":true,"_links":{"self":[{"href":"https:\/\/kallik.is\/en\/wp-json\/wp\/v2\/product\/7758","targetHints":{"allow":["GET"]}}],"collection":[{"href":"https:\/\/kallik.is\/en\/wp-json\/wp\/v2\/product"}],"about":[{"href":"https:\/\/kallik.is\/en\/wp-json\/wp\/v2\/types\/product"}],"replies":[{"embeddable":true,"href":"https:\/\/kallik.is\/en\/wp-json\/wp\/v2\/comments?post=7758"}],"wp:featuredmedia":[{"embeddable":true,"href":"https:\/\/kallik.is\/en\/wp-json\/wp\/v2\/media\/7757"}],"wp:attachment":[{"href":"https:\/\/kallik.is\/en\/wp-json\/wp\/v2\/media?parent=7758"}],"wp:term":[{"taxonomy":"product_brand","embeddable":true,"href":"https:\/\/kallik.is\/en\/wp-json\/wp\/v2\/product_brand?post=7758"},{"taxonomy":"product_cat","embeddable":true,"href":"https:\/\/kallik.is\/en\/wp-json\/wp\/v2\/product_cat?post=7758"},{"taxonomy":"product_tag","embeddable":true,"href":"https:\/\/kallik.is\/en\/wp-json\/wp\/v2\/product_tag?post=7758"}],"curies":[{"name":"wp","href":"https:\/\/api.w.org\/{rel}","templated":true}]}}