{"id":7609,"date":"2024-04-02T14:09:59","date_gmt":"2024-04-02T14:09:59","guid":{"rendered":"https:\/\/kallik.is\/product\/chateau-malartic-lagraviere-pessac-leognan\/"},"modified":"2025-10-07T17:20:41","modified_gmt":"2025-10-07T17:20:41","slug":"chateau-malartic-lagraviere-pessac-leognan","status":"publish","type":"product","link":"https:\/\/kallik.is\/en\/product\/chateau-malartic-lagraviere-pessac-leognan\/","title":{"rendered":"Ch\u00e2teau Malartic-Lagravi\u00e8re Pessac-L\u00e9ognan (Grand Cru Class\u00e9 de Graves)"},"content":{"rendered":"<p><\/p>","protected":false},"excerpt":{"rendered":"","protected":false},"featured_media":7638,"comment_status":"closed","ping_status":"closed","template":"","meta":{"_acf_changed":false},"product_brand":[],"product_cat":[43],"product_tag":[],"class_list":{"0":"post-7609","1":"product","2":"type-product","3":"status-publish","4":"has-post-thumbnail","6":"product_cat-raudvin","7":"hide-add-to-cart-button","9":"first","10":"outofstock","11":"taxable","12":"shipping-taxable","13":"purchasable","14":"product-type-simple"},"acf":[],"jetpack_sharing_enabled":true,"_links":{"self":[{"href":"https:\/\/kallik.is\/en\/wp-json\/wp\/v2\/product\/7609","targetHints":{"allow":["GET"]}}],"collection":[{"href":"https:\/\/kallik.is\/en\/wp-json\/wp\/v2\/product"}],"about":[{"href":"https:\/\/kallik.is\/en\/wp-json\/wp\/v2\/types\/product"}],"replies":[{"embeddable":true,"href":"https:\/\/kallik.is\/en\/wp-json\/wp\/v2\/comments?post=7609"}],"wp:featuredmedia":[{"embeddable":true,"href":"https:\/\/kallik.is\/en\/wp-json\/wp\/v2\/media\/7638"}],"wp:attachment":[{"href":"https:\/\/kallik.is\/en\/wp-json\/wp\/v2\/media?parent=7609"}],"wp:term":[{"taxonomy":"product_brand","embeddable":true,"href":"https:\/\/kallik.is\/en\/wp-json\/wp\/v2\/product_brand?post=7609"},{"taxonomy":"product_cat","embeddable":true,"href":"https:\/\/kallik.is\/en\/wp-json\/wp\/v2\/product_cat?post=7609"},{"taxonomy":"product_tag","embeddable":true,"href":"https:\/\/kallik.is\/en\/wp-json\/wp\/v2\/product_tag?post=7609"}],"curies":[{"name":"wp","href":"https:\/\/api.w.org\/{rel}","templated":true}]}}