{"id":7579,"date":"2024-04-02T12:25:22","date_gmt":"2024-04-02T12:25:22","guid":{"rendered":"https:\/\/kallik.is\/product\/catena-zapata-malbec-argentino-2019\/"},"modified":"2026-03-17T09:43:27","modified_gmt":"2026-03-17T09:43:27","slug":"catena-zapata-malbec-argentino-2019","status":"publish","type":"product","link":"https:\/\/kallik.is\/en\/product\/catena-zapata-malbec-argentino-2019\/","title":{"rendered":"Catena Zapata Malbec Argentino 2019"},"content":{"rendered":"<p>Catena Zapata Malbec Argentino 2019 merki\u00a8 er nokku\u00a8 \u00e1berandi og segir s\u00edna s\u00f6gu \u00ed gegnum h\u00f6nnunina. \u00b4 henni eru fj\u00f3rar konur sem hver um sig t\u00e1knar mikilv\u00e6gan kafla \u00ed s\u00f6gu Malbec-\u00cfr\u00fagunnar:<\/p>\n<p><\/p>\n<p><strong>\u0153 Eleanor fr\u00e1 Aquitaine:<\/strong> H\u00fan t\u00e1knar f\u00e6\u00a8ingu Malbec \u00ed Cahors, Frakklandi \u00e1 12. \u00f6ld.<\/p>\n<p><\/p>\n<p><strong>\u0153 The Immigrant:<\/strong> \u00d0essi mynd t\u00e1knar fer\u00a8 Malbec til n\u00d5ja heimsins, sem t\u00e1knar landk\u00f6nnu\u00a8ina sem komu me\u00a8 hann til Amer\u00edku.<\/p>\n<p><\/p>\n<p><strong>\u0153 Madame Phylloxera:<\/strong> \u00d0etta er \u00f3v\u00e6ntari karakter, en mikilv\u00e6gur. Phylloxera t\u00e1knar bla\u00a8l\u00fas sem ey\u00a8ilag\u00a8i evr\u00f3pskar v\u00ednekrur seint \u00e1 19. \u00f6ld, sem leiddi til hnignunar Malbec \u00cfar. Hins vegar ruddi \u00cfetta einnig brautina fyrir uppgang \u00cfess \u00ed Argent\u00ednu.<\/p>\n<p><\/p>\n<p><strong>\u0153 Adrianna Catena:<\/strong> S\u00ed\u00a8asta konan s\u00d5nir Bodega Catena Zapata fr\u00e1 Argent\u00ednu, n\u00e1nar tilteki\u00a8 Adrianna Catena, sem er talin hafa veri\u00a8 brautry\u00a8jandi \u00ed h\u00e1h\u00e6\u00a8um Malbec-v\u00ednekrum \u00ed Argent\u00ednu.<\/p>\n<p><\/p>\n<p>Me\u00a8 \u00cfv\u00ed a\u00a8 s\u00d5na \u00cfessar fj\u00f3rar konur undirstrikar merki\u00a8 fer\u00a8 Malbec-\u00cfr\u00fagunnar fr\u00e1 Frakklandi til n\u00faverandi st\u00f6\u00a8u hennar sem einkennis\u00cfr\u00fagu Argent\u00ednu. H\u00f6nnunin er samstarfsverkefni Stranger &amp; Stranger, h\u00f6nnunarstofu, og listamannsins Rick Shaefer<\/p>","protected":false},"excerpt":{"rendered":"<p>Catena Zapata Malbec Argentino 2019 merki\u00a8 er nokku\u00a8 \u00e1berandi og segir s\u00edna s\u00f6gu \u00ed gegnum h\u00f6nnunina. \u00b4 henni eru fj\u00f3rar konur sem hver um sig t\u00e1knar mikilv\u00e6gan kafla \u00ed s\u00f6gu Malbec-\u00cfr\u00fagunnar: \u0153 Eleanor fr\u00e1 Aquitaine: H\u00fan t\u00e1knar f\u00e6\u00a8ingu Malbec \u00ed Cahors, Frakklandi \u00e1 12. \u00f6ld. \u0153 The Immigrant: \u00d0essi mynd t\u00e1knar fer\u00a8 Malbec til n\u00d5ja [&hellip;]<\/p>\n","protected":false},"featured_media":7578,"comment_status":"closed","ping_status":"closed","template":"","meta":{"_acf_changed":false},"product_brand":[],"product_cat":[43],"product_tag":[],"class_list":{"0":"post-7579","1":"product","2":"type-product","3":"status-publish","4":"has-post-thumbnail","6":"product_cat-raudvin","7":"hide-add-to-cart-button","9":"first","10":"instock","11":"taxable","12":"shipping-taxable","13":"purchasable","14":"product-type-simple"},"acf":[],"jetpack_sharing_enabled":true,"_links":{"self":[{"href":"https:\/\/kallik.is\/en\/wp-json\/wp\/v2\/product\/7579","targetHints":{"allow":["GET"]}}],"collection":[{"href":"https:\/\/kallik.is\/en\/wp-json\/wp\/v2\/product"}],"about":[{"href":"https:\/\/kallik.is\/en\/wp-json\/wp\/v2\/types\/product"}],"replies":[{"embeddable":true,"href":"https:\/\/kallik.is\/en\/wp-json\/wp\/v2\/comments?post=7579"}],"wp:featuredmedia":[{"embeddable":true,"href":"https:\/\/kallik.is\/en\/wp-json\/wp\/v2\/media\/7578"}],"wp:attachment":[{"href":"https:\/\/kallik.is\/en\/wp-json\/wp\/v2\/media?parent=7579"}],"wp:term":[{"taxonomy":"product_brand","embeddable":true,"href":"https:\/\/kallik.is\/en\/wp-json\/wp\/v2\/product_brand?post=7579"},{"taxonomy":"product_cat","embeddable":true,"href":"https:\/\/kallik.is\/en\/wp-json\/wp\/v2\/product_cat?post=7579"},{"taxonomy":"product_tag","embeddable":true,"href":"https:\/\/kallik.is\/en\/wp-json\/wp\/v2\/product_tag?post=7579"}],"curies":[{"name":"wp","href":"https:\/\/api.w.org\/{rel}","templated":true}]}}