{"id":7552,"date":"2024-03-19T11:03:28","date_gmt":"2024-03-19T11:03:28","guid":{"rendered":"https:\/\/kallik.is\/product\/moving-mountains-fish-fingers-10x300g\/"},"modified":"2026-04-17T10:01:58","modified_gmt":"2026-04-17T10:01:58","slug":"moving-mountains-fish-fingers-10x300g","status":"publish","type":"product","link":"https:\/\/kallik.is\/en\/product\/moving-mountains-fish-fingers-10x300g\/","title":{"rendered":"Moving Mountains Fish Fingers 10x300g"},"content":{"rendered":"<p>Vatn, hveiti, gr\u00e6nmetispr\u00f3tein (sojapr\u00f3tein\u00cfykkni), jurtaol\u00eda (s\u00f3lbl\u00f3maol\u00eda, repja), sterkja (ma\u00eds, hveiti, kart\u00f6flur, hr\u00edsgrj\u00f3n), \u00cfykkingarefni (met\u00d5lsellul\u00f3sa, sellul\u00f3sa), n\u00e1tt\u00farulegt brag\u00a8efni, salt, malt\u00f3dextr\u00edn, kryddsey\u00a8i, krydd.<\/p>","protected":false},"excerpt":{"rendered":"<p>Vatn, hveiti, gr\u00e6nmetispr\u00f3tein (sojapr\u00f3tein\u00cfykkni), jurtaol\u00eda (s\u00f3lbl\u00f3maol\u00eda, repja), sterkja (ma\u00eds, hveiti, kart\u00f6flur, hr\u00edsgrj\u00f3n), \u00cfykkingarefni (met\u00d5lsellul\u00f3sa, sellul\u00f3sa), n\u00e1tt\u00farulegt brag\u00a8efni, salt, malt\u00f3dextr\u00edn, kryddsey\u00a8i, krydd.<\/p>","protected":false},"featured_media":7551,"comment_status":"closed","ping_status":"closed","template":"","meta":{"_acf_changed":false},"product_brand":[],"product_cat":[17],"product_tag":[],"class_list":{"0":"post-7552","1":"product","2":"type-product","3":"status-publish","4":"has-post-thumbnail","6":"product_cat-vegan","8":"first","9":"instock","10":"taxable","11":"shipping-taxable","12":"purchasable","13":"product-type-simple"},"acf":[],"jetpack_sharing_enabled":true,"_links":{"self":[{"href":"https:\/\/kallik.is\/en\/wp-json\/wp\/v2\/product\/7552","targetHints":{"allow":["GET"]}}],"collection":[{"href":"https:\/\/kallik.is\/en\/wp-json\/wp\/v2\/product"}],"about":[{"href":"https:\/\/kallik.is\/en\/wp-json\/wp\/v2\/types\/product"}],"replies":[{"embeddable":true,"href":"https:\/\/kallik.is\/en\/wp-json\/wp\/v2\/comments?post=7552"}],"wp:featuredmedia":[{"embeddable":true,"href":"https:\/\/kallik.is\/en\/wp-json\/wp\/v2\/media\/7551"}],"wp:attachment":[{"href":"https:\/\/kallik.is\/en\/wp-json\/wp\/v2\/media?parent=7552"}],"wp:term":[{"taxonomy":"product_brand","embeddable":true,"href":"https:\/\/kallik.is\/en\/wp-json\/wp\/v2\/product_brand?post=7552"},{"taxonomy":"product_cat","embeddable":true,"href":"https:\/\/kallik.is\/en\/wp-json\/wp\/v2\/product_cat?post=7552"},{"taxonomy":"product_tag","embeddable":true,"href":"https:\/\/kallik.is\/en\/wp-json\/wp\/v2\/product_tag?post=7552"}],"curies":[{"name":"wp","href":"https:\/\/api.w.org\/{rel}","templated":true}]}}