{"id":7550,"date":"2024-03-19T11:03:19","date_gmt":"2024-03-19T11:03:19","guid":{"rendered":"https:\/\/kallik.is\/product\/moving-mountains-burgers-2x113g-6-i-ks\/"},"modified":"2026-04-29T15:59:50","modified_gmt":"2026-04-29T15:59:50","slug":"moving-mountains-burgers-2x113g-6-i-ks","status":"publish","type":"product","link":"https:\/\/kallik.is\/en\/product\/moving-mountains-burgers-2x113g-6-i-ks\/","title":{"rendered":"Moving Mountains burgers 2x113g 6 \u00ed ks"},"content":{"rendered":"<p>Vatn, gr\u00e6nmeti (ostrusveppir, sveppir, laukur), jurtaol\u00eda (k\u00f3kos), gr\u00e6nmetispr\u00f3tein (sojapr\u00f3tein, sojapr\u00f3teinisolat, ertapr\u00f3teinisolat), hveitigl\u00faten, n\u00e1tt\u00farulegt brag\u00a8efni, sterkja (hveiti), hafratrefjar, \u00cfykkingarefni (met\u00d5l sellul\u00f3sa), byggmaltsey\u00a8i, edik, litur (rau\u00a8r\u00f3fur), salt, rotvarnarefni (mj\u00f3lkurs\u00d5ra), v\u00edtam\u00edn B12.<\/p>","protected":false},"excerpt":{"rendered":"<p>Vatn, gr\u00e6nmeti (ostrusveppir, sveppir, laukur), jurtaol\u00eda (k\u00f3kos), gr\u00e6nmetispr\u00f3tein (sojapr\u00f3tein, sojapr\u00f3teinisolat, ertapr\u00f3teinisolat), hveitigl\u00faten, n\u00e1tt\u00farulegt brag\u00a8efni, sterkja (hveiti), hafratrefjar, \u00cfykkingarefni (met\u00d5l sellul\u00f3sa), byggmaltsey\u00a8i, edik, litur (rau\u00a8r\u00f3fur), salt, rotvarnarefni (mj\u00f3lkurs\u00d5ra), v\u00edtam\u00edn B12.<\/p>","protected":false},"featured_media":7549,"comment_status":"closed","ping_status":"closed","template":"","meta":{"_acf_changed":false},"product_brand":[],"product_cat":[17],"product_tag":[],"class_list":{"0":"post-7550","1":"product","2":"type-product","3":"status-publish","4":"has-post-thumbnail","6":"product_cat-vegan","8":"first","9":"instock","10":"taxable","11":"shipping-taxable","12":"purchasable","13":"product-type-simple"},"acf":[],"jetpack_sharing_enabled":true,"_links":{"self":[{"href":"https:\/\/kallik.is\/en\/wp-json\/wp\/v2\/product\/7550","targetHints":{"allow":["GET"]}}],"collection":[{"href":"https:\/\/kallik.is\/en\/wp-json\/wp\/v2\/product"}],"about":[{"href":"https:\/\/kallik.is\/en\/wp-json\/wp\/v2\/types\/product"}],"replies":[{"embeddable":true,"href":"https:\/\/kallik.is\/en\/wp-json\/wp\/v2\/comments?post=7550"}],"wp:featuredmedia":[{"embeddable":true,"href":"https:\/\/kallik.is\/en\/wp-json\/wp\/v2\/media\/7549"}],"wp:attachment":[{"href":"https:\/\/kallik.is\/en\/wp-json\/wp\/v2\/media?parent=7550"}],"wp:term":[{"taxonomy":"product_brand","embeddable":true,"href":"https:\/\/kallik.is\/en\/wp-json\/wp\/v2\/product_brand?post=7550"},{"taxonomy":"product_cat","embeddable":true,"href":"https:\/\/kallik.is\/en\/wp-json\/wp\/v2\/product_cat?post=7550"},{"taxonomy":"product_tag","embeddable":true,"href":"https:\/\/kallik.is\/en\/wp-json\/wp\/v2\/product_tag?post=7550"}],"curies":[{"name":"wp","href":"https:\/\/api.w.org\/{rel}","templated":true}]}}