{"id":7548,"date":"2024-03-19T11:03:10","date_gmt":"2024-03-19T11:03:10","guid":{"rendered":"https:\/\/kallik.is\/product\/moving-mountains-hotdog-4x60g-6-i-ks\/"},"modified":"2026-04-17T08:57:43","modified_gmt":"2026-04-17T08:57:43","slug":"moving-mountains-hotdog-4x60g-6-i-ks","status":"publish","type":"product","link":"https:\/\/kallik.is\/en\/product\/moving-mountains-hotdog-4x60g-6-i-ks\/","title":{"rendered":"Moving Mountains Hotdog 4x60g 6 \u00ed ks"},"content":{"rendered":"<p>Vatn, gr\u00e6nmeti (gulr\u00f3t, laukur), jurtaol\u00eda (k\u00f3kosol\u00eda), s\u00f3lbl\u00f3mafr\u00e6, karragenan (rautt \u00cfangsey\u00a8i), met\u00d5lsellul\u00f3sa, f\u00e6\u00a8utrefjar (konjac r\u00f3t), salt, n\u00e1tt\u00farulegt brag\u00a8efni, krydd\u00cfykkni, dextr\u00f3sa einh\u00d5drat, krydd, mj\u00f3lkurs\u00d5ru s\u00d5ra, ger\u00cfykkni, litur (j\u00e1rnox\u00ed\u00a8), reykbrag\u00a8.<\/p>","protected":false},"excerpt":{"rendered":"<p>Vatn, gr\u00e6nmeti (gulr\u00f3t, laukur), jurtaol\u00eda (k\u00f3kosol\u00eda), s\u00f3lbl\u00f3mafr\u00e6, karragenan (rautt \u00cfangsey\u00a8i), met\u00d5lsellul\u00f3sa, f\u00e6\u00a8utrefjar (konjac r\u00f3t), salt, n\u00e1tt\u00farulegt brag\u00a8efni, krydd\u00cfykkni, dextr\u00f3sa einh\u00d5drat, krydd, mj\u00f3lkurs\u00d5ru s\u00d5ra, ger\u00cfykkni, litur (j\u00e1rnox\u00ed\u00a8), reykbrag\u00a8.<\/p>","protected":false},"featured_media":7547,"comment_status":"closed","ping_status":"closed","template":"","meta":{"_acf_changed":false},"product_brand":[],"product_cat":[17],"product_tag":[],"class_list":{"0":"post-7548","1":"product","2":"type-product","3":"status-publish","4":"has-post-thumbnail","6":"product_cat-vegan","8":"first","9":"outofstock","10":"taxable","11":"shipping-taxable","12":"purchasable","13":"product-type-simple"},"acf":[],"jetpack_sharing_enabled":true,"_links":{"self":[{"href":"https:\/\/kallik.is\/en\/wp-json\/wp\/v2\/product\/7548","targetHints":{"allow":["GET"]}}],"collection":[{"href":"https:\/\/kallik.is\/en\/wp-json\/wp\/v2\/product"}],"about":[{"href":"https:\/\/kallik.is\/en\/wp-json\/wp\/v2\/types\/product"}],"replies":[{"embeddable":true,"href":"https:\/\/kallik.is\/en\/wp-json\/wp\/v2\/comments?post=7548"}],"wp:featuredmedia":[{"embeddable":true,"href":"https:\/\/kallik.is\/en\/wp-json\/wp\/v2\/media\/7547"}],"wp:attachment":[{"href":"https:\/\/kallik.is\/en\/wp-json\/wp\/v2\/media?parent=7548"}],"wp:term":[{"taxonomy":"product_brand","embeddable":true,"href":"https:\/\/kallik.is\/en\/wp-json\/wp\/v2\/product_brand?post=7548"},{"taxonomy":"product_cat","embeddable":true,"href":"https:\/\/kallik.is\/en\/wp-json\/wp\/v2\/product_cat?post=7548"},{"taxonomy":"product_tag","embeddable":true,"href":"https:\/\/kallik.is\/en\/wp-json\/wp\/v2\/product_tag?post=7548"}],"curies":[{"name":"wp","href":"https:\/\/api.w.org\/{rel}","templated":true}]}}