{"id":7536,"date":"2024-03-15T14:08:55","date_gmt":"2024-03-15T14:08:55","guid":{"rendered":"https:\/\/kallik.is\/product\/lusco-albarino\/"},"modified":"2026-03-26T09:38:36","modified_gmt":"2026-03-26T09:38:36","slug":"lusco-albarino","status":"publish","type":"product","link":"https:\/\/kallik.is\/en\/product\/lusco-albarino\/","title":{"rendered":"Lusco Albarino"},"content":{"rendered":"<p>Lusco er l\u00edtill sj\u00e1lfst\u00e6tt rekinn v\u00edngar\u00f0ur \u00ed eigu hins fr\u00e6ga v\u00ednframlei\u00f0anda Beronia en hefur s\u00edna sj\u00e1lfst\u00e6\u00f0u starfsemi sem tryggir g\u00e6\u00f0i \u00ed v\u00edninu og fr\u00e1b\u00e6ra eiginleika.<\/p>\n<p><\/p>\n<p>&#8222;\u00deurr-, s\u00edtrus- og s\u00edtr\u00f3nukeimur. Fallegur litur, g\u00f3\u00f0 lykt. Mj\u00f6g gott me\u00f0 tapas.&#8220;<\/p>","protected":false},"excerpt":{"rendered":"<p>Lusco er l\u00edtill sj\u00e1lfst\u00e6tt rekinn v\u00edngar\u00f0ur \u00ed eigu hins fr\u00e6ga v\u00ednframlei\u00f0anda Beronia en hefur s\u00edna sj\u00e1lfst\u00e6\u00f0u starfsemi sem tryggir g\u00e6\u00f0i \u00ed v\u00edninu og fr\u00e1b\u00e6ra eiginleika. &#8222;\u00deurr-, s\u00edtrus- og s\u00edtr\u00f3nukeimur. Fallegur litur, g\u00f3\u00f0 lykt. Mj\u00f6g gott me\u00f0 tapas.&#8220;<\/p>","protected":false},"featured_media":7535,"comment_status":"closed","ping_status":"closed","template":"","meta":{"_acf_changed":false},"product_brand":[],"product_cat":[42,52],"product_tag":[],"class_list":{"0":"post-7536","1":"product","2":"type-product","3":"status-publish","4":"has-post-thumbnail","6":"product_cat-afengi","7":"product_cat-hvitvin","8":"hide-add-to-cart-button","10":"first","11":"instock","12":"taxable","13":"shipping-taxable","14":"purchasable","15":"product-type-simple"},"acf":[],"jetpack_sharing_enabled":true,"_links":{"self":[{"href":"https:\/\/kallik.is\/en\/wp-json\/wp\/v2\/product\/7536","targetHints":{"allow":["GET"]}}],"collection":[{"href":"https:\/\/kallik.is\/en\/wp-json\/wp\/v2\/product"}],"about":[{"href":"https:\/\/kallik.is\/en\/wp-json\/wp\/v2\/types\/product"}],"replies":[{"embeddable":true,"href":"https:\/\/kallik.is\/en\/wp-json\/wp\/v2\/comments?post=7536"}],"wp:featuredmedia":[{"embeddable":true,"href":"https:\/\/kallik.is\/en\/wp-json\/wp\/v2\/media\/7535"}],"wp:attachment":[{"href":"https:\/\/kallik.is\/en\/wp-json\/wp\/v2\/media?parent=7536"}],"wp:term":[{"taxonomy":"product_brand","embeddable":true,"href":"https:\/\/kallik.is\/en\/wp-json\/wp\/v2\/product_brand?post=7536"},{"taxonomy":"product_cat","embeddable":true,"href":"https:\/\/kallik.is\/en\/wp-json\/wp\/v2\/product_cat?post=7536"},{"taxonomy":"product_tag","embeddable":true,"href":"https:\/\/kallik.is\/en\/wp-json\/wp\/v2\/product_tag?post=7536"}],"curies":[{"name":"wp","href":"https:\/\/api.w.org\/{rel}","templated":true}]}}