{"id":7522,"date":"2024-03-12T11:01:46","date_gmt":"2024-03-12T11:01:46","guid":{"rendered":"https:\/\/kallik.is\/product\/moma-oat-barista-pro-1ltr-gluten-free-12-i-ks\/"},"modified":"2026-04-30T11:07:34","modified_gmt":"2026-04-30T11:07:34","slug":"moma-oat-barista-pro-1ltr-gluten-free-12-i-ks","status":"publish","type":"product","link":"https:\/\/kallik.is\/en\/product\/moma-oat-barista-pro-1ltr-gluten-free-12-i-ks\/","title":{"rendered":"MOMA Oat Barista pro 1ltr gluten free 12 \u00ed ks"},"content":{"rendered":"<p>Hafragrunnur (vatn, gl\u00fatenlausir hafrar 12%), repjuol\u00eda, s\u00d5rustillir (d\u00edkal\u00edumfosfat), kals\u00edumkarb\u00f3nat, salt, v\u00edtam\u00edn: D3, B2 (r\u00edb\u00f3flav\u00edn), B12, kal\u00edumjo\u00a8\u00ed\u00a8.<\/p>","protected":false},"excerpt":{"rendered":"<p>Hafragrunnur (vatn, gl\u00fatenlausir hafrar 12%), repjuol\u00eda, s\u00d5rustillir (d\u00edkal\u00edumfosfat), kals\u00edumkarb\u00f3nat, salt, v\u00edtam\u00edn: D3, B2 (r\u00edb\u00f3flav\u00edn), B12, kal\u00edumjo\u00a8\u00ed\u00a8.<\/p>","protected":false},"featured_media":19486,"comment_status":"closed","ping_status":"closed","template":"","meta":{"_acf_changed":false},"product_brand":[],"product_cat":[173,143,67],"product_tag":[],"class_list":{"0":"post-7522","1":"product","2":"type-product","3":"status-publish","4":"has-post-thumbnail","6":"product_cat-glutenlaust","7":"product_cat-jurtamjolkrjomi","8":"product_cat-matvara","10":"first","11":"instock","12":"taxable","13":"shipping-taxable","14":"purchasable","15":"product-type-simple"},"acf":[],"jetpack_sharing_enabled":true,"_links":{"self":[{"href":"https:\/\/kallik.is\/en\/wp-json\/wp\/v2\/product\/7522","targetHints":{"allow":["GET"]}}],"collection":[{"href":"https:\/\/kallik.is\/en\/wp-json\/wp\/v2\/product"}],"about":[{"href":"https:\/\/kallik.is\/en\/wp-json\/wp\/v2\/types\/product"}],"replies":[{"embeddable":true,"href":"https:\/\/kallik.is\/en\/wp-json\/wp\/v2\/comments?post=7522"}],"wp:featuredmedia":[{"embeddable":true,"href":"https:\/\/kallik.is\/en\/wp-json\/wp\/v2\/media\/19486"}],"wp:attachment":[{"href":"https:\/\/kallik.is\/en\/wp-json\/wp\/v2\/media?parent=7522"}],"wp:term":[{"taxonomy":"product_brand","embeddable":true,"href":"https:\/\/kallik.is\/en\/wp-json\/wp\/v2\/product_brand?post=7522"},{"taxonomy":"product_cat","embeddable":true,"href":"https:\/\/kallik.is\/en\/wp-json\/wp\/v2\/product_cat?post=7522"},{"taxonomy":"product_tag","embeddable":true,"href":"https:\/\/kallik.is\/en\/wp-json\/wp\/v2\/product_tag?post=7522"}],"curies":[{"name":"wp","href":"https:\/\/api.w.org\/{rel}","templated":true}]}}