{"id":7520,"date":"2024-03-12T10:40:59","date_gmt":"2024-03-12T10:40:59","guid":{"rendered":"https:\/\/kallik.is\/product\/moma-cacao-hazelnut-gluten-free-12x65g\/"},"modified":"2026-02-10T14:12:22","modified_gmt":"2026-02-10T14:12:22","slug":"moma-cacao-hazelnut-gluten-free-12x65g","status":"publish","type":"product","link":"https:\/\/kallik.is\/en\/product\/moma-cacao-hazelnut-gluten-free-12x65g\/","title":{"rendered":"MOMA cacao &amp; hazelnut gluten free 12x65g"},"content":{"rendered":"<p>Heilkorn <strong>gl\u00fateinlausir hafrar<\/strong> (55%), <strong>undanrennuduft<\/strong>, d\u00f6\u00a8lur (d\u00f6\u00a8lur, hr\u00edsgrj\u00f3namj\u00f6l), rista\u00a8ar mala\u00a8ar <strong>heslihnetur<\/strong> (9%), k\u00f3kossykur, kak\u00f3duft (4%)<\/p>\n<p>Ofn\u00e6misr\u00e1\u00a8: Fyrir ofn\u00e6misvalda sj\u00e1 innihaldsefnin feitletru\u00a8. Pakka\u00a8 \u00ed verksmi\u00a8ju sem s\u00e9r um jar\u00a8hnetur, hnetur og mj\u00f3lk. Hentar fyrir gr\u00e6nmetis\u00e6tur<\/p>","protected":false},"excerpt":{"rendered":"<p>Heilkorn gl\u00fateinlausir hafrar (55%), undanrennuduft, d\u00f6\u00a8lur (d\u00f6\u00a8lur, hr\u00edsgrj\u00f3namj\u00f6l), rista\u00a8ar mala\u00a8ar heslihnetur (9%), k\u00f3kossykur, kak\u00f3duft (4%) Ofn\u00e6misr\u00e1\u00a8: Fyrir ofn\u00e6misvalda sj\u00e1 innihaldsefnin feitletru\u00a8. Pakka\u00a8 \u00ed verksmi\u00a8ju sem s\u00e9r um jar\u00a8hnetur, hnetur og mj\u00f3lk. Hentar fyrir gr\u00e6nmetis\u00e6tur<\/p>","protected":false},"featured_media":19489,"comment_status":"closed","ping_status":"closed","template":"","meta":{"_acf_changed":false},"product_brand":[],"product_cat":[173,163],"product_tag":[],"class_list":{"0":"post-7520","1":"product","2":"type-product","3":"status-publish","4":"has-post-thumbnail","6":"product_cat-glutenlaust","7":"product_cat-morgunkorn","9":"first","10":"outofstock","11":"taxable","12":"shipping-taxable","13":"purchasable","14":"product-type-simple"},"acf":[],"jetpack_sharing_enabled":true,"_links":{"self":[{"href":"https:\/\/kallik.is\/en\/wp-json\/wp\/v2\/product\/7520","targetHints":{"allow":["GET"]}}],"collection":[{"href":"https:\/\/kallik.is\/en\/wp-json\/wp\/v2\/product"}],"about":[{"href":"https:\/\/kallik.is\/en\/wp-json\/wp\/v2\/types\/product"}],"replies":[{"embeddable":true,"href":"https:\/\/kallik.is\/en\/wp-json\/wp\/v2\/comments?post=7520"}],"wp:featuredmedia":[{"embeddable":true,"href":"https:\/\/kallik.is\/en\/wp-json\/wp\/v2\/media\/19489"}],"wp:attachment":[{"href":"https:\/\/kallik.is\/en\/wp-json\/wp\/v2\/media?parent=7520"}],"wp:term":[{"taxonomy":"product_brand","embeddable":true,"href":"https:\/\/kallik.is\/en\/wp-json\/wp\/v2\/product_brand?post=7520"},{"taxonomy":"product_cat","embeddable":true,"href":"https:\/\/kallik.is\/en\/wp-json\/wp\/v2\/product_cat?post=7520"},{"taxonomy":"product_tag","embeddable":true,"href":"https:\/\/kallik.is\/en\/wp-json\/wp\/v2\/product_tag?post=7520"}],"curies":[{"name":"wp","href":"https:\/\/api.w.org\/{rel}","templated":true}]}}