{"id":7518,"date":"2024-04-11T10:40:48","date_gmt":"2024-04-11T10:40:48","guid":{"rendered":"https:\/\/kallik.is\/product\/moma-golden-syrup-pot-12x70g\/"},"modified":"2026-04-29T12:21:51","modified_gmt":"2026-04-29T12:21:51","slug":"moma-golden-syrup-pot-12x70g","status":"publish","type":"product","link":"https:\/\/kallik.is\/en\/product\/moma-golden-syrup-pot-12x70g\/","title":{"rendered":"MOMA Golden Syrup POT 12x70g"},"content":{"rendered":"<p>Heilkorn <strong>gl\u00fateinlausir hafrar<\/strong> (69%), <strong>undanrennuduft<\/strong>, sykur, n\u00e1tt\u00farulegt brag\u00a8efni<\/p>\n<p>Ofn\u00e6misr\u00e1\u00a8: Fyrir ofn\u00e6misvalda sj\u00e1 innihaldsefnin feitletru\u00a8. Pakka\u00a8 \u00ed verksmi\u00a8ju sem s\u00e9r um jar\u00a8hnetur, hnetur og mj\u00f3lk, Hentar fyrir gr\u00e6nmetis\u00e6tur.<\/p>","protected":false},"excerpt":{"rendered":"<p>Heilkorn gl\u00fateinlausir hafrar (69%), undanrennuduft, sykur, n\u00e1tt\u00farulegt brag\u00a8efni Ofn\u00e6misr\u00e1\u00a8: Fyrir ofn\u00e6misvalda sj\u00e1 innihaldsefnin feitletru\u00a8. Pakka\u00a8 \u00ed verksmi\u00a8ju sem s\u00e9r um jar\u00a8hnetur, hnetur og mj\u00f3lk, Hentar fyrir gr\u00e6nmetis\u00e6tur.<\/p>","protected":false},"featured_media":19479,"comment_status":"closed","ping_status":"closed","template":"","meta":{"_acf_changed":false},"product_brand":[],"product_cat":[173,163],"product_tag":[],"class_list":{"0":"post-7518","1":"product","2":"type-product","3":"status-publish","4":"has-post-thumbnail","6":"product_cat-glutenlaust","7":"product_cat-morgunkorn","9":"first","10":"instock","11":"taxable","12":"shipping-taxable","13":"purchasable","14":"product-type-simple"},"acf":[],"jetpack_sharing_enabled":true,"_links":{"self":[{"href":"https:\/\/kallik.is\/en\/wp-json\/wp\/v2\/product\/7518","targetHints":{"allow":["GET"]}}],"collection":[{"href":"https:\/\/kallik.is\/en\/wp-json\/wp\/v2\/product"}],"about":[{"href":"https:\/\/kallik.is\/en\/wp-json\/wp\/v2\/types\/product"}],"replies":[{"embeddable":true,"href":"https:\/\/kallik.is\/en\/wp-json\/wp\/v2\/comments?post=7518"}],"wp:featuredmedia":[{"embeddable":true,"href":"https:\/\/kallik.is\/en\/wp-json\/wp\/v2\/media\/19479"}],"wp:attachment":[{"href":"https:\/\/kallik.is\/en\/wp-json\/wp\/v2\/media?parent=7518"}],"wp:term":[{"taxonomy":"product_brand","embeddable":true,"href":"https:\/\/kallik.is\/en\/wp-json\/wp\/v2\/product_brand?post=7518"},{"taxonomy":"product_cat","embeddable":true,"href":"https:\/\/kallik.is\/en\/wp-json\/wp\/v2\/product_cat?post=7518"},{"taxonomy":"product_tag","embeddable":true,"href":"https:\/\/kallik.is\/en\/wp-json\/wp\/v2\/product_tag?post=7518"}],"curies":[{"name":"wp","href":"https:\/\/api.w.org\/{rel}","templated":true}]}}