{"id":7517,"date":"2024-03-12T10:40:43","date_gmt":"2024-03-12T10:40:43","guid":{"rendered":"https:\/\/kallik.is\/product\/moma-cranberry-rasin-pot-12x70g\/"},"modified":"2026-04-29T12:21:50","modified_gmt":"2026-04-29T12:21:50","slug":"moma-cranberry-rasin-pot-12x70g","status":"publish","type":"product","link":"https:\/\/kallik.is\/en\/product\/moma-cranberry-rasin-pot-12x70g\/","title":{"rendered":"MOMA Cranberry &amp; Rasin POT 12x70g"},"content":{"rendered":"<p>Heilkorn <strong>gl\u00fateinlausir hafrar <\/strong>(63%), <strong>undanrennuduft<\/strong>, r\u00fas\u00ednur (7%), sykur, sykru\u00a8 \u00cfurrku\u00a8 tr\u00f6nuber (kr\u00f6nuber, sykur) (6%).<\/p>\n<p>Ofn\u00e6misr\u00e1\u00a8: Fyrir ofn\u00e6misvalda sj\u00e1 innihaldsefni feitletru\u00a8. Pakka\u00a8 \u00ed verksmi\u00a8ju sem s\u00e9r um jar\u00a8hnetur, hnetur og mj\u00f3lk. Hentar fyrir gr\u00e6nmetis\u00e6tur.<\/p>","protected":false},"excerpt":{"rendered":"<p>Heilkorn gl\u00fateinlausir hafrar (63%), undanrennuduft, r\u00fas\u00ednur (7%), sykur, sykru\u00a8 \u00cfurrku\u00a8 tr\u00f6nuber (kr\u00f6nuber, sykur) (6%). Ofn\u00e6misr\u00e1\u00a8: Fyrir ofn\u00e6misvalda sj\u00e1 innihaldsefni feitletru\u00a8. Pakka\u00a8 \u00ed verksmi\u00a8ju sem s\u00e9r um jar\u00a8hnetur, hnetur og mj\u00f3lk. Hentar fyrir gr\u00e6nmetis\u00e6tur.<\/p>","protected":false},"featured_media":19478,"comment_status":"closed","ping_status":"closed","template":"","meta":{"_acf_changed":false},"product_brand":[],"product_cat":[173,163],"product_tag":[],"class_list":{"0":"post-7517","1":"product","2":"type-product","3":"status-publish","4":"has-post-thumbnail","6":"product_cat-glutenlaust","7":"product_cat-morgunkorn","9":"first","10":"instock","11":"taxable","12":"shipping-taxable","13":"purchasable","14":"product-type-simple"},"acf":[],"jetpack_sharing_enabled":true,"_links":{"self":[{"href":"https:\/\/kallik.is\/en\/wp-json\/wp\/v2\/product\/7517","targetHints":{"allow":["GET"]}}],"collection":[{"href":"https:\/\/kallik.is\/en\/wp-json\/wp\/v2\/product"}],"about":[{"href":"https:\/\/kallik.is\/en\/wp-json\/wp\/v2\/types\/product"}],"replies":[{"embeddable":true,"href":"https:\/\/kallik.is\/en\/wp-json\/wp\/v2\/comments?post=7517"}],"wp:featuredmedia":[{"embeddable":true,"href":"https:\/\/kallik.is\/en\/wp-json\/wp\/v2\/media\/19478"}],"wp:attachment":[{"href":"https:\/\/kallik.is\/en\/wp-json\/wp\/v2\/media?parent=7517"}],"wp:term":[{"taxonomy":"product_brand","embeddable":true,"href":"https:\/\/kallik.is\/en\/wp-json\/wp\/v2\/product_brand?post=7517"},{"taxonomy":"product_cat","embeddable":true,"href":"https:\/\/kallik.is\/en\/wp-json\/wp\/v2\/product_cat?post=7517"},{"taxonomy":"product_tag","embeddable":true,"href":"https:\/\/kallik.is\/en\/wp-json\/wp\/v2\/product_tag?post=7517"}],"curies":[{"name":"wp","href":"https:\/\/api.w.org\/{rel}","templated":true}]}}