{"id":7459,"date":"2024-03-06T08:38:29","date_gmt":"2024-03-06T08:38:29","guid":{"rendered":"https:\/\/kallik.is\/product\/arpeggio-rose-750ml\/"},"modified":"2026-04-28T13:41:53","modified_gmt":"2026-04-28T13:41:53","slug":"arpeggio-rose-750ml","status":"publish","type":"product","link":"https:\/\/kallik.is\/en\/product\/arpeggio-rose-750ml\/","title":{"rendered":"Arpeggio Rose 750ml"},"content":{"rendered":"<p>Arpeggio l\u00ednan kemur fr\u00e1 Sikileyju og samanstendur af rau\u00f0u, hv\u00edtu og r\u00f3sa v\u00edni, styrkleiki 12%.&nbsp; Framleidd af ca 2000 fj\u00f6ldskyldum sem koma saman og deila me\u00f0 s\u00e9r af sinni v\u00ednkunn\u00e1ttu.&nbsp; Velkomin a\u00f0 k\u00edkja \u00e1 heimsas\u00ed\u00f0u \u00feeirra <a href=\"https:\/\/settesoli.com\/our-story\/\">https:\/\/settesoli.com\/our-story\/<\/a>.&nbsp; G\u00f3\u00f0 \u00f3d\u00fdr einf\u00f6ld v\u00edn sem passa vel fyrir veislur og allar samkomur.<\/p>","protected":false},"excerpt":{"rendered":"<p>Arpeggio l\u00ednan kemur fr\u00e1 Sikileyju og samanstendur af rau\u00f0u, hv\u00edtu og r\u00f3sa v\u00edni, styrkleiki 12%.&nbsp; Framleidd af ca 2000 fj\u00f6ldskyldum sem koma saman og deila me\u00f0 s\u00e9r af sinni v\u00ednkunn\u00e1ttu.&nbsp; Velkomin a\u00f0 k\u00edkja \u00e1 heimsas\u00ed\u00f0u \u00feeirra https:\/\/settesoli.com\/our-story\/.&nbsp; G\u00f3\u00f0 \u00f3d\u00fdr einf\u00f6ld v\u00edn sem passa vel fyrir veislur og allar samkomur.<\/p>","protected":false},"featured_media":7458,"comment_status":"closed","ping_status":"closed","template":"","meta":{"_acf_changed":false},"product_brand":[],"product_cat":[54],"product_tag":[],"class_list":{"0":"post-7459","1":"product","2":"type-product","3":"status-publish","4":"has-post-thumbnail","6":"product_cat-rosavin","7":"hide-add-to-cart-button","9":"first","10":"instock","11":"taxable","12":"shipping-taxable","13":"purchasable","14":"product-type-simple"},"acf":[],"jetpack_sharing_enabled":true,"_links":{"self":[{"href":"https:\/\/kallik.is\/en\/wp-json\/wp\/v2\/product\/7459","targetHints":{"allow":["GET"]}}],"collection":[{"href":"https:\/\/kallik.is\/en\/wp-json\/wp\/v2\/product"}],"about":[{"href":"https:\/\/kallik.is\/en\/wp-json\/wp\/v2\/types\/product"}],"replies":[{"embeddable":true,"href":"https:\/\/kallik.is\/en\/wp-json\/wp\/v2\/comments?post=7459"}],"wp:featuredmedia":[{"embeddable":true,"href":"https:\/\/kallik.is\/en\/wp-json\/wp\/v2\/media\/7458"}],"wp:attachment":[{"href":"https:\/\/kallik.is\/en\/wp-json\/wp\/v2\/media?parent=7459"}],"wp:term":[{"taxonomy":"product_brand","embeddable":true,"href":"https:\/\/kallik.is\/en\/wp-json\/wp\/v2\/product_brand?post=7459"},{"taxonomy":"product_cat","embeddable":true,"href":"https:\/\/kallik.is\/en\/wp-json\/wp\/v2\/product_cat?post=7459"},{"taxonomy":"product_tag","embeddable":true,"href":"https:\/\/kallik.is\/en\/wp-json\/wp\/v2\/product_tag?post=7459"}],"curies":[{"name":"wp","href":"https:\/\/api.w.org\/{rel}","templated":true}]}}