{"id":7453,"date":"2024-03-05T16:06:17","date_gmt":"2024-03-05T16:06:17","guid":{"rendered":"https:\/\/kallik.is\/product\/verival-chocolate-crunchy-4x1500-gr\/"},"modified":"2026-02-12T14:40:59","modified_gmt":"2026-02-12T14:40:59","slug":"verival-chocolate-crunchy-4x1500-gr","status":"publish","type":"product","link":"https:\/\/kallik.is\/en\/product\/verival-chocolate-crunchy-4x1500-gr\/","title":{"rendered":"Verival Chocolate Crunchy 4&#215;1500 gr."},"content":{"rendered":"<p>Heilkorna <strong>hafrafl\u00f6gur<\/strong>*, reyrsykur*, <strong>heilkornshveitifl\u00f6gur<\/strong>*, h\u00e1-ol\u00edus\u00f3lbl\u00f3maol\u00eda*, <strong>mj\u00f3lkurs\u00fakkula\u00f0i<\/strong>* 3,3% (sykur*, <strong>mj\u00f3lkurduft<\/strong>*, kak\u00f3mauk*, kak\u00f3smj\u00f6r*, s\u00e6tt mysuduft* (<strong>mj\u00f3lk<\/strong>), \u00fdruefni: s\u00f3lbl\u00f3malesit\u00edn*), d\u00f6kkt s\u00fakkula\u00f0i* 1,8% (kak\u00f3mauk*, sykur*, kak\u00f3smj\u00f6r*, \u00fdruefni: s\u00f3lbl\u00f3malesit\u00edn*), gr\u00f3fkorna hr\u00edsgrj\u00f3n*, kak\u00f3duft* 1,3%, k\u00f3kosrif *, salt.<\/p>\n<p><\/p>\n<p>Uppruni hafra og hveiti: ESB<\/p>\n<p>*) L\u00edfr\u00e6nt votta\u00f0<\/p>\n<p>AT-BIO-301<\/p>\n<p><\/p>\n<p>Getur innihaldi\u00f0 snefil af hnetum, sesamfr\u00e6jum og soja.<\/p>\n<p>Pakka\u00f0 \u00ed verndu\u00f0u r\u00fdmi<\/p>\n<p>Geymi\u00f0 \u00e1 k\u00f6ldum, \u00feurrum sta\u00f0.<\/p>","protected":false},"excerpt":{"rendered":"<p>Heilkorna hafrafl\u00f6gur*, reyrsykur*, heilkornshveitifl\u00f6gur*, h\u00e1-ol\u00edus\u00f3lbl\u00f3maol\u00eda*, mj\u00f3lkurs\u00fakkula\u00f0i* 3,3% (sykur*, mj\u00f3lkurduft*, kak\u00f3mauk*, kak\u00f3smj\u00f6r*, s\u00e6tt mysuduft* (mj\u00f3lk), \u00fdruefni: s\u00f3lbl\u00f3malesit\u00edn*), d\u00f6kkt s\u00fakkula\u00f0i* 1,8% (kak\u00f3mauk*, sykur*, kak\u00f3smj\u00f6r*, \u00fdruefni: s\u00f3lbl\u00f3malesit\u00edn*), gr\u00f3fkorna hr\u00edsgrj\u00f3n*, kak\u00f3duft* 1,3%, k\u00f3kosrif *, salt. Uppruni hafra og hveiti: ESB *) L\u00edfr\u00e6nt votta\u00f0 AT-BIO-301 Getur innihaldi\u00f0 snefil af hnetum, sesamfr\u00e6jum og soja. Pakka\u00f0 \u00ed verndu\u00f0u r\u00fdmi Geymi\u00f0 \u00e1 k\u00f6ldum, [&hellip;]<\/p>\n","protected":false},"featured_media":7452,"comment_status":"closed","ping_status":"closed","template":"","meta":{"_acf_changed":false},"product_brand":[],"product_cat":[163],"product_tag":[],"class_list":{"0":"post-7453","1":"product","2":"type-product","3":"status-publish","4":"has-post-thumbnail","6":"product_cat-morgunkorn","8":"first","9":"instock","10":"taxable","11":"shipping-taxable","12":"purchasable","13":"product-type-simple"},"acf":[],"jetpack_sharing_enabled":true,"_links":{"self":[{"href":"https:\/\/kallik.is\/en\/wp-json\/wp\/v2\/product\/7453","targetHints":{"allow":["GET"]}}],"collection":[{"href":"https:\/\/kallik.is\/en\/wp-json\/wp\/v2\/product"}],"about":[{"href":"https:\/\/kallik.is\/en\/wp-json\/wp\/v2\/types\/product"}],"replies":[{"embeddable":true,"href":"https:\/\/kallik.is\/en\/wp-json\/wp\/v2\/comments?post=7453"}],"wp:featuredmedia":[{"embeddable":true,"href":"https:\/\/kallik.is\/en\/wp-json\/wp\/v2\/media\/7452"}],"wp:attachment":[{"href":"https:\/\/kallik.is\/en\/wp-json\/wp\/v2\/media?parent=7453"}],"wp:term":[{"taxonomy":"product_brand","embeddable":true,"href":"https:\/\/kallik.is\/en\/wp-json\/wp\/v2\/product_brand?post=7453"},{"taxonomy":"product_cat","embeddable":true,"href":"https:\/\/kallik.is\/en\/wp-json\/wp\/v2\/product_cat?post=7453"},{"taxonomy":"product_tag","embeddable":true,"href":"https:\/\/kallik.is\/en\/wp-json\/wp\/v2\/product_tag?post=7453"}],"curies":[{"name":"wp","href":"https:\/\/api.w.org\/{rel}","templated":true}]}}