{"id":7451,"date":"2024-03-05T16:06:08","date_gmt":"2024-03-05T16:06:08","guid":{"rendered":"https:\/\/kallik.is\/product\/verival-chocolate-crunchy-6x375g-lifraent\/"},"modified":"2026-04-30T11:39:10","modified_gmt":"2026-04-30T11:39:10","slug":"verival-chocolate-crunchy-6x375g-lifraent","status":"publish","type":"product","link":"https:\/\/kallik.is\/en\/product\/verival-chocolate-crunchy-6x375g-lifraent\/","title":{"rendered":"Verival Chocolate Crunchy 6x375g l\u00edfr\u00e6nt"},"content":{"rendered":"<p>Heilkorna <strong>hafrafl\u00f6gur<\/strong>*, reyrsykur*, <strong>heilkornshveitifl\u00f6gur<\/strong>*, h\u00e1-ol\u00edus\u00f3lbl\u00f3maol\u00eda*, <strong>mj\u00f3lkurs\u00fakkula\u00a8i<\/strong>* 3,3% (sykur*, <strong>mj\u00f3lkurduft<\/strong>*, kak\u00f3mauk*, kak\u00f3smj\u00f6r*, s\u00e6tt mysuduft* (<strong>mj\u00f3lk<\/strong>), \u00d5ruefni: s\u00f3lbl\u00f3malesit\u00edn*), d\u00f6kkt s\u00fakkula\u00a8i* 1,8% (kak\u00f3mauk*, sykur*, kak\u00f3smj\u00f6r*, \u00d5ruefni: s\u00f3lbl\u00f3malesit\u00edn*), gr\u00f3fkorna hr\u00edsgrj\u00f3n*, kak\u00f3duft* 1,3%, k\u00f3kosrif *, salt.<\/p>\n<p>Uppruni hafra og hveiti: ESB<\/p>\n<p>*) L\u00edfr\u00e6nt votta\u00a8<br \/>AT-BIO-301<\/p>\n<p>Getur innihaldi\u00a8 snefil af hnetum, sesamfr\u00e6jum og soja.<br \/>Pakka\u00a8 \u00ed verndu\u00a8u r\u00d5mi.<br \/>Geymi\u00a8 \u00e1 k\u00f6ldum, \u00cfurrum sta\u00a8.<\/p>","protected":false},"excerpt":{"rendered":"<p>Heilkorna hafrafl\u00f6gur*, reyrsykur*, heilkornshveitifl\u00f6gur*, h\u00e1-ol\u00edus\u00f3lbl\u00f3maol\u00eda*, mj\u00f3lkurs\u00fakkula\u00a8i* 3,3% (sykur*, mj\u00f3lkurduft*, kak\u00f3mauk*, kak\u00f3smj\u00f6r*, s\u00e6tt mysuduft* (mj\u00f3lk), \u00d5ruefni: s\u00f3lbl\u00f3malesit\u00edn*), d\u00f6kkt s\u00fakkula\u00a8i* 1,8% (kak\u00f3mauk*, sykur*, kak\u00f3smj\u00f6r*, \u00d5ruefni: s\u00f3lbl\u00f3malesit\u00edn*), gr\u00f3fkorna hr\u00edsgrj\u00f3n*, kak\u00f3duft* 1,3%, k\u00f3kosrif *, salt. Uppruni hafra og hveiti: ESB *) L\u00edfr\u00e6nt votta\u00a8AT-BIO-301 Getur innihaldi\u00a8 snefil af hnetum, sesamfr\u00e6jum og soja.Pakka\u00a8 \u00ed verndu\u00a8u r\u00d5mi.Geymi\u00a8 \u00e1 k\u00f6ldum, \u00cfurrum sta\u00a8.<\/p>","protected":false},"featured_media":7450,"comment_status":"closed","ping_status":"closed","template":"","meta":{"_acf_changed":false},"product_brand":[],"product_cat":[163],"product_tag":[],"class_list":{"0":"post-7451","1":"product","2":"type-product","3":"status-publish","4":"has-post-thumbnail","6":"product_cat-morgunkorn","8":"first","9":"instock","10":"taxable","11":"shipping-taxable","12":"purchasable","13":"product-type-simple"},"acf":[],"jetpack_sharing_enabled":true,"_links":{"self":[{"href":"https:\/\/kallik.is\/en\/wp-json\/wp\/v2\/product\/7451","targetHints":{"allow":["GET"]}}],"collection":[{"href":"https:\/\/kallik.is\/en\/wp-json\/wp\/v2\/product"}],"about":[{"href":"https:\/\/kallik.is\/en\/wp-json\/wp\/v2\/types\/product"}],"replies":[{"embeddable":true,"href":"https:\/\/kallik.is\/en\/wp-json\/wp\/v2\/comments?post=7451"}],"wp:featuredmedia":[{"embeddable":true,"href":"https:\/\/kallik.is\/en\/wp-json\/wp\/v2\/media\/7450"}],"wp:attachment":[{"href":"https:\/\/kallik.is\/en\/wp-json\/wp\/v2\/media?parent=7451"}],"wp:term":[{"taxonomy":"product_brand","embeddable":true,"href":"https:\/\/kallik.is\/en\/wp-json\/wp\/v2\/product_brand?post=7451"},{"taxonomy":"product_cat","embeddable":true,"href":"https:\/\/kallik.is\/en\/wp-json\/wp\/v2\/product_cat?post=7451"},{"taxonomy":"product_tag","embeddable":true,"href":"https:\/\/kallik.is\/en\/wp-json\/wp\/v2\/product_tag?post=7451"}],"curies":[{"name":"wp","href":"https:\/\/api.w.org\/{rel}","templated":true}]}}