{"id":7449,"date":"2024-03-05T16:05:59","date_gmt":"2024-03-05T16:05:59","guid":{"rendered":"https:\/\/kallik.is\/product\/verival-crunchy-mix-with-fruits-6x300g-lifraent\/"},"modified":"2026-04-22T09:36:03","modified_gmt":"2026-04-22T09:36:03","slug":"verival-crunchy-mix-with-fruits-6x300g-lifraent","status":"publish","type":"product","link":"https:\/\/kallik.is\/en\/product\/verival-crunchy-mix-with-fruits-6x300g-lifraent\/","title":{"rendered":"Verival Crunchy Mix with fruits 6x300g  l\u00edfr\u00e6nt"},"content":{"rendered":"<p>St\u00f6kkir <strong>hafrar<\/strong>* 52% (heilkorns hafrafl\u00f6gur*, hr\u00e1sykur*, s\u00f3lbl\u00f3maol\u00eda*, k\u00f3kosraspar*, hr\u00edsgrj\u00f3nakorn*, salt), ma\u00edsfl\u00f6gur* (ma\u00eds* 99%, salt), sultanas* 9% ( sultana* 99,5%, s\u00f3lbl\u00f3maol\u00eda*), mauka\u00a8 <strong>hveiti<\/strong> me\u00a8 hunangi* (<strong>hveiti<\/strong>*, hunang* 30%), k\u00f3kosfl\u00f6gur* 6%, s\u00f3lbl\u00f3mafr\u00e6*, rista\u00a8ar<strong> heslihnetur<\/strong>*, s\u00farkirsuber* frost\u00cfurrku\u00a8 1,5 %, ber* frost\u00cfurrku\u00a8 1% (jar\u00a8arber*, hindber*).<\/p>\n<p>Uppruni hafra: ESB\/utan ESB<\/p>\n<p>*) L\u00edfr\u00e6nt votta\u00a8<br \/>AT-BIO-301<\/p>\n<p>Getur innihaldi\u00a8 snefil af hnetum, sesamfr\u00e6jum og soja.<br \/>Pakka\u00a8 \u00ed verndu\u00a8u r\u00d5mi.<br \/>Geymi\u00a8 \u00e1 k\u00f6ldum, \u00cfurrum sta\u00a8.<\/p>","protected":false},"excerpt":{"rendered":"<p>St\u00f6kkir hafrar* 52% (heilkorns hafrafl\u00f6gur*, hr\u00e1sykur*, s\u00f3lbl\u00f3maol\u00eda*, k\u00f3kosraspar*, hr\u00edsgrj\u00f3nakorn*, salt), ma\u00edsfl\u00f6gur* (ma\u00eds* 99%, salt), sultanas* 9% ( sultana* 99,5%, s\u00f3lbl\u00f3maol\u00eda*), mauka\u00a8 hveiti me\u00a8 hunangi* (hveiti*, hunang* 30%), k\u00f3kosfl\u00f6gur* 6%, s\u00f3lbl\u00f3mafr\u00e6*, rista\u00a8ar heslihnetur*, s\u00farkirsuber* frost\u00cfurrku\u00a8 1,5 %, ber* frost\u00cfurrku\u00a8 1% (jar\u00a8arber*, hindber*). Uppruni hafra: ESB\/utan ESB *) L\u00edfr\u00e6nt votta\u00a8AT-BIO-301 Getur innihaldi\u00a8 snefil af hnetum, sesamfr\u00e6jum og [&hellip;]<\/p>\n","protected":false},"featured_media":7448,"comment_status":"closed","ping_status":"closed","template":"","meta":{"_acf_changed":false},"product_brand":[],"product_cat":[163],"product_tag":[],"class_list":{"0":"post-7449","1":"product","2":"type-product","3":"status-publish","4":"has-post-thumbnail","6":"product_cat-morgunkorn","8":"first","9":"instock","10":"taxable","11":"shipping-taxable","12":"purchasable","13":"product-type-simple"},"acf":[],"jetpack_sharing_enabled":true,"_links":{"self":[{"href":"https:\/\/kallik.is\/en\/wp-json\/wp\/v2\/product\/7449","targetHints":{"allow":["GET"]}}],"collection":[{"href":"https:\/\/kallik.is\/en\/wp-json\/wp\/v2\/product"}],"about":[{"href":"https:\/\/kallik.is\/en\/wp-json\/wp\/v2\/types\/product"}],"replies":[{"embeddable":true,"href":"https:\/\/kallik.is\/en\/wp-json\/wp\/v2\/comments?post=7449"}],"wp:featuredmedia":[{"embeddable":true,"href":"https:\/\/kallik.is\/en\/wp-json\/wp\/v2\/media\/7448"}],"wp:attachment":[{"href":"https:\/\/kallik.is\/en\/wp-json\/wp\/v2\/media?parent=7449"}],"wp:term":[{"taxonomy":"product_brand","embeddable":true,"href":"https:\/\/kallik.is\/en\/wp-json\/wp\/v2\/product_brand?post=7449"},{"taxonomy":"product_cat","embeddable":true,"href":"https:\/\/kallik.is\/en\/wp-json\/wp\/v2\/product_cat?post=7449"},{"taxonomy":"product_tag","embeddable":true,"href":"https:\/\/kallik.is\/en\/wp-json\/wp\/v2\/product_tag?post=7449"}],"curies":[{"name":"wp","href":"https:\/\/api.w.org\/{rel}","templated":true}]}}