{"id":7447,"date":"2024-03-05T16:05:49","date_gmt":"2024-03-05T16:05:49","guid":{"rendered":"https:\/\/kallik.is\/product\/verival-crunchy-muesli-with-blueberries-and-apple-6x325gr\/"},"modified":"2026-04-17T11:31:33","modified_gmt":"2026-04-17T11:31:33","slug":"verival-crunchy-muesli-with-blueberries-and-apple-6x325gr","status":"publish","type":"product","link":"https:\/\/kallik.is\/en\/product\/verival-crunchy-muesli-with-blueberries-and-apple-6x325gr\/","title":{"rendered":"Verival Crunchy Muesli with blueberries and apple 6x325gr"},"content":{"rendered":"<p>St\u00f6kk* 96% (Heilkorns <strong>hafrafl\u00f6gur<\/strong>*, reyrsykur*,  s\u00f3lbl\u00f3maol\u00eda*, heilkorna byggfl\u00f6gur*, v\u00ednberjafr\u00e6mj\u00f6l*, heilkorna <strong>hafrakl\u00ed\u00a8<\/strong>*, heilkorna st\u00f6kk hr\u00edsgrj\u00f3n*, rau\u00a8r\u00f3fuduft*, aroniaduft*, n\u00e1tt\u00farulegt bl\u00e1berjailmur 0,25%, salt), eplatenningar* 3%, bl\u00e1ber* frost\u00cfurrku\u00a8 1%.<\/p>\n<p>Uppruni hafra og bygg: ESB<\/p>\n<p>*) L\u00edfr\u00e6nt votta\u00a8<br \/>AT-BIO-301<\/p>\n<p>Getur innihaldi\u00a8 snefil af sesamfr\u00e6jum, sojabaunum og hnetum.<br \/>Pakka\u00a8 \u00ed verndu\u00a8u r\u00d5mi.<br \/>Geymi\u00a8 \u00e1 k\u00f6ldum, \u00cfurrum sta\u00a8.<\/p>","protected":false},"excerpt":{"rendered":"<p>St\u00f6kk* 96% (Heilkorns hafrafl\u00f6gur*, reyrsykur*, s\u00f3lbl\u00f3maol\u00eda*, heilkorna byggfl\u00f6gur*, v\u00ednberjafr\u00e6mj\u00f6l*, heilkorna hafrakl\u00ed\u00a8*, heilkorna st\u00f6kk hr\u00edsgrj\u00f3n*, rau\u00a8r\u00f3fuduft*, aroniaduft*, n\u00e1tt\u00farulegt bl\u00e1berjailmur 0,25%, salt), eplatenningar* 3%, bl\u00e1ber* frost\u00cfurrku\u00a8 1%. Uppruni hafra og bygg: ESB *) L\u00edfr\u00e6nt votta\u00a8AT-BIO-301 Getur innihaldi\u00a8 snefil af sesamfr\u00e6jum, sojabaunum og hnetum.Pakka\u00a8 \u00ed verndu\u00a8u r\u00d5mi.Geymi\u00a8 \u00e1 k\u00f6ldum, \u00cfurrum sta\u00a8.<\/p>","protected":false},"featured_media":7446,"comment_status":"closed","ping_status":"closed","template":"","meta":{"_acf_changed":false},"product_brand":[],"product_cat":[163],"product_tag":[],"class_list":{"0":"post-7447","1":"product","2":"type-product","3":"status-publish","4":"has-post-thumbnail","6":"product_cat-morgunkorn","8":"first","9":"instock","10":"taxable","11":"shipping-taxable","12":"purchasable","13":"product-type-simple"},"acf":[],"jetpack_sharing_enabled":true,"_links":{"self":[{"href":"https:\/\/kallik.is\/en\/wp-json\/wp\/v2\/product\/7447","targetHints":{"allow":["GET"]}}],"collection":[{"href":"https:\/\/kallik.is\/en\/wp-json\/wp\/v2\/product"}],"about":[{"href":"https:\/\/kallik.is\/en\/wp-json\/wp\/v2\/types\/product"}],"replies":[{"embeddable":true,"href":"https:\/\/kallik.is\/en\/wp-json\/wp\/v2\/comments?post=7447"}],"wp:featuredmedia":[{"embeddable":true,"href":"https:\/\/kallik.is\/en\/wp-json\/wp\/v2\/media\/7446"}],"wp:attachment":[{"href":"https:\/\/kallik.is\/en\/wp-json\/wp\/v2\/media?parent=7447"}],"wp:term":[{"taxonomy":"product_brand","embeddable":true,"href":"https:\/\/kallik.is\/en\/wp-json\/wp\/v2\/product_brand?post=7447"},{"taxonomy":"product_cat","embeddable":true,"href":"https:\/\/kallik.is\/en\/wp-json\/wp\/v2\/product_cat?post=7447"},{"taxonomy":"product_tag","embeddable":true,"href":"https:\/\/kallik.is\/en\/wp-json\/wp\/v2\/product_tag?post=7447"}],"curies":[{"name":"wp","href":"https:\/\/api.w.org\/{rel}","templated":true}]}}