{"id":6498,"date":"2024-02-27T10:35:41","date_gmt":"2024-02-27T10:35:41","guid":{"rendered":"https:\/\/kallik.is\/product\/real-coffee-kako-10-hylki-nespresso\/"},"modified":"2026-04-29T11:18:19","modified_gmt":"2026-04-29T11:18:19","slug":"real-coffee-kako-10-hylki-nespresso","status":"publish","type":"product","link":"https:\/\/kallik.is\/en\/product\/real-coffee-kako-10-hylki-nespresso\/","title":{"rendered":"Real Coffee Kak\u00f3 4 lengjur"},"content":{"rendered":"<p>*Lengja inniheldur 10 hylki<\/p>\n<p>N\u00fa getur \u00f6ll fj\u00f6lskyldan noti\u00f0 notalegrar stundar saman me\u00f0 \u00feessu lj\u00faffenga s\u00e6ta heita s\u00fakkula\u00f0i sem vekur bros b\u00e6\u00f0i hj\u00e1 b\u00f6rnum og fullor\u00f0num. B\u00e6ti\u00f0 d\u00fanmj\u00faku lagi af \u00feeyttum rj\u00f3ma og str\u00e1i\u00f0 af fersku rifnu s\u00fakkula\u00f0i yfir. Hylkin geta l\u00edka breytt n\u00e6sta Mochaccino \u00fe\u00ednum (heitt s\u00fakkula\u00f0i og espress\u00f3) \u00ed s\u00e6lkeraupplifun.<\/p>\n<p><\/p>\n<p>Fylltu heimili\u00f0 \u00feitt af notalegheitum og hl\u00fdju me\u00f0 brag\u00f0miklum kak\u00f3bolla<\/p>\n<p><\/p>\n<p>Vi\u00f0 m\u00e6lum me\u00f0 \u00fev\u00ed a\u00f0 \u00fe\u00fa hleypir sm\u00e1 vatni \u00ed gegnum v\u00e9lina \u00fe\u00edna eftir a\u00f0 \u00fe\u00fa hefur nota\u00f0 heit s\u00fakkula\u00f0ihylki.<\/p>","protected":false},"excerpt":{"rendered":"<p>*Lengja inniheldur 10 hylki N\u00fa getur \u00f6ll fj\u00f6lskyldan noti\u00f0 notalegrar stundar saman me\u00f0 \u00feessu lj\u00faffenga s\u00e6ta heita s\u00fakkula\u00f0i sem vekur bros b\u00e6\u00f0i hj\u00e1 b\u00f6rnum og fullor\u00f0num. B\u00e6ti\u00f0 d\u00fanmj\u00faku lagi af \u00feeyttum rj\u00f3ma og str\u00e1i\u00f0 af fersku rifnu s\u00fakkula\u00f0i yfir. Hylkin geta l\u00edka breytt n\u00e6sta Mochaccino \u00fe\u00ednum (heitt s\u00fakkula\u00f0i og espress\u00f3) \u00ed s\u00e6lkeraupplifun. Fylltu heimili\u00f0 \u00feitt [&hellip;]<\/p>\n","protected":false},"featured_media":7382,"comment_status":"closed","ping_status":"closed","template":"","meta":{"_acf_changed":false},"product_brand":[],"product_cat":[161],"product_tag":[],"class_list":{"0":"post-6498","1":"product","2":"type-product","3":"status-publish","4":"has-post-thumbnail","6":"product_cat-nespresso","8":"first","9":"instock","10":"taxable","11":"shipping-taxable","12":"purchasable","13":"product-type-simple"},"acf":[],"jetpack_sharing_enabled":true,"_links":{"self":[{"href":"https:\/\/kallik.is\/en\/wp-json\/wp\/v2\/product\/6498","targetHints":{"allow":["GET"]}}],"collection":[{"href":"https:\/\/kallik.is\/en\/wp-json\/wp\/v2\/product"}],"about":[{"href":"https:\/\/kallik.is\/en\/wp-json\/wp\/v2\/types\/product"}],"replies":[{"embeddable":true,"href":"https:\/\/kallik.is\/en\/wp-json\/wp\/v2\/comments?post=6498"}],"wp:featuredmedia":[{"embeddable":true,"href":"https:\/\/kallik.is\/en\/wp-json\/wp\/v2\/media\/7382"}],"wp:attachment":[{"href":"https:\/\/kallik.is\/en\/wp-json\/wp\/v2\/media?parent=6498"}],"wp:term":[{"taxonomy":"product_brand","embeddable":true,"href":"https:\/\/kallik.is\/en\/wp-json\/wp\/v2\/product_brand?post=6498"},{"taxonomy":"product_cat","embeddable":true,"href":"https:\/\/kallik.is\/en\/wp-json\/wp\/v2\/product_cat?post=6498"},{"taxonomy":"product_tag","embeddable":true,"href":"https:\/\/kallik.is\/en\/wp-json\/wp\/v2\/product_tag?post=6498"}],"curies":[{"name":"wp","href":"https:\/\/api.w.org\/{rel}","templated":true}]}}