{"id":6497,"date":"2024-02-27T10:35:38","date_gmt":"2024-02-27T10:35:38","guid":{"rendered":"https:\/\/kallik.is\/product\/real-coffee-torino-decaf-10-hylki-nespresso\/"},"modified":"2026-04-21T15:35:04","modified_gmt":"2026-04-21T15:35:04","slug":"real-coffee-torino-decaf-10-hylki-nespresso","status":"publish","type":"product","link":"https:\/\/kallik.is\/en\/product\/real-coffee-torino-decaf-10-hylki-nespresso\/","title":{"rendered":"Real Coffee Torino Decaf 10 lengjur"},"content":{"rendered":"<p>*Lengja inniheldur 10 hylki<\/p>\n<p>Torino Decaf vekur skilningarvitin \u00e1n \u00feess a\u00f0 trufla g\u00f3\u00f0an n\u00e6tursvefn ,l\u00e9tt rista\u00f0 kaffi sem gefur miki\u00f0 brag\u00f0. Torino Decaf er gert \u00far 100% Arabica baunum.&nbsp;Passar \u00ed&nbsp;  allar Original Line Nespresso v\u00e9lar.<\/p>","protected":false},"excerpt":{"rendered":"<p>*Lengja inniheldur 10 hylki Torino Decaf vekur skilningarvitin \u00e1n \u00feess a\u00f0 trufla g\u00f3\u00f0an n\u00e6tursvefn ,l\u00e9tt rista\u00f0 kaffi sem gefur miki\u00f0 brag\u00f0. Torino Decaf er gert \u00far 100% Arabica baunum.&nbsp;Passar \u00ed&nbsp; allar Original Line Nespresso v\u00e9lar.<\/p>","protected":false},"featured_media":7381,"comment_status":"closed","ping_status":"closed","template":"","meta":{"_acf_changed":false},"product_brand":[],"product_cat":[161],"product_tag":[],"class_list":{"0":"post-6497","1":"product","2":"type-product","3":"status-publish","4":"has-post-thumbnail","6":"product_cat-nespresso","8":"first","9":"instock","10":"taxable","11":"shipping-taxable","12":"purchasable","13":"product-type-simple"},"acf":[],"jetpack_sharing_enabled":true,"_links":{"self":[{"href":"https:\/\/kallik.is\/en\/wp-json\/wp\/v2\/product\/6497","targetHints":{"allow":["GET"]}}],"collection":[{"href":"https:\/\/kallik.is\/en\/wp-json\/wp\/v2\/product"}],"about":[{"href":"https:\/\/kallik.is\/en\/wp-json\/wp\/v2\/types\/product"}],"replies":[{"embeddable":true,"href":"https:\/\/kallik.is\/en\/wp-json\/wp\/v2\/comments?post=6497"}],"wp:featuredmedia":[{"embeddable":true,"href":"https:\/\/kallik.is\/en\/wp-json\/wp\/v2\/media\/7381"}],"wp:attachment":[{"href":"https:\/\/kallik.is\/en\/wp-json\/wp\/v2\/media?parent=6497"}],"wp:term":[{"taxonomy":"product_brand","embeddable":true,"href":"https:\/\/kallik.is\/en\/wp-json\/wp\/v2\/product_brand?post=6497"},{"taxonomy":"product_cat","embeddable":true,"href":"https:\/\/kallik.is\/en\/wp-json\/wp\/v2\/product_cat?post=6497"},{"taxonomy":"product_tag","embeddable":true,"href":"https:\/\/kallik.is\/en\/wp-json\/wp\/v2\/product_tag?post=6497"}],"curies":[{"name":"wp","href":"https:\/\/api.w.org\/{rel}","templated":true}]}}