{"id":6495,"date":"2024-04-11T10:34:32","date_gmt":"2024-04-11T10:34:32","guid":{"rendered":"https:\/\/kallik.is\/product\/real-coffee-sumatra-espresso-10-hylki-nespresso-lifraent\/"},"modified":"2026-04-22T09:36:00","modified_gmt":"2026-04-22T09:36:00","slug":"real-coffee-sumatra-espresso-10-hylki-nespresso-lifraent","status":"publish","type":"product","link":"https:\/\/kallik.is\/en\/product\/real-coffee-sumatra-espresso-10-hylki-nespresso-lifraent\/","title":{"rendered":"Real Coffee Sumatra Espresso 10 lengjur L\u00edfr\u00e6nt"},"content":{"rendered":"<p>*Lengja inniheldur 10 hylki<\/p>\n<p>L\u00edfr\u00e6nt r\u00e6kta\u00f0 af Mandailing f\u00f3lkinu \u00e1 nor\u00f0urhluta S\u00fam\u00f6tru. Arabica baunirnar \u00feekkjast af \u00e1kve\u00f0nu s\u00fdrustigi sem skilur eftir sig s\u00e6tt brag\u00f0 me\u00f0 keim af s\u00fakkula\u00f0i, lakkr\u00eds og kryddjurtum. Fl\u00f3ki\u00f0 brag\u00f0 me\u00f0 \u00fdmsum forvitnilegum bl\u00e6brig\u00f0um.<br \/>R\u00e6kta\u00f0 af litlum, sj\u00e1lfst\u00e6\u00f0um kaffib\u00e6ndum vi\u00f0 Fairtrade skilyr\u00f0i.<\/p>\n<p>Passar \u00ed&nbsp;  allar Original Line Nespresso v\u00e9lar.<\/p>","protected":false},"excerpt":{"rendered":"<p>*Lengja inniheldur 10 hylki L\u00edfr\u00e6nt r\u00e6kta\u00f0 af Mandailing f\u00f3lkinu \u00e1 nor\u00f0urhluta S\u00fam\u00f6tru. Arabica baunirnar \u00feekkjast af \u00e1kve\u00f0nu s\u00fdrustigi sem skilur eftir sig s\u00e6tt brag\u00f0 me\u00f0 keim af s\u00fakkula\u00f0i, lakkr\u00eds og kryddjurtum. Fl\u00f3ki\u00f0 brag\u00f0 me\u00f0 \u00fdmsum forvitnilegum bl\u00e6brig\u00f0um.R\u00e6kta\u00f0 af litlum, sj\u00e1lfst\u00e6\u00f0um kaffib\u00e6ndum vi\u00f0 Fairtrade skilyr\u00f0i. Passar \u00ed&nbsp; allar Original Line Nespresso v\u00e9lar.<\/p>","protected":false},"featured_media":7379,"comment_status":"closed","ping_status":"closed","template":"","meta":{"_acf_changed":false},"product_brand":[],"product_cat":[161],"product_tag":[],"class_list":{"0":"post-6495","1":"product","2":"type-product","3":"status-publish","4":"has-post-thumbnail","6":"product_cat-nespresso","8":"first","9":"instock","10":"taxable","11":"shipping-taxable","12":"purchasable","13":"product-type-simple"},"acf":[],"jetpack_sharing_enabled":true,"_links":{"self":[{"href":"https:\/\/kallik.is\/en\/wp-json\/wp\/v2\/product\/6495","targetHints":{"allow":["GET"]}}],"collection":[{"href":"https:\/\/kallik.is\/en\/wp-json\/wp\/v2\/product"}],"about":[{"href":"https:\/\/kallik.is\/en\/wp-json\/wp\/v2\/types\/product"}],"replies":[{"embeddable":true,"href":"https:\/\/kallik.is\/en\/wp-json\/wp\/v2\/comments?post=6495"}],"wp:featuredmedia":[{"embeddable":true,"href":"https:\/\/kallik.is\/en\/wp-json\/wp\/v2\/media\/7379"}],"wp:attachment":[{"href":"https:\/\/kallik.is\/en\/wp-json\/wp\/v2\/media?parent=6495"}],"wp:term":[{"taxonomy":"product_brand","embeddable":true,"href":"https:\/\/kallik.is\/en\/wp-json\/wp\/v2\/product_brand?post=6495"},{"taxonomy":"product_cat","embeddable":true,"href":"https:\/\/kallik.is\/en\/wp-json\/wp\/v2\/product_cat?post=6495"},{"taxonomy":"product_tag","embeddable":true,"href":"https:\/\/kallik.is\/en\/wp-json\/wp\/v2\/product_tag?post=6495"}],"curies":[{"name":"wp","href":"https:\/\/api.w.org\/{rel}","templated":true}]}}