{"id":6494,"date":"2024-02-27T10:35:29","date_gmt":"2024-02-27T10:35:29","guid":{"rendered":"https:\/\/kallik.is\/product\/real-coffee-san-marino-lungo-10-hylki-nespresso-lifraent\/"},"modified":"2026-04-21T15:35:00","modified_gmt":"2026-04-21T15:35:00","slug":"real-coffee-san-marino-lungo-10-hylki-nespresso-lifraent","status":"publish","type":"product","link":"https:\/\/kallik.is\/en\/product\/real-coffee-san-marino-lungo-10-hylki-nespresso-lifraent\/","title":{"rendered":"Real Coffee San Marino Lungo 10 lengjur L\u00edfr\u00e6nt"},"content":{"rendered":"<p>*Lengja inniheldur 10 hylki<\/p>\n<p>San Mar\u00edn\u00f3 er st\u00f3rkostlegt Lungo 100% l\u00edfr\u00e6nt og 100% Fairtrade vi\u00f0skipti eru hagkv\u00e6m fyrir umhverfi\u00f0 og kaffib\u00e6ndur. San Mar\u00edn\u00f3 b\u00fd\u00f0ur upp \u00e1 rj\u00f3malaga\u00f0a og fulla upplifun. Dark roast baunirnar \u00ed kaffinu&nbsp; gefa \u00e1kafan karakter.&nbsp;Passar \u00ed&nbsp;  allar Original Line Nespresso v\u00e9lar.<\/p>","protected":false},"excerpt":{"rendered":"<p>*Lengja inniheldur 10 hylki San Mar\u00edn\u00f3 er st\u00f3rkostlegt Lungo 100% l\u00edfr\u00e6nt og 100% Fairtrade vi\u00f0skipti eru hagkv\u00e6m fyrir umhverfi\u00f0 og kaffib\u00e6ndur. San Mar\u00edn\u00f3 b\u00fd\u00f0ur upp \u00e1 rj\u00f3malaga\u00f0a og fulla upplifun. Dark roast baunirnar \u00ed kaffinu&nbsp; gefa \u00e1kafan karakter.&nbsp;Passar \u00ed&nbsp; allar Original Line Nespresso v\u00e9lar.<\/p>","protected":false},"featured_media":7378,"comment_status":"closed","ping_status":"closed","template":"","meta":{"_acf_changed":false},"product_brand":[],"product_cat":[161],"product_tag":[],"class_list":{"0":"post-6494","1":"product","2":"type-product","3":"status-publish","4":"has-post-thumbnail","6":"product_cat-nespresso","8":"first","9":"instock","10":"taxable","11":"shipping-taxable","12":"purchasable","13":"product-type-simple"},"acf":[],"jetpack_sharing_enabled":true,"_links":{"self":[{"href":"https:\/\/kallik.is\/en\/wp-json\/wp\/v2\/product\/6494","targetHints":{"allow":["GET"]}}],"collection":[{"href":"https:\/\/kallik.is\/en\/wp-json\/wp\/v2\/product"}],"about":[{"href":"https:\/\/kallik.is\/en\/wp-json\/wp\/v2\/types\/product"}],"replies":[{"embeddable":true,"href":"https:\/\/kallik.is\/en\/wp-json\/wp\/v2\/comments?post=6494"}],"wp:featuredmedia":[{"embeddable":true,"href":"https:\/\/kallik.is\/en\/wp-json\/wp\/v2\/media\/7378"}],"wp:attachment":[{"href":"https:\/\/kallik.is\/en\/wp-json\/wp\/v2\/media?parent=6494"}],"wp:term":[{"taxonomy":"product_brand","embeddable":true,"href":"https:\/\/kallik.is\/en\/wp-json\/wp\/v2\/product_brand?post=6494"},{"taxonomy":"product_cat","embeddable":true,"href":"https:\/\/kallik.is\/en\/wp-json\/wp\/v2\/product_cat?post=6494"},{"taxonomy":"product_tag","embeddable":true,"href":"https:\/\/kallik.is\/en\/wp-json\/wp\/v2\/product_tag?post=6494"}],"curies":[{"name":"wp","href":"https:\/\/api.w.org\/{rel}","templated":true}]}}