{"id":6493,"date":"2024-04-11T10:35:25","date_gmt":"2024-04-11T10:35:25","guid":{"rendered":"https:\/\/kallik.is\/product\/real-coffee-napoli-10-hylki-nespresso\/"},"modified":"2026-04-29T11:18:18","modified_gmt":"2026-04-29T11:18:18","slug":"real-coffee-napoli-10-hylki-nespresso","status":"publish","type":"product","link":"https:\/\/kallik.is\/en\/product\/real-coffee-napoli-10-hylki-nespresso\/","title":{"rendered":"Real Coffee Napoli 10 lengjur"},"content":{"rendered":"<p>*Lengja inniheldur 10 hylki<\/p>\n<p>&#8222;Espresso Napoli Signature Blend er brag\u00a8mikil, kraftmiki\u00a8 og sterkt espresso.&#8220; Brennsluferli\u00a8 og n\u00e6ringarr\u00edkur jar\u00a8vegur Su\u00a8ur-Amer\u00edkuh\u00e1lendisins gefa baununum einstakt, hnetubrag\u00a8 me\u00a8 keim af kak\u00f3. Passar \u00ed&nbsp;  allar Original Line Nespresso v\u00e9lar.&nbsp;<\/p>","protected":false},"excerpt":{"rendered":"<p>*Lengja inniheldur 10 hylki &#8222;Espresso Napoli Signature Blend er brag\u00a8mikil, kraftmiki\u00a8 og sterkt espresso.&#8220; Brennsluferli\u00a8 og n\u00e6ringarr\u00edkur jar\u00a8vegur Su\u00a8ur-Amer\u00edkuh\u00e1lendisins gefa baununum einstakt, hnetubrag\u00a8 me\u00a8 keim af kak\u00f3. Passar \u00ed&nbsp; allar Original Line Nespresso v\u00e9lar.&nbsp;<\/p>","protected":false},"featured_media":7376,"comment_status":"closed","ping_status":"closed","template":"","meta":{"_acf_changed":false},"product_brand":[],"product_cat":[161],"product_tag":[],"class_list":{"0":"post-6493","1":"product","2":"type-product","3":"status-publish","4":"has-post-thumbnail","6":"product_cat-nespresso","8":"first","9":"instock","10":"taxable","11":"shipping-taxable","12":"purchasable","13":"product-type-simple"},"acf":[],"jetpack_sharing_enabled":true,"_links":{"self":[{"href":"https:\/\/kallik.is\/en\/wp-json\/wp\/v2\/product\/6493","targetHints":{"allow":["GET"]}}],"collection":[{"href":"https:\/\/kallik.is\/en\/wp-json\/wp\/v2\/product"}],"about":[{"href":"https:\/\/kallik.is\/en\/wp-json\/wp\/v2\/types\/product"}],"replies":[{"embeddable":true,"href":"https:\/\/kallik.is\/en\/wp-json\/wp\/v2\/comments?post=6493"}],"wp:featuredmedia":[{"embeddable":true,"href":"https:\/\/kallik.is\/en\/wp-json\/wp\/v2\/media\/7376"}],"wp:attachment":[{"href":"https:\/\/kallik.is\/en\/wp-json\/wp\/v2\/media?parent=6493"}],"wp:term":[{"taxonomy":"product_brand","embeddable":true,"href":"https:\/\/kallik.is\/en\/wp-json\/wp\/v2\/product_brand?post=6493"},{"taxonomy":"product_cat","embeddable":true,"href":"https:\/\/kallik.is\/en\/wp-json\/wp\/v2\/product_cat?post=6493"},{"taxonomy":"product_tag","embeddable":true,"href":"https:\/\/kallik.is\/en\/wp-json\/wp\/v2\/product_tag?post=6493"}],"curies":[{"name":"wp","href":"https:\/\/api.w.org\/{rel}","templated":true}]}}