{"id":6492,"date":"2024-02-27T10:35:22","date_gmt":"2024-02-27T10:35:22","guid":{"rendered":"https:\/\/kallik.is\/product\/real-coffee-colombia-lungo-10-hylki-nespresso\/"},"modified":"2026-04-29T11:18:16","modified_gmt":"2026-04-29T11:18:16","slug":"real-coffee-colombia-lungo-10-hylki-nespresso","status":"publish","type":"product","link":"https:\/\/kallik.is\/en\/product\/real-coffee-colombia-lungo-10-hylki-nespresso\/","title":{"rendered":"Real Coffee Colombia Lungo 10 lengjur"},"content":{"rendered":"<p>*Lengja inniheldur 10 hylki<\/p>\n<p>K\u00f3lumb\u00eda er vel \u00feekkt fyrir framlei\u00f0slu s\u00edna \u00e1 bestu og f\u00ednustu Arabica baunum. N\u00e6ringarr\u00edkur jar\u00f0vegur og loftslag Andesfjallanna r\u00e6ktar ferskt og brag\u00f0r\u00edkt Lungo. Single Origin Colombia er au\u00f0\u00feekkjanleg \u00e1 \u00feykku brag\u00f0i me\u00f0 dass af hnetukeim, eins og hef\u00f0in er.&nbsp;Passar \u00ed&nbsp;  allar Original Line Nespresso v\u00e9lar.<\/p>","protected":false},"excerpt":{"rendered":"<p>*Lengja inniheldur 10 hylki K\u00f3lumb\u00eda er vel \u00feekkt fyrir framlei\u00f0slu s\u00edna \u00e1 bestu og f\u00ednustu Arabica baunum. N\u00e6ringarr\u00edkur jar\u00f0vegur og loftslag Andesfjallanna r\u00e6ktar ferskt og brag\u00f0r\u00edkt Lungo. Single Origin Colombia er au\u00f0\u00feekkjanleg \u00e1 \u00feykku brag\u00f0i me\u00f0 dass af hnetukeim, eins og hef\u00f0in er.&nbsp;Passar \u00ed&nbsp; allar Original Line Nespresso v\u00e9lar.<\/p>","protected":false},"featured_media":7375,"comment_status":"closed","ping_status":"closed","template":"","meta":{"_acf_changed":false},"product_brand":[],"product_cat":[161],"product_tag":[],"class_list":{"0":"post-6492","1":"product","2":"type-product","3":"status-publish","4":"has-post-thumbnail","6":"product_cat-nespresso","8":"first","9":"instock","10":"taxable","11":"shipping-taxable","12":"purchasable","13":"product-type-simple"},"acf":[],"jetpack_sharing_enabled":true,"_links":{"self":[{"href":"https:\/\/kallik.is\/en\/wp-json\/wp\/v2\/product\/6492","targetHints":{"allow":["GET"]}}],"collection":[{"href":"https:\/\/kallik.is\/en\/wp-json\/wp\/v2\/product"}],"about":[{"href":"https:\/\/kallik.is\/en\/wp-json\/wp\/v2\/types\/product"}],"replies":[{"embeddable":true,"href":"https:\/\/kallik.is\/en\/wp-json\/wp\/v2\/comments?post=6492"}],"wp:featuredmedia":[{"embeddable":true,"href":"https:\/\/kallik.is\/en\/wp-json\/wp\/v2\/media\/7375"}],"wp:attachment":[{"href":"https:\/\/kallik.is\/en\/wp-json\/wp\/v2\/media?parent=6492"}],"wp:term":[{"taxonomy":"product_brand","embeddable":true,"href":"https:\/\/kallik.is\/en\/wp-json\/wp\/v2\/product_brand?post=6492"},{"taxonomy":"product_cat","embeddable":true,"href":"https:\/\/kallik.is\/en\/wp-json\/wp\/v2\/product_cat?post=6492"},{"taxonomy":"product_tag","embeddable":true,"href":"https:\/\/kallik.is\/en\/wp-json\/wp\/v2\/product_tag?post=6492"}],"curies":[{"name":"wp","href":"https:\/\/api.w.org\/{rel}","templated":true}]}}