{"id":6472,"date":"2024-02-27T09:46:39","date_gmt":"2024-02-27T09:46:39","guid":{"rendered":"https:\/\/kallik.is\/product\/real-coffee-roma-espresso-10-hylki-nespresso\/"},"modified":"2026-05-01T19:51:44","modified_gmt":"2026-05-01T19:51:44","slug":"real-coffee-roma-espresso-10-hylki-nespresso","status":"publish","type":"product","link":"https:\/\/kallik.is\/en\/product\/real-coffee-roma-espresso-10-hylki-nespresso\/","title":{"rendered":"Real Coffee Roma Espresso 10 lengjur"},"content":{"rendered":"<p>*Lengja inniheldur 10 hylki<\/p>\n<p>Espresso Roma er s\u00e9rstaklega sterkur og fylltur espresso. Roma er fullkominn til byrja daginn af krafti! Blanda af 70% Robusta- og 30% Arabica baunum. \u00b4 \u00cfessari \u00farvals Robusta bl\u00f6ndu m\u00e6tir fylltu brag\u00a8i fr\u00e1 Robusta s\u00e6tum, kryddu\u00a8um t\u00f3num fr\u00e1 Arabica. \u2026kafar brag\u00a8i\u00a8 er \u00e1valt me\u00a8 langvarandi keim af heslihnetu og r\u00edkulegu kremi.&nbsp;Passar \u00ed&nbsp;  allar Original Line Nespresso v\u00e9lar.<\/p>","protected":false},"excerpt":{"rendered":"<p>*Lengja inniheldur 10 hylki Espresso Roma er s\u00e9rstaklega sterkur og fylltur espresso. Roma er fullkominn til byrja daginn af krafti! Blanda af 70% Robusta- og 30% Arabica baunum. \u00b4 \u00cfessari \u00farvals Robusta bl\u00f6ndu m\u00e6tir fylltu brag\u00a8i fr\u00e1 Robusta s\u00e6tum, kryddu\u00a8um t\u00f3num fr\u00e1 Arabica. \u2026kafar brag\u00a8i\u00a8 er \u00e1valt me\u00a8 langvarandi keim af heslihnetu og r\u00edkulegu kremi.&nbsp;Passar [&hellip;]<\/p>\n","protected":false},"featured_media":7377,"comment_status":"closed","ping_status":"closed","template":"","meta":{"_acf_changed":false},"product_brand":[],"product_cat":[161],"product_tag":[],"class_list":{"0":"post-6472","1":"product","2":"type-product","3":"status-publish","4":"has-post-thumbnail","6":"product_cat-nespresso","8":"first","9":"instock","10":"taxable","11":"shipping-taxable","12":"purchasable","13":"product-type-simple"},"acf":[],"jetpack_sharing_enabled":true,"_links":{"self":[{"href":"https:\/\/kallik.is\/en\/wp-json\/wp\/v2\/product\/6472","targetHints":{"allow":["GET"]}}],"collection":[{"href":"https:\/\/kallik.is\/en\/wp-json\/wp\/v2\/product"}],"about":[{"href":"https:\/\/kallik.is\/en\/wp-json\/wp\/v2\/types\/product"}],"replies":[{"embeddable":true,"href":"https:\/\/kallik.is\/en\/wp-json\/wp\/v2\/comments?post=6472"}],"wp:featuredmedia":[{"embeddable":true,"href":"https:\/\/kallik.is\/en\/wp-json\/wp\/v2\/media\/7377"}],"wp:attachment":[{"href":"https:\/\/kallik.is\/en\/wp-json\/wp\/v2\/media?parent=6472"}],"wp:term":[{"taxonomy":"product_brand","embeddable":true,"href":"https:\/\/kallik.is\/en\/wp-json\/wp\/v2\/product_brand?post=6472"},{"taxonomy":"product_cat","embeddable":true,"href":"https:\/\/kallik.is\/en\/wp-json\/wp\/v2\/product_cat?post=6472"},{"taxonomy":"product_tag","embeddable":true,"href":"https:\/\/kallik.is\/en\/wp-json\/wp\/v2\/product_tag?post=6472"}],"curies":[{"name":"wp","href":"https:\/\/api.w.org\/{rel}","templated":true}]}}