{"id":6381,"date":"2024-02-16T13:54:01","date_gmt":"2024-02-16T13:54:01","guid":{"rendered":"https:\/\/kallik.is\/product\/rude-health-low-sugar-granola-6x400g\/"},"modified":"2026-04-17T11:37:32","modified_gmt":"2026-04-17T11:37:32","slug":"rude-health-low-sugar-granola-6x400g","status":"publish","type":"product","link":"https:\/\/kallik.is\/en\/product\/rude-health-low-sugar-granola-6x400g\/","title":{"rendered":"Rude Health Low Sugar Granola 6x400g"},"content":{"rendered":"<p><strong>Hafrar<\/strong> (55%), s\u00f3lbl\u00f3maol\u00eda, spelt (<strong>hveiti<\/strong>) fl\u00f6gur, <strong>byggfl\u00f6gur<\/strong>, hr\u00e1sykur, rista\u00a8ar <strong>m\u00f6ndlur<\/strong> (3%), hr\u00edsgrj\u00f3namj\u00f6l, <strong>hveiti<\/strong>, <strong>r\u00fagmj\u00f6l<\/strong>, rista\u00a8ar <strong>heslihnetur<\/strong> (1%), sj\u00e1varsalt.<\/p>","protected":false},"excerpt":{"rendered":"<p>Hafrar (55%), s\u00f3lbl\u00f3maol\u00eda, spelt (hveiti) fl\u00f6gur, byggfl\u00f6gur, hr\u00e1sykur, rista\u00a8ar m\u00f6ndlur (3%), hr\u00edsgrj\u00f3namj\u00f6l, hveiti, r\u00fagmj\u00f6l, rista\u00a8ar heslihnetur (1%), sj\u00e1varsalt.<\/p>","protected":false},"featured_media":8463,"comment_status":"closed","ping_status":"closed","template":"","meta":{"_acf_changed":false},"product_brand":[],"product_cat":[163,17],"product_tag":[],"class_list":{"0":"post-6381","1":"product","2":"type-product","3":"status-publish","4":"has-post-thumbnail","6":"product_cat-morgunkorn","7":"product_cat-vegan","9":"first","10":"instock","11":"taxable","12":"shipping-taxable","13":"purchasable","14":"product-type-simple"},"acf":[],"jetpack_sharing_enabled":true,"_links":{"self":[{"href":"https:\/\/kallik.is\/en\/wp-json\/wp\/v2\/product\/6381","targetHints":{"allow":["GET"]}}],"collection":[{"href":"https:\/\/kallik.is\/en\/wp-json\/wp\/v2\/product"}],"about":[{"href":"https:\/\/kallik.is\/en\/wp-json\/wp\/v2\/types\/product"}],"replies":[{"embeddable":true,"href":"https:\/\/kallik.is\/en\/wp-json\/wp\/v2\/comments?post=6381"}],"wp:featuredmedia":[{"embeddable":true,"href":"https:\/\/kallik.is\/en\/wp-json\/wp\/v2\/media\/8463"}],"wp:attachment":[{"href":"https:\/\/kallik.is\/en\/wp-json\/wp\/v2\/media?parent=6381"}],"wp:term":[{"taxonomy":"product_brand","embeddable":true,"href":"https:\/\/kallik.is\/en\/wp-json\/wp\/v2\/product_brand?post=6381"},{"taxonomy":"product_cat","embeddable":true,"href":"https:\/\/kallik.is\/en\/wp-json\/wp\/v2\/product_cat?post=6381"},{"taxonomy":"product_tag","embeddable":true,"href":"https:\/\/kallik.is\/en\/wp-json\/wp\/v2\/product_tag?post=6381"}],"curies":[{"name":"wp","href":"https:\/\/api.w.org\/{rel}","templated":true}]}}