{"id":6379,"date":"2024-02-16T13:53:50","date_gmt":"2024-02-16T13:53:50","guid":{"rendered":"https:\/\/kallik.is\/product\/rude-health-crunchy-almond-granola-6x400gr\/"},"modified":"2026-04-29T12:53:14","modified_gmt":"2026-04-29T12:53:14","slug":"rude-health-crunchy-almond-granola-6x400gr","status":"publish","type":"product","link":"https:\/\/kallik.is\/en\/product\/rude-health-crunchy-almond-granola-6x400gr\/","title":{"rendered":"Rude Health Crunchy Almond Granola 6x400gr"},"content":{"rendered":"<p><strong>Hafrar<\/strong> (48%), hr\u00e1sykur, <strong>spelt hveitifl\u00f6gu<\/strong>r, s\u00f3lbl\u00f3maol\u00eda, <strong>byggfl\u00f6gur<\/strong>, <strong>rista\u00a8ar m\u00f6ndlur<\/strong> (5%), hr\u00edsgrj\u00f3namj\u00f6l, <strong>bl\u00e1si\u00a8 hveiti<\/strong>, <strong>hveiti<\/strong>, <strong>r\u00fagmj\u00f6l<\/strong>.<\/p>","protected":false},"excerpt":{"rendered":"<p>Hafrar (48%), hr\u00e1sykur, spelt hveitifl\u00f6gur, s\u00f3lbl\u00f3maol\u00eda, byggfl\u00f6gur, rista\u00a8ar m\u00f6ndlur (5%), hr\u00edsgrj\u00f3namj\u00f6l, bl\u00e1si\u00a8 hveiti, hveiti, r\u00fagmj\u00f6l.<\/p>","protected":false},"featured_media":8462,"comment_status":"closed","ping_status":"closed","template":"","meta":{"_acf_changed":false},"product_brand":[],"product_cat":[163,17],"product_tag":[],"class_list":{"0":"post-6379","1":"product","2":"type-product","3":"status-publish","4":"has-post-thumbnail","6":"product_cat-morgunkorn","7":"product_cat-vegan","9":"first","10":"instock","11":"taxable","12":"shipping-taxable","13":"purchasable","14":"product-type-simple"},"acf":[],"jetpack_sharing_enabled":true,"_links":{"self":[{"href":"https:\/\/kallik.is\/en\/wp-json\/wp\/v2\/product\/6379","targetHints":{"allow":["GET"]}}],"collection":[{"href":"https:\/\/kallik.is\/en\/wp-json\/wp\/v2\/product"}],"about":[{"href":"https:\/\/kallik.is\/en\/wp-json\/wp\/v2\/types\/product"}],"replies":[{"embeddable":true,"href":"https:\/\/kallik.is\/en\/wp-json\/wp\/v2\/comments?post=6379"}],"wp:featuredmedia":[{"embeddable":true,"href":"https:\/\/kallik.is\/en\/wp-json\/wp\/v2\/media\/8462"}],"wp:attachment":[{"href":"https:\/\/kallik.is\/en\/wp-json\/wp\/v2\/media?parent=6379"}],"wp:term":[{"taxonomy":"product_brand","embeddable":true,"href":"https:\/\/kallik.is\/en\/wp-json\/wp\/v2\/product_brand?post=6379"},{"taxonomy":"product_cat","embeddable":true,"href":"https:\/\/kallik.is\/en\/wp-json\/wp\/v2\/product_cat?post=6379"},{"taxonomy":"product_tag","embeddable":true,"href":"https:\/\/kallik.is\/en\/wp-json\/wp\/v2\/product_tag?post=6379"}],"curies":[{"name":"wp","href":"https:\/\/api.w.org\/{rel}","templated":true}]}}