{"id":6377,"date":"2024-02-16T13:53:39","date_gmt":"2024-02-16T13:53:39","guid":{"rendered":"https:\/\/kallik.is\/product\/rude-health-the-ultimate-granola-6x400gr\/"},"modified":"2026-04-30T11:07:31","modified_gmt":"2026-04-30T11:07:31","slug":"rude-health-the-ultimate-granola-6x400gr","status":"publish","type":"product","link":"https:\/\/kallik.is\/en\/product\/rude-health-the-ultimate-granola-6x400gr\/","title":{"rendered":"Rude Health The Ultimate Granola 6x400gr"},"content":{"rendered":"<p><strong>Hafrar<\/strong> (40%), spelt (<strong>hveiti<\/strong>) fl\u00f6gur, s\u00f3lbl\u00f3maol\u00eda, hunang (9%), <strong>byggfl\u00f6gur<\/strong>, d\u00f6\u00a8lus\u00edr\u00f3p (4,5%), rista\u00a8ar <strong>m\u00f6ndlur<\/strong> (4%), s\u00f3lbl\u00f3mafr\u00e6 (4%), uppbl\u00e1sinn amaranth (2% ), rista\u00a8ar <strong>heslihnetur <\/strong>(2%).<\/p>","protected":false},"excerpt":{"rendered":"<p>Hafrar (40%), spelt (hveiti) fl\u00f6gur, s\u00f3lbl\u00f3maol\u00eda, hunang (9%), byggfl\u00f6gur, d\u00f6\u00a8lus\u00edr\u00f3p (4,5%), rista\u00a8ar m\u00f6ndlur (4%), s\u00f3lbl\u00f3mafr\u00e6 (4%), uppbl\u00e1sinn amaranth (2% ), rista\u00a8ar heslihnetur (2%).<\/p>","protected":false},"featured_media":8461,"comment_status":"closed","ping_status":"closed","template":"","meta":{"_acf_changed":false},"product_brand":[],"product_cat":[163,17],"product_tag":[],"class_list":{"0":"post-6377","1":"product","2":"type-product","3":"status-publish","4":"has-post-thumbnail","6":"product_cat-morgunkorn","7":"product_cat-vegan","9":"first","10":"instock","11":"taxable","12":"shipping-taxable","13":"purchasable","14":"product-type-simple"},"acf":[],"jetpack_sharing_enabled":true,"_links":{"self":[{"href":"https:\/\/kallik.is\/en\/wp-json\/wp\/v2\/product\/6377","targetHints":{"allow":["GET"]}}],"collection":[{"href":"https:\/\/kallik.is\/en\/wp-json\/wp\/v2\/product"}],"about":[{"href":"https:\/\/kallik.is\/en\/wp-json\/wp\/v2\/types\/product"}],"replies":[{"embeddable":true,"href":"https:\/\/kallik.is\/en\/wp-json\/wp\/v2\/comments?post=6377"}],"wp:featuredmedia":[{"embeddable":true,"href":"https:\/\/kallik.is\/en\/wp-json\/wp\/v2\/media\/8461"}],"wp:attachment":[{"href":"https:\/\/kallik.is\/en\/wp-json\/wp\/v2\/media?parent=6377"}],"wp:term":[{"taxonomy":"product_brand","embeddable":true,"href":"https:\/\/kallik.is\/en\/wp-json\/wp\/v2\/product_brand?post=6377"},{"taxonomy":"product_cat","embeddable":true,"href":"https:\/\/kallik.is\/en\/wp-json\/wp\/v2\/product_cat?post=6377"},{"taxonomy":"product_tag","embeddable":true,"href":"https:\/\/kallik.is\/en\/wp-json\/wp\/v2\/product_tag?post=6377"}],"curies":[{"name":"wp","href":"https:\/\/api.w.org\/{rel}","templated":true}]}}