{"id":41887,"date":"2026-04-17T12:16:01","date_gmt":"2026-04-17T12:16:01","guid":{"rendered":"https:\/\/kallik.is\/product\/fria-sukkuladi-muffins-8x240g-4-stk-i-pk\/"},"modified":"2026-04-22T09:36:47","modified_gmt":"2026-04-22T09:36:47","slug":"fria-sukkuladi-muffins-8x240g-4-stk-i-pk","status":"publish","type":"product","link":"https:\/\/kallik.is\/en\/product\/fria-sukkuladi-muffins-8x240g-4-stk-i-pk\/","title":{"rendered":"Fria S\u00fakkula\u00f0i Muffins 8x240g 4 stk \u00ed pk"},"content":{"rendered":"","protected":false},"excerpt":{"rendered":"","protected":false},"featured_media":41886,"comment_status":"closed","ping_status":"closed","template":"","meta":{"_acf_changed":false},"product_brand":[],"product_cat":[173],"product_tag":[],"class_list":{"0":"post-41887","1":"product","2":"type-product","3":"status-publish","4":"has-post-thumbnail","6":"product_cat-glutenlaust","8":"first","9":"instock","10":"taxable","11":"shipping-taxable","12":"purchasable","13":"product-type-simple"},"acf":[],"jetpack_sharing_enabled":true,"_links":{"self":[{"href":"https:\/\/kallik.is\/en\/wp-json\/wp\/v2\/product\/41887","targetHints":{"allow":["GET"]}}],"collection":[{"href":"https:\/\/kallik.is\/en\/wp-json\/wp\/v2\/product"}],"about":[{"href":"https:\/\/kallik.is\/en\/wp-json\/wp\/v2\/types\/product"}],"replies":[{"embeddable":true,"href":"https:\/\/kallik.is\/en\/wp-json\/wp\/v2\/comments?post=41887"}],"wp:featuredmedia":[{"embeddable":true,"href":"https:\/\/kallik.is\/en\/wp-json\/wp\/v2\/media\/41886"}],"wp:attachment":[{"href":"https:\/\/kallik.is\/en\/wp-json\/wp\/v2\/media?parent=41887"}],"wp:term":[{"taxonomy":"product_brand","embeddable":true,"href":"https:\/\/kallik.is\/en\/wp-json\/wp\/v2\/product_brand?post=41887"},{"taxonomy":"product_cat","embeddable":true,"href":"https:\/\/kallik.is\/en\/wp-json\/wp\/v2\/product_cat?post=41887"},{"taxonomy":"product_tag","embeddable":true,"href":"https:\/\/kallik.is\/en\/wp-json\/wp\/v2\/product_tag?post=41887"}],"curies":[{"name":"wp","href":"https:\/\/api.w.org\/{rel}","templated":true}]}}