{"id":41736,"date":"2026-02-10T14:59:02","date_gmt":"2026-02-10T14:59:02","guid":{"rendered":"https:\/\/kallik.is\/product\/cirio-hakkad-m-hvitl-16x390gr\/"},"modified":"2026-03-30T10:49:17","modified_gmt":"2026-03-30T10:49:17","slug":"cirio-hakkad-m-hvitl-16x390gr","status":"publish","type":"product","link":"https:\/\/kallik.is\/en\/product\/cirio-hakkad-m-hvitl-16x390gr\/","title":{"rendered":"CIRIO hakka\u00f0 m\/hv\u00edtl 16x390gr"},"content":{"rendered":"<p>Saxa\u00a8ir t\u00f3matar 65%, laukur 7%, t\u00f3matsafi, s\u00d5rustillir: s\u00edtr\u00f3nus\u00d5ra<\/p>","protected":false},"excerpt":{"rendered":"<p>Saxa\u00a8ir t\u00f3matar 65%, laukur 7%, t\u00f3matsafi, s\u00d5rustillir: s\u00edtr\u00f3nus\u00d5ra<\/p>","protected":false},"featured_media":6975,"comment_status":"closed","ping_status":"closed","template":"","meta":{"_acf_changed":false},"product_brand":[],"product_cat":[78],"product_tag":[],"class_list":{"0":"post-41736","1":"product","2":"type-product","3":"status-publish","4":"has-post-thumbnail","6":"product_cat-tomatvorur","8":"first","9":"instock","10":"taxable","11":"shipping-taxable","12":"purchasable","13":"product-type-simple"},"acf":[],"jetpack_sharing_enabled":true,"_links":{"self":[{"href":"https:\/\/kallik.is\/en\/wp-json\/wp\/v2\/product\/41736","targetHints":{"allow":["GET"]}}],"collection":[{"href":"https:\/\/kallik.is\/en\/wp-json\/wp\/v2\/product"}],"about":[{"href":"https:\/\/kallik.is\/en\/wp-json\/wp\/v2\/types\/product"}],"replies":[{"embeddable":true,"href":"https:\/\/kallik.is\/en\/wp-json\/wp\/v2\/comments?post=41736"}],"wp:featuredmedia":[{"embeddable":true,"href":"https:\/\/kallik.is\/en\/wp-json\/wp\/v2\/media\/6975"}],"wp:attachment":[{"href":"https:\/\/kallik.is\/en\/wp-json\/wp\/v2\/media?parent=41736"}],"wp:term":[{"taxonomy":"product_brand","embeddable":true,"href":"https:\/\/kallik.is\/en\/wp-json\/wp\/v2\/product_brand?post=41736"},{"taxonomy":"product_cat","embeddable":true,"href":"https:\/\/kallik.is\/en\/wp-json\/wp\/v2\/product_cat?post=41736"},{"taxonomy":"product_tag","embeddable":true,"href":"https:\/\/kallik.is\/en\/wp-json\/wp\/v2\/product_tag?post=41736"}],"curies":[{"name":"wp","href":"https:\/\/api.w.org\/{rel}","templated":true}]}}