{"id":39795,"date":"2025-05-09T08:34:46","date_gmt":"2025-05-09T08:34:46","guid":{"rendered":"https:\/\/kallik.is\/product\/kiviks-limonadi-jardaberja-myntu-27512stk\/"},"modified":"2026-04-30T14:55:40","modified_gmt":"2026-04-30T14:55:40","slug":"kiviks-limonadi-jardaberja-myntu-27512stk","status":"publish","type":"product","link":"https:\/\/kallik.is\/en\/product\/kiviks-limonadi-jardaberja-myntu-27512stk\/","title":{"rendered":"Kiviks L\u00edmona\u00f0i Jar\u00f0aberja &amp; Myntu 12 x 275ml"},"content":{"rendered":"","protected":false},"excerpt":{"rendered":"","protected":false},"featured_media":39794,"comment_status":"closed","ping_status":"closed","template":"","meta":{"_acf_changed":false},"product_brand":[],"product_cat":[71],"product_tag":[],"class_list":{"0":"post-39795","1":"product","2":"type-product","3":"status-publish","4":"has-post-thumbnail","6":"product_cat-gosorkudrykkir","8":"first","9":"instock","10":"taxable","11":"shipping-taxable","12":"purchasable","13":"product-type-simple"},"acf":[],"jetpack_sharing_enabled":true,"_links":{"self":[{"href":"https:\/\/kallik.is\/en\/wp-json\/wp\/v2\/product\/39795","targetHints":{"allow":["GET"]}}],"collection":[{"href":"https:\/\/kallik.is\/en\/wp-json\/wp\/v2\/product"}],"about":[{"href":"https:\/\/kallik.is\/en\/wp-json\/wp\/v2\/types\/product"}],"replies":[{"embeddable":true,"href":"https:\/\/kallik.is\/en\/wp-json\/wp\/v2\/comments?post=39795"}],"wp:featuredmedia":[{"embeddable":true,"href":"https:\/\/kallik.is\/en\/wp-json\/wp\/v2\/media\/39794"}],"wp:attachment":[{"href":"https:\/\/kallik.is\/en\/wp-json\/wp\/v2\/media?parent=39795"}],"wp:term":[{"taxonomy":"product_brand","embeddable":true,"href":"https:\/\/kallik.is\/en\/wp-json\/wp\/v2\/product_brand?post=39795"},{"taxonomy":"product_cat","embeddable":true,"href":"https:\/\/kallik.is\/en\/wp-json\/wp\/v2\/product_cat?post=39795"},{"taxonomy":"product_tag","embeddable":true,"href":"https:\/\/kallik.is\/en\/wp-json\/wp\/v2\/product_tag?post=39795"}],"curies":[{"name":"wp","href":"https:\/\/api.w.org\/{rel}","templated":true}]}}