{"id":2896,"date":"2024-01-04T11:44:32","date_gmt":"2024-01-04T11:44:32","guid":{"rendered":"https:\/\/kallik.webdev.is\/product\/valsoia-kakoheslihnetu-is-6x400g-v\/"},"modified":"2026-02-10T14:05:01","modified_gmt":"2026-02-10T14:05:01","slug":"valsoia-kakoheslihnetu-is-6x400g-v","status":"publish","type":"product","link":"https:\/\/kallik.is\/en\/product\/valsoia-kakoheslihnetu-is-6x400g-v\/","title":{"rendered":"Valsioa Cacao &amp; hazelnut cashew 400g vegan"},"content":{"rendered":"<p>Cashew-drykkur (52%) (vatn, cashew-mauk (1%)), heslihnetu- og kak\u00f3rj\u00f3mi (20%) (sykur, s\u00f3lbl\u00f3maol\u00eda, heslihnetur (14%), fituskert kak\u00f3duft (11%), in\u00fal\u00edn, \u00d5ruefni: s\u00f3lbl\u00f3malesit\u00edn, brag\u00a8efni), s\u00fakr\u00f3si, k\u00f3kosol\u00eda, gl\u00fak\u00f3sas\u00edr\u00f3p, malt\u00f3dextr\u00edn, dextr\u00f3si, \u00d5ruefni: ein- og tv\u00edgl\u00d5ser\u00ed\u00a8 af fitus\u00d5rum, pr\u00f3pan-1,2-d\u00ed\u00f3l esterar af fitus\u00d5rum; sveifluj\u00f6fnunarefni: engisprettur, g\u00faarg\u00famm\u00ed, karragenan; ertupr\u00f3tein, n\u00e1tt\u00faruleg brag\u00a8efni, sj\u00e1varsalt, B12 v\u00edtam\u00edn. Getur innihaldi\u00a8 snefil af sojabaunum og \u00f6\u00a8rum hnetum.<\/p>","protected":false},"excerpt":{"rendered":"<p>Cashew-drykkur (52%) (vatn, cashew-mauk (1%)), heslihnetu- og kak\u00f3rj\u00f3mi (20%) (sykur, s\u00f3lbl\u00f3maol\u00eda, heslihnetur (14%), fituskert kak\u00f3duft (11%), in\u00fal\u00edn, \u00d5ruefni: s\u00f3lbl\u00f3malesit\u00edn, brag\u00a8efni), s\u00fakr\u00f3si, k\u00f3kosol\u00eda, gl\u00fak\u00f3sas\u00edr\u00f3p, malt\u00f3dextr\u00edn, dextr\u00f3si, \u00d5ruefni: ein- og tv\u00edgl\u00d5ser\u00ed\u00a8 af fitus\u00d5rum, pr\u00f3pan-1,2-d\u00ed\u00f3l esterar af fitus\u00d5rum; sveifluj\u00f6fnunarefni: engisprettur, g\u00faarg\u00famm\u00ed, karragenan; ertupr\u00f3tein, n\u00e1tt\u00faruleg brag\u00a8efni, sj\u00e1varsalt, B12 v\u00edtam\u00edn. Getur innihaldi\u00a8 snefil af sojabaunum og \u00f6\u00a8rum hnetum.<\/p>","protected":false},"featured_media":6948,"comment_status":"closed","ping_status":"closed","template":"","meta":{"_acf_changed":false},"product_brand":[],"product_cat":[76,17],"product_tag":[],"class_list":{"0":"post-2896","1":"product","2":"type-product","3":"status-publish","4":"has-post-thumbnail","6":"product_cat-is","7":"product_cat-vegan","9":"first","10":"instock","11":"taxable","12":"shipping-taxable","13":"purchasable","14":"product-type-simple"},"acf":[],"jetpack_sharing_enabled":true,"_links":{"self":[{"href":"https:\/\/kallik.is\/en\/wp-json\/wp\/v2\/product\/2896","targetHints":{"allow":["GET"]}}],"collection":[{"href":"https:\/\/kallik.is\/en\/wp-json\/wp\/v2\/product"}],"about":[{"href":"https:\/\/kallik.is\/en\/wp-json\/wp\/v2\/types\/product"}],"replies":[{"embeddable":true,"href":"https:\/\/kallik.is\/en\/wp-json\/wp\/v2\/comments?post=2896"}],"wp:featuredmedia":[{"embeddable":true,"href":"https:\/\/kallik.is\/en\/wp-json\/wp\/v2\/media\/6948"}],"wp:attachment":[{"href":"https:\/\/kallik.is\/en\/wp-json\/wp\/v2\/media?parent=2896"}],"wp:term":[{"taxonomy":"product_brand","embeddable":true,"href":"https:\/\/kallik.is\/en\/wp-json\/wp\/v2\/product_brand?post=2896"},{"taxonomy":"product_cat","embeddable":true,"href":"https:\/\/kallik.is\/en\/wp-json\/wp\/v2\/product_cat?post=2896"},{"taxonomy":"product_tag","embeddable":true,"href":"https:\/\/kallik.is\/en\/wp-json\/wp\/v2\/product_tag?post=2896"}],"curies":[{"name":"wp","href":"https:\/\/api.w.org\/{rel}","templated":true}]}}