{"id":2895,"date":"2024-01-04T11:44:30","date_gmt":"2024-01-04T11:44:30","guid":{"rendered":"https:\/\/kallik.webdev.is\/product\/valsoia-kirsuberja-is-6x500g-v\/"},"modified":"2026-03-25T09:29:47","modified_gmt":"2026-03-25T09:29:47","slug":"valsoia-kirsuberja-is-6x500g-v","status":"publish","type":"product","link":"https:\/\/kallik.is\/en\/product\/valsoia-kirsuberja-is-6x500g-v\/","title":{"rendered":"Valsoia Kirsuberja \u00eds 6x500g V"},"content":{"rendered":"<p>Soja\u00cfykkni (56%) (vatn, sojabaunir (8,2%), sj\u00e1varsalt), sykur, gl\u00fak\u00f3sas\u00edr\u00f3p, dextr\u00f3si, k\u00f3kosol\u00eda, bl\u00f6ndu\u00a8 svartkirsuberjasafi (1,5%), \u00d5ruefni: ein- og tv\u00edgl\u00d5ser\u00ed\u00a8 fitus\u00d5ra, s\u00fakr\u00f3si Estrar af fitus\u00d5rum, st\u00f6\u00a8ugleikaefni: Natr\u00edumalg\u00ednat, Locust Bean Gum, Guar Gum, Pekt\u00edn, Litur: Rau\u00a8r\u00f3fur, Brag\u00a8efni, S\u00d5rustillir: S\u00edtr\u00f3nus\u00d5ra, B12 v\u00edtam\u00edn<\/p>","protected":false},"excerpt":{"rendered":"<p>Soja\u00cfykkni (56%) (vatn, sojabaunir (8,2%), sj\u00e1varsalt), sykur, gl\u00fak\u00f3sas\u00edr\u00f3p, dextr\u00f3si, k\u00f3kosol\u00eda, bl\u00f6ndu\u00a8 svartkirsuberjasafi (1,5%), \u00d5ruefni: ein- og tv\u00edgl\u00d5ser\u00ed\u00a8 fitus\u00d5ra, s\u00fakr\u00f3si Estrar af fitus\u00d5rum, st\u00f6\u00a8ugleikaefni: Natr\u00edumalg\u00ednat, Locust Bean Gum, Guar Gum, Pekt\u00edn, Litur: Rau\u00a8r\u00f3fur, Brag\u00a8efni, S\u00d5rustillir: S\u00edtr\u00f3nus\u00d5ra, B12 v\u00edtam\u00edn<\/p>","protected":false},"featured_media":6947,"comment_status":"closed","ping_status":"closed","template":"","meta":{"_acf_changed":false},"product_brand":[],"product_cat":[76,17],"product_tag":[],"class_list":{"0":"post-2895","1":"product","2":"type-product","3":"status-publish","4":"has-post-thumbnail","6":"product_cat-is","7":"product_cat-vegan","9":"first","10":"instock","11":"taxable","12":"shipping-taxable","13":"purchasable","14":"product-type-simple"},"acf":[],"jetpack_sharing_enabled":true,"_links":{"self":[{"href":"https:\/\/kallik.is\/en\/wp-json\/wp\/v2\/product\/2895","targetHints":{"allow":["GET"]}}],"collection":[{"href":"https:\/\/kallik.is\/en\/wp-json\/wp\/v2\/product"}],"about":[{"href":"https:\/\/kallik.is\/en\/wp-json\/wp\/v2\/types\/product"}],"replies":[{"embeddable":true,"href":"https:\/\/kallik.is\/en\/wp-json\/wp\/v2\/comments?post=2895"}],"wp:featuredmedia":[{"embeddable":true,"href":"https:\/\/kallik.is\/en\/wp-json\/wp\/v2\/media\/6947"}],"wp:attachment":[{"href":"https:\/\/kallik.is\/en\/wp-json\/wp\/v2\/media?parent=2895"}],"wp:term":[{"taxonomy":"product_brand","embeddable":true,"href":"https:\/\/kallik.is\/en\/wp-json\/wp\/v2\/product_brand?post=2895"},{"taxonomy":"product_cat","embeddable":true,"href":"https:\/\/kallik.is\/en\/wp-json\/wp\/v2\/product_cat?post=2895"},{"taxonomy":"product_tag","embeddable":true,"href":"https:\/\/kallik.is\/en\/wp-json\/wp\/v2\/product_tag?post=2895"}],"curies":[{"name":"wp","href":"https:\/\/api.w.org\/{rel}","templated":true}]}}