{"id":2892,"date":"2024-01-04T11:44:20","date_gmt":"2024-01-04T11:44:20","guid":{"rendered":"https:\/\/kallik.webdev.is\/product\/valsoia-pistasiu-ispinnar-6x200g-v\/"},"modified":"2026-04-28T10:16:44","modified_gmt":"2026-04-28T10:16:44","slug":"valsoia-pistasiu-ispinnar-6x200g-v","status":"publish","type":"product","link":"https:\/\/kallik.is\/en\/product\/valsoia-pistasiu-ispinnar-6x200g-v\/","title":{"rendered":"Valsoia Pistas\u00edu \u00edspinnar 6x320ml V"},"content":{"rendered":"<p>Cashew-drykkur (34%) (vatn, cashew-mauk (0,3%)), s\u00fakkula\u00a8i (26%) (kak\u00f3massi, sykur, kak\u00f3smj\u00f6r, \u00d5ruefni: sojalesit\u00edn, n\u00e1tt\u00farulegt vanillubrag\u00a8efni), k\u00f3kosol\u00eda, sykur, pistas\u00edukrem (5%) (sykur, s\u00f3lbl\u00f3maol\u00eda, pistas\u00eduhnetur (12%), s\u00edk\u00f3r\u00edutrefjar, k\u00f3kosol\u00eda, \u00d5ruefni: s\u00f3lbl\u00f3malesit\u00edn, salt, litur: bla\u00a8gr\u00e6na, brag\u00a8efni), gl\u00fak\u00f3sas\u00edr\u00f3p, blanda\u00a8ar rista\u00a8ar kasj\u00fahnetur og pistas\u00eduhnetur (4%), pistas\u00eduhnetur mauk (2,3%), malt\u00f3dextr\u00edn, ertupr\u00f3tein, dextr\u00f3si, litarefni: venjuleg karamella, koparfl\u00e9ttur af kl\u00f3r\u00f3fyll\u00ednum, \u00d5ruefni: ein- og tv\u00edgl\u00d5ser\u00ed\u00a8 fitus\u00d5ra, sveifluj\u00f6fnunarefni: engisprettur, g\u00faarg\u00famm\u00ed, natr\u00edumalg\u00ednat, brag\u00a8efni, sj\u00e1varsalt. Getur innihaldi\u00a8 a\u00a8rar hnetur og anna\u00a8 korn sem inniheldur gl\u00faten.<\/p>","protected":false},"excerpt":{"rendered":"<p>Cashew-drykkur (34%) (vatn, cashew-mauk (0,3%)), s\u00fakkula\u00a8i (26%) (kak\u00f3massi, sykur, kak\u00f3smj\u00f6r, \u00d5ruefni: sojalesit\u00edn, n\u00e1tt\u00farulegt vanillubrag\u00a8efni), k\u00f3kosol\u00eda, sykur, pistas\u00edukrem (5%) (sykur, s\u00f3lbl\u00f3maol\u00eda, pistas\u00eduhnetur (12%), s\u00edk\u00f3r\u00edutrefjar, k\u00f3kosol\u00eda, \u00d5ruefni: s\u00f3lbl\u00f3malesit\u00edn, salt, litur: bla\u00a8gr\u00e6na, brag\u00a8efni), gl\u00fak\u00f3sas\u00edr\u00f3p, blanda\u00a8ar rista\u00a8ar kasj\u00fahnetur og pistas\u00eduhnetur (4%), pistas\u00eduhnetur mauk (2,3%), malt\u00f3dextr\u00edn, ertupr\u00f3tein, dextr\u00f3si, litarefni: venjuleg karamella, koparfl\u00e9ttur af kl\u00f3r\u00f3fyll\u00ednum, \u00d5ruefni: ein- og tv\u00edgl\u00d5ser\u00ed\u00a8 fitus\u00d5ra, sveifluj\u00f6fnunarefni: [&hellip;]<\/p>\n","protected":false},"featured_media":6944,"comment_status":"closed","ping_status":"closed","template":"","meta":{"_acf_changed":false},"product_brand":[],"product_cat":[76,17],"product_tag":[],"class_list":{"0":"post-2892","1":"product","2":"type-product","3":"status-publish","4":"has-post-thumbnail","6":"product_cat-is","7":"product_cat-vegan","9":"first","10":"instock","11":"taxable","12":"shipping-taxable","13":"purchasable","14":"product-type-simple"},"acf":[],"jetpack_sharing_enabled":true,"_links":{"self":[{"href":"https:\/\/kallik.is\/en\/wp-json\/wp\/v2\/product\/2892","targetHints":{"allow":["GET"]}}],"collection":[{"href":"https:\/\/kallik.is\/en\/wp-json\/wp\/v2\/product"}],"about":[{"href":"https:\/\/kallik.is\/en\/wp-json\/wp\/v2\/types\/product"}],"replies":[{"embeddable":true,"href":"https:\/\/kallik.is\/en\/wp-json\/wp\/v2\/comments?post=2892"}],"wp:featuredmedia":[{"embeddable":true,"href":"https:\/\/kallik.is\/en\/wp-json\/wp\/v2\/media\/6944"}],"wp:attachment":[{"href":"https:\/\/kallik.is\/en\/wp-json\/wp\/v2\/media?parent=2892"}],"wp:term":[{"taxonomy":"product_brand","embeddable":true,"href":"https:\/\/kallik.is\/en\/wp-json\/wp\/v2\/product_brand?post=2892"},{"taxonomy":"product_cat","embeddable":true,"href":"https:\/\/kallik.is\/en\/wp-json\/wp\/v2\/product_cat?post=2892"},{"taxonomy":"product_tag","embeddable":true,"href":"https:\/\/kallik.is\/en\/wp-json\/wp\/v2\/product_tag?post=2892"}],"curies":[{"name":"wp","href":"https:\/\/api.w.org\/{rel}","templated":true}]}}