{"id":2891,"date":"2024-01-04T11:44:17","date_gmt":"2024-01-04T11:44:17","guid":{"rendered":"https:\/\/kallik.webdev.is\/product\/valsoia-sukkuladi-ispinnar-soja-10x250g-v\/"},"modified":"2026-04-21T09:51:01","modified_gmt":"2026-04-21T09:51:01","slug":"valsoia-sukkuladi-ispinnar-soja-10x250g-v","status":"publish","type":"product","link":"https:\/\/kallik.is\/en\/product\/valsoia-sukkuladi-ispinnar-soja-10x250g-v\/","title":{"rendered":"Valsoia S\u00fakkula\u00f0i \u00edspinnar soja  10x360ml V"},"content":{"rendered":"<p>Soja\u00cfykkni (48%) (vatn, sojabaunir (8,2%), sj\u00e1varsalt), s\u00fakkula\u00a8i (23%) (kak\u00f3massi, sykur, kak\u00f3smj\u00f6r, \u00d5ruefni: sojalesit\u00edn, n\u00e1tt\u00farulegt vanillubrag\u00a8efni), k\u00f3kosol\u00eda, sykur, gl\u00fak\u00f3sas\u00edr\u00f3p , \u00d5ruefni: m\u00f3n\u00f3- og tv\u00edgl\u00d5ser\u00ed\u00a8 af fitus\u00d5rum \u009d esterar af s\u00fakr\u00f3sa af fitus\u00d5rum, sveifluj\u00f6fnunarefni: natr\u00edumalg\u00ednat- engisprettubaunag\u00famm\u00ed- g\u00faarg\u00famm\u00ed, brag\u00a8efni, B12 v\u00edtam\u00edn.<\/p>","protected":false},"excerpt":{"rendered":"<p>Soja\u00cfykkni (48%) (vatn, sojabaunir (8,2%), sj\u00e1varsalt), s\u00fakkula\u00a8i (23%) (kak\u00f3massi, sykur, kak\u00f3smj\u00f6r, \u00d5ruefni: sojalesit\u00edn, n\u00e1tt\u00farulegt vanillubrag\u00a8efni), k\u00f3kosol\u00eda, sykur, gl\u00fak\u00f3sas\u00edr\u00f3p , \u00d5ruefni: m\u00f3n\u00f3- og tv\u00edgl\u00d5ser\u00ed\u00a8 af fitus\u00d5rum \u009d esterar af s\u00fakr\u00f3sa af fitus\u00d5rum, sveifluj\u00f6fnunarefni: natr\u00edumalg\u00ednat- engisprettubaunag\u00famm\u00ed- g\u00faarg\u00famm\u00ed, brag\u00a8efni, B12 v\u00edtam\u00edn.<\/p>","protected":false},"featured_media":6943,"comment_status":"closed","ping_status":"closed","template":"","meta":{"_acf_changed":false},"product_brand":[],"product_cat":[17],"product_tag":[],"class_list":{"0":"post-2891","1":"product","2":"type-product","3":"status-publish","4":"has-post-thumbnail","6":"product_cat-vegan","8":"first","9":"instock","10":"taxable","11":"shipping-taxable","12":"purchasable","13":"product-type-simple"},"acf":[],"jetpack_sharing_enabled":true,"_links":{"self":[{"href":"https:\/\/kallik.is\/en\/wp-json\/wp\/v2\/product\/2891","targetHints":{"allow":["GET"]}}],"collection":[{"href":"https:\/\/kallik.is\/en\/wp-json\/wp\/v2\/product"}],"about":[{"href":"https:\/\/kallik.is\/en\/wp-json\/wp\/v2\/types\/product"}],"replies":[{"embeddable":true,"href":"https:\/\/kallik.is\/en\/wp-json\/wp\/v2\/comments?post=2891"}],"wp:featuredmedia":[{"embeddable":true,"href":"https:\/\/kallik.is\/en\/wp-json\/wp\/v2\/media\/6943"}],"wp:attachment":[{"href":"https:\/\/kallik.is\/en\/wp-json\/wp\/v2\/media?parent=2891"}],"wp:term":[{"taxonomy":"product_brand","embeddable":true,"href":"https:\/\/kallik.is\/en\/wp-json\/wp\/v2\/product_brand?post=2891"},{"taxonomy":"product_cat","embeddable":true,"href":"https:\/\/kallik.is\/en\/wp-json\/wp\/v2\/product_cat?post=2891"},{"taxonomy":"product_tag","embeddable":true,"href":"https:\/\/kallik.is\/en\/wp-json\/wp\/v2\/product_tag?post=2891"}],"curies":[{"name":"wp","href":"https:\/\/api.w.org\/{rel}","templated":true}]}}